{"id":11597,"date":"2024-03-18T18:08:38","date_gmt":"2024-03-18T17:08:38","guid":{"rendered":"https:\/\/juventudparacristo.net\/portal\/?page_id=11597"},"modified":"2025-09-22T20:51:46","modified_gmt":"2025-09-22T18:51:46","slug":"campasverano2024","status":"publish","type":"page","link":"https:\/\/juventudparacristo.net\/portal\/cat\/campasverano2024\/","title":{"rendered":"Campas de verano 2024"},"content":{"rendered":"<div data-elementor-type=\"wp-page\" data-elementor-id=\"11597\" class=\"elementor elementor-11597\">\n\t\t\t\t\t\t<section class=\"elementor-section elementor-top-section elementor-element elementor-element-b02a9b1 elementor-section-boxed elementor-section-height-default elementor-section-height-default\" data-id=\"b02a9b1\" data-element_type=\"section\" data-e-type=\"section\">\n\t\t\t\t\t\t<div class=\"elementor-container elementor-column-gap-default\">\n\t\t\t\t\t<div class=\"elementor-column elementor-col-100 elementor-top-column elementor-element elementor-element-cca55f1\" data-id=\"cca55f1\" data-element_type=\"column\" data-e-type=\"column\">\n\t\t\t<div class=\"elementor-widget-wrap elementor-element-populated\">\n\t\t\t\t\t\t<div class=\"elementor-element elementor-element-68c375b elementor-widget elementor-widget-heading\" data-id=\"68c375b\" data-element_type=\"widget\" data-e-type=\"widget\" data-widget_type=\"heading.default\">\n\t\t\t\t<div class=\"elementor-widget-container\">\n\t\t\t\t\t<h2 class=\"elementor-heading-title elementor-size-default\">Campamentos de Verano 2024<\/h2>\t\t\t\t<\/div>\n\t\t\t\t<\/div>\n\t\t\t\t\t<\/div>\n\t\t<\/div>\n\t\t\t\t\t<\/div>\n\t\t<\/section>\n\t\t\t\t<section class=\"elementor-section elementor-top-section elementor-element elementor-element-620dc32 elementor-section-full_width elementor-section-stretched elementor-section-height-default elementor-section-height-default\" data-id=\"620dc32\" data-element_type=\"section\" data-e-type=\"section\" data-settings=\"{&quot;stretch_section&quot;:&quot;section-stretched&quot;}\">\n\t\t\t\t\t\t<div class=\"elementor-container elementor-column-gap-default\">\n\t\t\t\t\t<div class=\"elementor-column elementor-col-100 elementor-top-column elementor-element elementor-element-1f90c30\" data-id=\"1f90c30\" data-element_type=\"column\" data-e-type=\"column\">\n\t\t\t<div class=\"elementor-widget-wrap\">\n\t\t\t\t\t\t\t<\/div>\n\t\t<\/div>\n\t\t\t\t\t<\/div>\n\t\t<\/section>\n\t\t\t\t<section class=\"elementor-section elementor-top-section elementor-element elementor-element-932b43d elementor-section-full_width elementor-section-height-default elementor-section-height-default\" data-id=\"932b43d\" data-element_type=\"section\" data-e-type=\"section\">\n\t\t\t\t\t\t<div class=\"elementor-container elementor-column-gap-wide\">\n\t\t\t\t\t<div class=\"elementor-column elementor-col-100 elementor-top-column elementor-element elementor-element-570ede9\" data-id=\"570ede9\" data-element_type=\"column\" data-e-type=\"column\">\n\t\t\t<div class=\"elementor-widget-wrap elementor-element-populated\">\n\t\t\t\t\t\t<div class=\"elementor-element elementor-element-b8bd1ec elementor-position-left elementor-vertical-align-middle elementor-widget elementor-widget-image-box\" data-id=\"b8bd1ec\" data-element_type=\"widget\" data-e-type=\"widget\" data-widget_type=\"image-box.default\">\n\t\t\t\t<div class=\"elementor-widget-container\">\n\t\t\t\t\t<div class=\"elementor-image-box-wrapper\"><figure class=\"elementor-image-box-img\"><a href=\"https:\/\/juventudparacristo.net\/portal\/cat\/retirounviajeinesperado\/\" tabindex=\"-1\"><img data-recalc-dims=\"1\" decoding=\"async\" src=\"https:\/\/i0.wp.com\/juventudparacristo.net\/portal\/wp-content\/uploads\/2024\/05\/Sin-titulo-Post-de-Instagram.png?w=1200&#038;ssl=1\" title=\"\" alt=\"\" loading=\"lazy\" \/><\/a><\/figure><div class=\"elementor-image-box-content\"><h2 class=\"elementor-image-box-title\"><a href=\"https:\/\/juventudparacristo.net\/portal\/cat\/retirounviajeinesperado\/\">Retiro 18 a 26 a\u00f1os del 21 al 23 de Junio<\/a><\/h2><p class=\"elementor-image-box-description\">Desde el Antiguo Testamento hasta el Nuevo la misi\u00f3n es clara, y  es la misma. Dicha aventura est\u00e1 llena de retos y aventuras, buenos y malos momentos pero que el objetivo que se persigue es digno y vale la pena\n\n \u00bfYa sabes de lo que hablamos?\nVen y conoce m\u00e1s j\u00f3venes como tu, comparte y escucha lo que Dios est\u00e1 haciendo en tu generaci\u00f3n y ver\u00e1s como tu fe crece en comunidad.\n.<span style=\"font-weight: 700\">(Haz click sobre la imagen para saber m\u00e1s)<\/span><\/p><\/div><\/div>\t\t\t\t<\/div>\n\t\t\t\t<\/div>\n\t\t\t\t<div class=\"elementor-element elementor-element-adb2cf9 elementor-position-left elementor-vertical-align-middle elementor-widget elementor-widget-image-box\" data-id=\"adb2cf9\" data-element_type=\"widget\" data-e-type=\"widget\" data-widget_type=\"image-box.default\">\n\t\t\t\t<div class=\"elementor-widget-container\">\n\t\t\t\t\t<div class=\"elementor-image-box-wrapper\"><figure class=\"elementor-image-box-img\"><a href=\"https:\/\/juventudparacristo.net\/portal\/cat\/legadoperdido\/\" tabindex=\"-1\"><img data-recalc-dims=\"1\" decoding=\"async\" src=\"https:\/\/i0.wp.com\/juventudparacristo.net\/portal\/wp-content\/uploads\/2024\/03\/1.-En-busca-del-legado-perido-PRE-JR.png?w=1200&#038;ssl=1\" title=\"\" alt=\"\" loading=\"lazy\" \/><\/a><\/figure><div class=\"elementor-image-box-content\"><h2 class=\"elementor-image-box-title\"><a href=\"https:\/\/juventudparacristo.net\/portal\/cat\/legadoperdido\/\">Campamento Pres Jr. 5 a 11 a\u00f1os<\/a><\/h2><p class=\"elementor-image-box-description\">Acompa\u00f1a a nuestro valiente explorador Luisiana Jones en una emocionante expedici\u00f3n en busca de lo perdido, un tesoro milenario que tiene el poder de liberar el mundo de una antigua oscuridad que amenaza con extinguir la esperanza de toda la humanidad. Pero \u00a1cuidado! El infame pirata Barba Roja, junto a su tripulaci\u00f3n, har\u00e1 todo lo posible para imped\u00edrnoslo.\n.<span style=\"font-weight: 700\">(Haz click sobre la imagen para saber m\u00e1s)<\/span><\/p><\/div><\/div>\t\t\t\t<\/div>\n\t\t\t\t<\/div>\n\t\t\t\t<div class=\"elementor-element elementor-element-4e5e5d6 elementor-position-left elementor-vertical-align-middle elementor-widget elementor-widget-image-box\" data-id=\"4e5e5d6\" data-element_type=\"widget\" data-e-type=\"widget\" data-widget_type=\"image-box.default\">\n\t\t\t\t<div class=\"elementor-widget-container\">\n\t\t\t\t\t<div class=\"elementor-image-box-wrapper\"><figure class=\"elementor-image-box-img\"><a href=\"https:\/\/juventudparacristo.net\/portal\/cat\/supervivientes\/\" tabindex=\"-1\"><img data-recalc-dims=\"1\" decoding=\"async\" src=\"https:\/\/i0.wp.com\/juventudparacristo.net\/portal\/wp-content\/uploads\/2024\/03\/supervivientes-1.png?w=1200&#038;ssl=1\" title=\"\" alt=\"\" loading=\"lazy\" \/><\/a><\/figure><div class=\"elementor-image-box-content\"><h2 class=\"elementor-image-box-title\"><a href=\"https:\/\/juventudparacristo.net\/portal\/cat\/supervivientes\/\">Campamento Preadolescentes 9 a 13 a\u00f1os<\/a><\/h2><p class=\"elementor-image-box-description\">Cada vez es m\u00e1s dif\u00edcil ser un preadolescente en nuestra sociedad. Hay miles de est\u00edmulos y presi\u00f3n alrededor que nos dicen quienes somos y quienes deber\u00edamos ser. A veces no sabemos c\u00f3mo sobrevivir en un ambiente as\u00ed. Daniel viv\u00eda en una sociedad y un contexto parecido al nuestro. Las influencias de su alrededor quer\u00edan definir su identidad y poner en duda su confianza en Dios. Daniel se mantuvo firme y lleg\u00f3 a influenciar la sociedad que le rodeaba para bien y dirigirles hacia Dios. En este campamento estudiaremos el libro de Daniel para aprender sobre la relaci\u00f3n que Daniel ten\u00eda con Dios.  <span style=\"font-weight: 700\">(Haz click sobre la imagen para saber m\u00e1s) <\/span><\/p><\/div><\/div>\t\t\t\t<\/div>\n\t\t\t\t<\/div>\n\t\t\t\t<div class=\"elementor-element elementor-element-a187775 elementor-position-left elementor-vertical-align-middle elementor-widget elementor-widget-image-box\" data-id=\"a187775\" data-element_type=\"widget\" data-e-type=\"widget\" data-widget_type=\"image-box.default\">\n\t\t\t\t<div class=\"elementor-widget-container\">\n\t\t\t\t\t<div class=\"elementor-image-box-wrapper\"><figure class=\"elementor-image-box-img\"><a href=\"https:\/\/juventudparacristo.net\/portal\/cat\/raices\/\" tabindex=\"-1\"><img data-recalc-dims=\"1\" decoding=\"async\" src=\"https:\/\/i0.wp.com\/juventudparacristo.net\/portal\/wp-content\/uploads\/2024\/03\/Raices-ADOS.png?w=1200&#038;ssl=1\" title=\"\" alt=\"\" loading=\"lazy\" \/><\/a><\/figure><div class=\"elementor-image-box-content\"><h3 class=\"elementor-image-box-title\"><a href=\"https:\/\/juventudparacristo.net\/portal\/cat\/raices\/\">Campamento Adolescentes 14 A 18 a\u00f1os<\/a><\/h3><p class=\"elementor-image-box-description\">\u00bfAlguna vez te has preguntado qui\u00e9n eres realmente? \u00bfPor qu\u00e9 haces lo que haces o por qu\u00e9 ves lo que ves? En un mundo lleno de preguntas sobre nuestra identidad, es crucial entender qui\u00e9nes somos y por qu\u00e9 somos diferentes. Si te has detenido a considerar estas preguntas, Ra\u00edces es el campamento perfecto para ti. Aqu\u00ed, nos sumergiremos en un viaje de autoconocimiento y reflexi\u00f3n. Exploraremos nuestras ra\u00edces, comprendiendo lo que nos hace \u00fanicos y valiosos. Aprenderemos c\u00f3mo ser como esos \u00e1rboles, arraigados en la verdad y la fe, capaces de mantenernos firmes incluso en tiempos de sequ\u00eda. \n\n<span style=\"font-weight: 700\">(Haz click sobre la imagen para saber m\u00e1s<\/span><\/p><\/div><\/div>\t\t\t\t<\/div>\n\t\t\t\t<\/div>\n\t\t\t\t<div class=\"elementor-element elementor-element-318e2ed elementor-position-left elementor-vertical-align-middle elementor-widget elementor-widget-image-box\" data-id=\"318e2ed\" data-element_type=\"widget\" data-e-type=\"widget\" data-widget_type=\"image-box.default\">\n\t\t\t\t<div class=\"elementor-widget-container\">\n\t\t\t\t\t<div class=\"elementor-image-box-wrapper\"><figure class=\"elementor-image-box-img\"><a href=\"https:\/\/juventudparacristo.net\/portal\/cat\/summerolympics\/\" tabindex=\"-1\"><img data-recalc-dims=\"1\" decoding=\"async\" src=\"https:\/\/i0.wp.com\/juventudparacristo.net\/portal\/wp-content\/uploads\/2024\/03\/1.png?w=1200&#038;ssl=1\" title=\"\" alt=\"\" loading=\"lazy\" \/><\/a><\/figure><div class=\"elementor-image-box-content\"><h3 class=\"elementor-image-box-title\"><a href=\"https:\/\/juventudparacristo.net\/portal\/cat\/summerolympics\/\">English Camp para edades entre 10 a 18 a\u00f1os<\/a><\/h3><p class=\"elementor-image-box-description\">Summer Olympics es el campamento de ingl\u00e9s de este a\u00f1o. Estamos muy emocionados del contenido que vamos a tratar en el campamento. Cada d\u00eda aprenderemos ingl\u00e9s a trav\u00e9s de las distintas partes de las olimpiadas.  Todos los a\u00f1os dividimos al grupo de campistas por nivel y edad para adaptarnos a sus necesidades de aprendizaje. Este verano el campamento estar\u00e1 lleno de competiciones de distintos deportes ol\u00edmpicos. Aprenderemos ingl\u00e9s a trav\u00e9s de talleres, clases y deportes dirigidos por nuestro equipo de americanos nativos. \u00a1No te lo puedes perder!<span style=\"font-weight: 700\">(Haz click sobre la imagen para saber m\u00e1s)<\/span><\/p><\/div><\/div>\t\t\t\t<\/div>\n\t\t\t\t<\/div>\n\t\t\t\t<div class=\"elementor-element elementor-element-94fc4a8 elementor-position-left elementor-vertical-align-middle elementor-widget elementor-widget-image-box\" data-id=\"94fc4a8\" data-element_type=\"widget\" data-e-type=\"widget\" data-widget_type=\"image-box.default\">\n\t\t\t\t<div class=\"elementor-widget-container\">\n\t\t\t\t\t<div class=\"elementor-image-box-wrapper\"><figure class=\"elementor-image-box-img\"><a href=\"https:\/\/juventudparacristo.net\/portal\/cat\/worshipcamp2024\/\" tabindex=\"-1\"><img data-recalc-dims=\"1\" decoding=\"async\" src=\"https:\/\/i0.wp.com\/juventudparacristo.net\/portal\/wp-content\/uploads\/2024\/03\/En-el-medio-del-dolor-1.png?w=1200&#038;ssl=1\" title=\"\" alt=\"\" loading=\"lazy\" \/><\/a><\/figure><div class=\"elementor-image-box-content\"><h3 class=\"elementor-image-box-title\"><a href=\"https:\/\/juventudparacristo.net\/portal\/cat\/worshipcamp2024\/\">WorshipCamp j\u00f3venes de 16 a 22 a\u00f1os<br><\/a><\/h3><p class=\"elementor-image-box-description\">Dios me ama dice la Biblia, pero en este mundo lleno de sufrimiento y tanto dolor, parece ser que Dios no est\u00e1 con nosotros, o que no nos ama. Cuando lo pasamos realmente mal, cuando nos sentimos solos... \u00bfDios donde est\u00e1? \u00bfPor qu\u00e9 me pasa esto si Dios me ama? En este campamento hablaremos de ello... \u00bfTe lo vas a perder?. <span style=\"font-weight: 700\">(Haz click sobre la imagen para saber m\u00e1s)<\/span><\/p><\/div><\/div>\t\t\t\t<\/div>\n\t\t\t\t<\/div>\n\t\t\t\t<div class=\"elementor-element elementor-element-d381f7b elementor-widget elementor-widget-spacer\" data-id=\"d381f7b\" data-element_type=\"widget\" data-e-type=\"widget\" data-widget_type=\"spacer.default\">\n\t\t\t\t<div class=\"elementor-widget-container\">\n\t\t\t\t\t\t\t<div class=\"elementor-spacer\">\n\t\t\t<div class=\"elementor-spacer-inner\"><\/div>\n\t\t<\/div>\n\t\t\t\t\t\t<\/div>\n\t\t\t\t<\/div>\n\t\t\t\t<div class=\"elementor-element elementor-element-3d65246 elementor-widget elementor-widget-spacer\" data-id=\"3d65246\" data-element_type=\"widget\" data-e-type=\"widget\" data-widget_type=\"spacer.default\">\n\t\t\t\t<div class=\"elementor-widget-container\">\n\t\t\t\t\t\t\t<div class=\"elementor-spacer\">\n\t\t\t<div class=\"elementor-spacer-inner\"><\/div>\n\t\t<\/div>\n\t\t\t\t\t\t<\/div>\n\t\t\t\t<\/div>\n\t\t\t\t<div class=\"elementor-element elementor-element-02b8956 elementor-position-left elementor-vertical-align-middle elementor-widget elementor-widget-image-box\" data-id=\"02b8956\" data-element_type=\"widget\" data-e-type=\"widget\" data-widget_type=\"image-box.default\">\n\t\t\t\t<div class=\"elementor-widget-container\">\n\t\t\t\t\t<div class=\"elementor-image-box-wrapper\"><figure class=\"elementor-image-box-img\"><a href=\"https:\/\/juventudparacristo.net\/portal\/cat\/quehayquellevar\/\" tabindex=\"-1\"><img fetchpriority=\"high\" decoding=\"async\" width=\"1080\" height=\"1080\" src=\"https:\/\/i0.wp.com\/juventudparacristo.net\/portal\/wp-content\/uploads\/2022\/01\/Que-llevo-al-retiro-2.png?fit=1080%2C1080&amp;ssl=1\" class=\"attachment-full size-full wp-image-7271\" alt=\"\" srcset=\"https:\/\/i0.wp.com\/juventudparacristo.net\/portal\/wp-content\/uploads\/2022\/01\/Que-llevo-al-retiro-2.png?w=1080&amp;ssl=1 1080w, https:\/\/i0.wp.com\/juventudparacristo.net\/portal\/wp-content\/uploads\/2022\/01\/Que-llevo-al-retiro-2.png?resize=300%2C300&amp;ssl=1 300w, https:\/\/i0.wp.com\/juventudparacristo.net\/portal\/wp-content\/uploads\/2022\/01\/Que-llevo-al-retiro-2.png?resize=1024%2C1024&amp;ssl=1 1024w, https:\/\/i0.wp.com\/juventudparacristo.net\/portal\/wp-content\/uploads\/2022\/01\/Que-llevo-al-retiro-2.png?resize=150%2C150&amp;ssl=1 150w, https:\/\/i0.wp.com\/juventudparacristo.net\/portal\/wp-content\/uploads\/2022\/01\/Que-llevo-al-retiro-2.png?resize=768%2C768&amp;ssl=1 768w, https:\/\/i0.wp.com\/juventudparacristo.net\/portal\/wp-content\/uploads\/2022\/01\/Que-llevo-al-retiro-2.png?resize=640%2C640&amp;ssl=1 640w, https:\/\/i0.wp.com\/juventudparacristo.net\/portal\/wp-content\/uploads\/2022\/01\/Que-llevo-al-retiro-2.png?resize=600%2C600&amp;ssl=1 600w, https:\/\/i0.wp.com\/juventudparacristo.net\/portal\/wp-content\/uploads\/2022\/01\/Que-llevo-al-retiro-2.png?resize=75%2C75&amp;ssl=1 75w, https:\/\/i0.wp.com\/juventudparacristo.net\/portal\/wp-content\/uploads\/2022\/01\/Que-llevo-al-retiro-2.png?resize=50%2C50&amp;ssl=1 50w\" sizes=\"(max-width: 1080px) 100vw, 1080px\" \/><\/a><\/figure><div class=\"elementor-image-box-content\"><h3 class=\"elementor-image-box-title\"><a href=\"https:\/\/juventudparacristo.net\/portal\/cat\/quehayquellevar\/\">GU\u00cdA PR\u00c1CTICA PARA CAMPAMENTOS <\/a><\/h3><\/div><\/div>\t\t\t\t<\/div>\n\t\t\t\t<\/div>\n\t\t\t\t\t<\/div>\n\t\t<\/div>\n\t\t\t\t\t<\/div>\n\t\t<\/section>\n\t\t\t\t<section class=\"elementor-section elementor-top-section elementor-element elementor-element-97cf86d elementor-section-full_width elementor-section-stretched elementor-section-height-default elementor-section-height-default\" data-id=\"97cf86d\" data-element_type=\"section\" data-e-type=\"section\" data-settings=\"{&quot;stretch_section&quot;:&quot;section-stretched&quot;}\">\n\t\t\t\t\t\t<div class=\"elementor-container elementor-column-gap-default\">\n\t\t\t\t\t<div class=\"elementor-column elementor-col-100 elementor-top-column elementor-element elementor-element-9606d59\" data-id=\"9606d59\" data-element_type=\"column\" data-e-type=\"column\">\n\t\t\t<div class=\"elementor-widget-wrap\">\n\t\t\t\t\t\t\t<\/div>\n\t\t<\/div>\n\t\t\t\t\t<\/div>\n\t\t<\/section>\n\t\t\t\t<section class=\"elementor-section elementor-top-section elementor-element elementor-element-0c18bc7 elementor-section-boxed elementor-section-height-default elementor-section-height-default\" data-id=\"0c18bc7\" data-element_type=\"section\" data-e-type=\"section\">\n\t\t\t\t\t\t<div class=\"elementor-container elementor-column-gap-default\">\n\t\t\t\t\t<div class=\"elementor-column elementor-col-100 elementor-top-column elementor-element elementor-element-e724534\" data-id=\"e724534\" data-element_type=\"column\" data-e-type=\"column\">\n\t\t\t<div class=\"elementor-widget-wrap\">\n\t\t\t\t\t\t\t<\/div>\n\t\t<\/div>\n\t\t\t\t\t<\/div>\n\t\t<\/section>\n\t\t\t\t<\/div>","protected":false},"excerpt":{"rendered":"<p>Campamentos de Verano 2024 Retiro 18 a 26 a\u00f1os del 21 al 23 de Junio Desde el Antiguo Testamento hasta el Nuevo la misi\u00f3n es clara, y es la misma. Dicha aventura est\u00e1 llena de retos y aventuras, buenos y malos momentos pero que el objetivo que se persigue es digno y vale la pena [&hellip;]<\/p>\n","protected":false},"author":1,"featured_media":11865,"parent":0,"menu_order":0,"comment_status":"closed","ping_status":"closed","template":"","meta":{"ocean_post_layout":"","ocean_both_sidebars_style":"","ocean_both_sidebars_content_width":0,"ocean_both_sidebars_sidebars_width":0,"ocean_sidebar":"","ocean_second_sidebar":"","ocean_disable_margins":"enable","ocean_add_body_class":"","ocean_shortcode_before_top_bar":"","ocean_shortcode_after_top_bar":"","ocean_shortcode_before_header":"","ocean_shortcode_after_header":"","ocean_has_shortcode":"","ocean_shortcode_after_title":"","ocean_shortcode_before_footer_widgets":"","ocean_shortcode_after_footer_widgets":"","ocean_shortcode_before_footer_bottom":"","ocean_shortcode_after_footer_bottom":"","ocean_display_top_bar":"default","ocean_display_header":"default","ocean_header_style":"","ocean_center_header_left_menu":"","ocean_custom_header_template":"","ocean_custom_logo":0,"ocean_custom_retina_logo":0,"ocean_custom_logo_max_width":0,"ocean_custom_logo_tablet_max_width":0,"ocean_custom_logo_mobile_max_width":0,"ocean_custom_logo_max_height":0,"ocean_custom_logo_tablet_max_height":0,"ocean_custom_logo_mobile_max_height":0,"ocean_header_custom_menu":"","ocean_menu_typo_font_family":"","ocean_menu_typo_font_subset":"","ocean_menu_typo_font_size":0,"ocean_menu_typo_font_size_tablet":0,"ocean_menu_typo_font_size_mobile":0,"ocean_menu_typo_font_size_unit":"px","ocean_menu_typo_font_weight":"","ocean_menu_typo_font_weight_tablet":"","ocean_menu_typo_font_weight_mobile":"","ocean_menu_typo_transform":"","ocean_menu_typo_transform_tablet":"","ocean_menu_typo_transform_mobile":"","ocean_menu_typo_line_height":0,"ocean_menu_typo_line_height_tablet":0,"ocean_menu_typo_line_height_mobile":0,"ocean_menu_typo_line_height_unit":"","ocean_menu_typo_spacing":0,"ocean_menu_typo_spacing_tablet":0,"ocean_menu_typo_spacing_mobile":0,"ocean_menu_typo_spacing_unit":"","ocean_menu_link_color":"","ocean_menu_link_color_hover":"","ocean_menu_link_color_active":"","ocean_menu_link_background":"","ocean_menu_link_hover_background":"","ocean_menu_link_active_background":"","ocean_menu_social_links_bg":"","ocean_menu_social_hover_links_bg":"","ocean_menu_social_links_color":"","ocean_menu_social_hover_links_color":"","ocean_disable_title":"default","ocean_disable_heading":"default","ocean_post_title":"","ocean_post_subheading":"","ocean_post_title_style":"","ocean_post_title_background_color":"","ocean_post_title_background":0,"ocean_post_title_bg_image_position":"","ocean_post_title_bg_image_attachment":"","ocean_post_title_bg_image_repeat":"","ocean_post_title_bg_image_size":"","ocean_post_title_height":0,"ocean_post_title_bg_overlay":0.5,"ocean_post_title_bg_overlay_color":"","ocean_disable_breadcrumbs":"default","ocean_breadcrumbs_color":"","ocean_breadcrumbs_separator_color":"","ocean_breadcrumbs_links_color":"","ocean_breadcrumbs_links_hover_color":"","ocean_display_footer_widgets":"default","ocean_display_footer_bottom":"default","ocean_custom_footer_template":"","footnotes":""},"class_list":["post-11597","page","type-page","status-publish","has-post-thumbnail","hentry","entry","has-media","owp-thumbs-layout-horizontal","owp-btn-normal","owp-tabs-layout-horizontal","has-no-thumbnails","has-product-nav"],"jetpack_sharing_enabled":true,"_links":{"self":[{"href":"https:\/\/juventudparacristo.net\/portal\/cat\/wp-json\/wp\/v2\/pages\/11597","targetHints":{"allow":["GET"]}}],"collection":[{"href":"https:\/\/juventudparacristo.net\/portal\/cat\/wp-json\/wp\/v2\/pages"}],"about":[{"href":"https:\/\/juventudparacristo.net\/portal\/cat\/wp-json\/wp\/v2\/types\/page"}],"author":[{"embeddable":true,"href":"https:\/\/juventudparacristo.net\/portal\/cat\/wp-json\/wp\/v2\/users\/1"}],"replies":[{"embeddable":true,"href":"https:\/\/juventudparacristo.net\/portal\/cat\/wp-json\/wp\/v2\/comments?post=11597"}],"version-history":[{"count":109,"href":"https:\/\/juventudparacristo.net\/portal\/cat\/wp-json\/wp\/v2\/pages\/11597\/revisions"}],"predecessor-version":[{"id":16252,"href":"https:\/\/juventudparacristo.net\/portal\/cat\/wp-json\/wp\/v2\/pages\/11597\/revisions\/16252"}],"wp:featuredmedia":[{"embeddable":true,"href":"https:\/\/juventudparacristo.net\/portal\/cat\/wp-json\/wp\/v2\/media\/11865"}],"wp:attachment":[{"href":"https:\/\/juventudparacristo.net\/portal\/cat\/wp-json\/wp\/v2\/media?parent=11597"}],"curies":[{"name":"wp","href":"https:\/\/api.w.org\/{rel}","templated":true}]}}