{"id":2881,"date":"2013-10-27T19:45:24","date_gmt":"2013-10-27T19:45:24","guid":{"rendered":"http:\/\/www.juventudparacristo.net\/portal\/?page_id=2881"},"modified":"2022-08-15T23:10:11","modified_gmt":"2022-08-15T21:10:11","slug":"nuestra-historia","status":"publish","type":"page","link":"https:\/\/juventudparacristo.net\/portal\/cat\/nuestra-historia\/","title":{"rendered":"La nostra Hist\u00f2ria"},"content":{"rendered":"<div data-elementor-type=\"wp-page\" data-elementor-id=\"2881\" class=\"elementor elementor-2881\">\n\t\t\t\t\t\t<section class=\"elementor-section elementor-top-section elementor-element elementor-element-99ff100 elementor-section-boxed elementor-section-height-default elementor-section-height-default\" data-id=\"99ff100\" data-element_type=\"section\" data-e-type=\"section\">\n\t\t\t\t\t\t<div class=\"elementor-container elementor-column-gap-default\">\n\t\t\t\t\t<div class=\"elementor-column elementor-col-50 elementor-top-column elementor-element elementor-element-022de05\" data-id=\"022de05\" data-element_type=\"column\" data-e-type=\"column\">\n\t\t\t<div class=\"elementor-widget-wrap elementor-element-populated\">\n\t\t\t\t\t\t<div class=\"elementor-element elementor-element-2aa1943 elementor-widget elementor-widget-image\" data-id=\"2aa1943\" data-element_type=\"widget\" data-e-type=\"widget\" data-widget_type=\"image.default\">\n\t\t\t\t<div class=\"elementor-widget-container\">\n\t\t\t\t\t\t\t\t\t\t\t\t\t\t\t<img decoding=\"async\" width=\"171\" height=\"191\" src=\"https:\/\/i0.wp.com\/juventudparacristo.net\/portal\/wp-content\/uploads\/2013\/10\/Billy_Graham.gif?fit=171%2C191&amp;ssl=1\" class=\"attachment-large size-large wp-image-2882\" alt=\"\" \/>\t\t\t\t\t\t\t\t\t\t\t\t\t\t\t<\/div>\n\t\t\t\t<\/div>\n\t\t\t\t\t<\/div>\n\t\t<\/div>\n\t\t\t\t<div class=\"elementor-column elementor-col-50 elementor-top-column elementor-element elementor-element-6d4ac5e\" data-id=\"6d4ac5e\" data-element_type=\"column\" data-e-type=\"column\">\n\t\t\t<div class=\"elementor-widget-wrap elementor-element-populated\">\n\t\t\t\t\t\t<div class=\"elementor-element elementor-element-be17e7b elementor-widget elementor-widget-text-editor\" data-id=\"be17e7b\" data-element_type=\"widget\" data-e-type=\"widget\" data-widget_type=\"text-editor.default\">\n\t\t\t\t<div class=\"elementor-widget-container\">\n\t\t\t\t\t\t\t\t\t<p style=\"text-align: left;\">Juventud para Cristo ha tenido una historia distintiva como movimiento de evangelizaci\u00f3n entre j\u00f3venes en todo el mundo. A principios de los a\u00f1os cuarenta, diferentes pastores y evangelistas empezaron a organizar grandes concentraciones de j\u00f3venes en Canad\u00e1, Inglaterra y Estados Unidos. Extendi\u00e9ndose a docenas de ciudades despu\u00e9s del final de la Segunda Guerra Mundial, Juventud para Cristo (JPC) se organiz\u00f3 r\u00e1pidamente para proveer liderazgo y estrategia, adem\u00e1s de conferenciantes y m\u00fasicos para las distintas localidades.<\/p><p>JPC dio esperanza a una generaci\u00f3n de j\u00f3venes marcada por la postguerra y pronto pas\u00f3 a ser un movimiento mundial.\u00a0Billy Graham se convirti\u00f3 en el primer miembro a todo tiempo del personal del nuevo movimiento, y fue uno de sus impulsores decisivos.<\/p>\t\t\t\t\t\t\t\t<\/div>\n\t\t\t\t<\/div>\n\t\t\t\t\t<\/div>\n\t\t<\/div>\n\t\t\t\t\t<\/div>\n\t\t<\/section>\n\t\t\t\t<section class=\"elementor-section elementor-top-section elementor-element elementor-element-a4624b4 elementor-section-boxed elementor-section-height-default elementor-section-height-default\" data-id=\"a4624b4\" data-element_type=\"section\" data-e-type=\"section\">\n\t\t\t\t\t\t<div class=\"elementor-container elementor-column-gap-default\">\n\t\t\t\t\t<div class=\"elementor-column elementor-col-50 elementor-top-column elementor-element elementor-element-874b9bc\" data-id=\"874b9bc\" data-element_type=\"column\" data-e-type=\"column\">\n\t\t\t<div class=\"elementor-widget-wrap elementor-element-populated\">\n\t\t\t\t\t\t<div class=\"elementor-element elementor-element-4c4ee98 elementor-widget elementor-widget-image\" data-id=\"4c4ee98\" data-element_type=\"widget\" data-e-type=\"widget\" data-widget_type=\"image.default\">\n\t\t\t\t<div class=\"elementor-widget-container\">\n\t\t\t\t\t\t\t\t\t\t\t\t\t\t\t<img decoding=\"async\" width=\"199\" height=\"144\" src=\"https:\/\/i0.wp.com\/juventudparacristo.net\/portal\/wp-content\/uploads\/2013\/10\/historia_1.gif?fit=199%2C144&amp;ssl=1\" class=\"attachment-large size-large wp-image-2885\" alt=\"\" \/>\t\t\t\t\t\t\t\t\t\t\t\t\t\t\t<\/div>\n\t\t\t\t<\/div>\n\t\t\t\t\t<\/div>\n\t\t<\/div>\n\t\t\t\t<div class=\"elementor-column elementor-col-50 elementor-top-column elementor-element elementor-element-e0bff98\" data-id=\"e0bff98\" data-element_type=\"column\" data-e-type=\"column\">\n\t\t\t<div class=\"elementor-widget-wrap elementor-element-populated\">\n\t\t\t\t\t\t<div class=\"elementor-element elementor-element-b73295c elementor-widget elementor-widget-text-editor\" data-id=\"b73295c\" data-element_type=\"widget\" data-e-type=\"widget\" data-widget_type=\"text-editor.default\">\n\t\t\t\t<div class=\"elementor-widget-container\">\n\t\t\t\t\t\t\t\t\t<p><span style=\"text-align: justify;\">En 1948, una conferencia de este nuevo movimiento en Beatenburg, Suiza, sirvi\u00f3 como inspiraci\u00f3n para su extensi\u00f3n a varios pa\u00edses de Europa. Un joven pastor llamado Samuel Vila asisti\u00f3 a la conferencia e invit\u00f3 a algunos delegados a visitar Espa\u00f1a para compartir su visi\u00f3n. Al cabo de unas semanas, un comit\u00e9 directivo hab\u00eda sido formado en Espa\u00f1a, y sus miembros hab\u00edan empezado a organizar algunas reuniones evangel\u00edsticas desde antes de la Guerra civil. La respuesta fue enorme.<\/span><\/p>\t\t\t\t\t\t\t\t<\/div>\n\t\t\t\t<\/div>\n\t\t\t\t\t<\/div>\n\t\t<\/div>\n\t\t\t\t\t<\/div>\n\t\t<\/section>\n\t\t\t\t<section class=\"elementor-section elementor-top-section elementor-element elementor-element-8409dae elementor-section-boxed elementor-section-height-default elementor-section-height-default\" data-id=\"8409dae\" data-element_type=\"section\" data-e-type=\"section\">\n\t\t\t\t\t\t<div class=\"elementor-container elementor-column-gap-default\">\n\t\t\t\t\t<div class=\"elementor-column elementor-col-50 elementor-top-column elementor-element elementor-element-739bc74\" data-id=\"739bc74\" data-element_type=\"column\" data-e-type=\"column\">\n\t\t\t<div class=\"elementor-widget-wrap elementor-element-populated\">\n\t\t\t\t\t\t<div class=\"elementor-element elementor-element-5fc8cc5 elementor-widget elementor-widget-image\" data-id=\"5fc8cc5\" data-element_type=\"widget\" data-e-type=\"widget\" data-widget_type=\"image.default\">\n\t\t\t\t<div class=\"elementor-widget-container\">\n\t\t\t\t\t\t\t\t\t\t\t\t\t\t\t<img fetchpriority=\"high\" decoding=\"async\" width=\"320\" height=\"435\" src=\"https:\/\/i0.wp.com\/juventudparacristo.net\/portal\/wp-content\/uploads\/2013\/10\/Historia_2.gif?fit=320%2C435&amp;ssl=1\" class=\"attachment-large size-large wp-image-2886\" alt=\"\" \/>\t\t\t\t\t\t\t\t\t\t\t\t\t\t\t<\/div>\n\t\t\t\t<\/div>\n\t\t\t\t\t<\/div>\n\t\t<\/div>\n\t\t\t\t<div class=\"elementor-column elementor-col-50 elementor-top-column elementor-element elementor-element-9e5edad\" data-id=\"9e5edad\" data-element_type=\"column\" data-e-type=\"column\">\n\t\t\t<div class=\"elementor-widget-wrap elementor-element-populated\">\n\t\t\t\t\t\t<div class=\"elementor-element elementor-element-7612c22 elementor-widget elementor-widget-text-editor\" data-id=\"7612c22\" data-element_type=\"widget\" data-e-type=\"widget\" data-widget_type=\"text-editor.default\">\n\t\t\t\t<div class=\"elementor-widget-container\">\n\t\t\t\t\t\t\t\t\t<p><span style=\"text-align: justify;\">Algunas secciones del informe para el VII aniversario de Juventud para Cristo dan algunos detalles:<\/span><\/p><p>\u00abCuando se celebraron los cultos en una sola capilla&#8230; se form\u00f3 tal aglomeraci\u00f3n que&#8230; tuvieron que ir anunciando el culto anexo que hab\u00edamos improvisado en otra capilla.<\/p><p>La campa\u00f1a se inaugur\u00f3 el d\u00eda 2 de octubre en la iglesia de Teruel en Barcelona. La asistencia se calcul\u00f3 en unas 1.000 personas, muchas m\u00e1s de la capacidad del local. Tuvo que habilitarse una Iglesia de Traves\u00eda San Antonio, donde se congregaron otras 150 personas. Mucha gente se vio imposibilitada para entrar&#8230;\u00bb<\/p><p>Juan Gili, uno de los primeros colaboradores, aport\u00f3 liderazgo durante la mayor\u00eda de sus primeros 20 a\u00f1os. El principal modelo de ministerio utilizado fue la campa\u00f1a evangel\u00edstica. Una de las m\u00e1s grandes campa\u00f1as se hizo en el teatro Gran Price de Barcelona en 1969, con una asistencia de m\u00e1s de 8.000 personas.<\/p>\t\t\t\t\t\t\t\t<\/div>\n\t\t\t\t<\/div>\n\t\t\t\t\t<\/div>\n\t\t<\/div>\n\t\t\t\t\t<\/div>\n\t\t<\/section>\n\t\t\t\t<section class=\"elementor-section elementor-top-section elementor-element elementor-element-795ea5c2 elementor-section-boxed elementor-section-height-default elementor-section-height-default\" data-id=\"795ea5c2\" data-element_type=\"section\" data-e-type=\"section\">\n\t\t\t\t\t\t<div class=\"elementor-container elementor-column-gap-default\">\n\t\t\t\t\t<div class=\"elementor-column elementor-col-100 elementor-top-column elementor-element elementor-element-15c8677\" data-id=\"15c8677\" data-element_type=\"column\" data-e-type=\"column\">\n\t\t\t<div class=\"elementor-widget-wrap elementor-element-populated\">\n\t\t\t\t\t\t<div class=\"elementor-element elementor-element-41a287f6 elementor-widget elementor-widget-text-editor\" data-id=\"41a287f6\" data-element_type=\"widget\" data-e-type=\"widget\" data-widget_type=\"text-editor.default\">\n\t\t\t\t<div class=\"elementor-widget-container\">\n\t\t\t\t\t\t\t\t\t<p style=\"text-align: left;\">Un momento complicado aconteci\u00f3 en 1969. Gili hab\u00eda dimitido el a\u00f1o anterior para fundar otra organizaci\u00f3n evangel\u00edstica y se hab\u00eda aprobado la primera ley de libertad religiosa. Esta ley provoc\u00f3 un debate tremendo sobre si las iglesias deber\u00edan registrarse con el gobierno o no. Desafortunadamente, el debate lleg\u00f3 a ser causa de divisi\u00f3n y la unidad interdenominacional que hab\u00eda dado un gran impulso a Juventud para Cristo sufri\u00f3 como resultado. Al mismo tiempo, otros cambios estaban sucediendo en la cultura juvenil, los cuales har\u00edan necesario el desarrollo de nuevas estrategias en el ministerio.<\/p><p style=\"text-align: justify;\">Cuando un joven misionero ingl\u00e9s, Eduardo Bracier, fue nombrado director en 1971, el ministerio casi hab\u00eda llegado a pararse, aunque se estaban considerado ideas para nuevos proyectos. Empezando a mitad de los 70, bajo la direcci\u00f3n innovadora de Fernando Campillo, Juventud para Cristo empez\u00f3 clubes y campamentos evangel\u00edsticos con adolescentes, ministerios de m\u00fasica y teatro, una editorial, programas de radio e incluso campa\u00f1as evangel\u00edsticas con un autob\u00fas ingl\u00e9s de dos pisos.<\/p><p>A principios de los a\u00f1os 80 exist\u00eda una aut\u00e9ntica necesidad de consolidar el ministerio y de encontrar una fuente m\u00e1s estable para apoyar a los obreros que dedicaban su tiempo de una forma m\u00e1s completa a la obra. Despu\u00e9s de la dimisi\u00f3n, por razones personales, de Eduardo y Fernando y tras un periodo de transici\u00f3n, la pareja misionera Marcos y Estefan\u00eda Dodrill, juntamente con el nuevo director, Jos\u00e9 Burguillo, empezaron a trabajar para conseguir estas metas y para ampliar varias \u00e1reas del ministerio. Una de las mayores innovaciones bajo el liderazgo de Jos\u00e9 Burguillo fueron los viajes de ayuda humanitaria que se organizaron a Rumania y a Brasil bajo el nombre de Proyecto Servicio. En 1992, Jos\u00e9 dej\u00f3 Juventud para Cristo para formar una organizaci\u00f3n dedicada exclusivamente a este ministerio social, y Marcos Dodrill fue nombrado como el nuevo director.<\/p><p>El perfil actual del ministerio enfatiza la producci\u00f3n de publicaciones, la formaci\u00f3n de l\u00edderes y la organizaci\u00f3n de actividades para apoyar los programas de las iglesias locales. Este acercamiento ha permitido a Juventud para Cristo en Espa\u00f1a ir m\u00e1s all\u00e1 de un ministerio local para tener un impacto en toda Espa\u00f1a y en todas partes del mundo castellano-parlante.<\/p><p>El libro \u00abJuventud para Cristo: una memoria hist\u00f3rica ilustrada\u00bb, provee m\u00e1s detalles y testimonios personales de los primeros cincuenta a\u00f1os de esta organizaci\u00f3n en Espa\u00f1a. Es de inter\u00e9s para todos aquellos que quieren profundizar en la historia de la evangelizaci\u00f3n de la iglesia evang\u00e9lica en este pa\u00eds.<\/p>\t\t\t\t\t\t\t\t<\/div>\n\t\t\t\t<\/div>\n\t\t\t\t\t<\/div>\n\t\t<\/div>\n\t\t\t\t\t<\/div>\n\t\t<\/section>\n\t\t\t\t<\/div>","protected":false},"excerpt":{"rendered":"<p>Juventud para Cristo ha tenido una historia distintiva como movimiento de evangelizaci\u00f3n entre j\u00f3venes en todo el mundo. A principios de los a\u00f1os cuarenta, diferentes pastores y evangelistas empezaron a organizar grandes concentraciones de j\u00f3venes en Canad\u00e1, Inglaterra y Estados Unidos. Extendi\u00e9ndose a docenas de ciudades despu\u00e9s del final de la Segunda Guerra Mundial, Juventud [&hellip;]<\/p>\n","protected":false},"author":1,"featured_media":0,"parent":0,"menu_order":0,"comment_status":"closed","ping_status":"closed","template":"","meta":{"ocean_post_layout":"","ocean_both_sidebars_style":"","ocean_both_sidebars_content_width":0,"ocean_both_sidebars_sidebars_width":0,"ocean_sidebar":"","ocean_second_sidebar":"","ocean_disable_margins":"enable","ocean_add_body_class":"","ocean_shortcode_before_top_bar":"","ocean_shortcode_after_top_bar":"","ocean_shortcode_before_header":"","ocean_shortcode_after_header":"","ocean_has_shortcode":"","ocean_shortcode_after_title":"","ocean_shortcode_before_footer_widgets":"","ocean_shortcode_after_footer_widgets":"","ocean_shortcode_before_footer_bottom":"","ocean_shortcode_after_footer_bottom":"","ocean_display_top_bar":"default","ocean_display_header":"default","ocean_header_style":"","ocean_center_header_left_menu":"","ocean_custom_header_template":"","ocean_custom_logo":0,"ocean_custom_retina_logo":0,"ocean_custom_logo_max_width":0,"ocean_custom_logo_tablet_max_width":0,"ocean_custom_logo_mobile_max_width":0,"ocean_custom_logo_max_height":0,"ocean_custom_logo_tablet_max_height":0,"ocean_custom_logo_mobile_max_height":0,"ocean_header_custom_menu":"","ocean_menu_typo_font_family":"","ocean_menu_typo_font_subset":"","ocean_menu_typo_font_size":0,"ocean_menu_typo_font_size_tablet":0,"ocean_menu_typo_font_size_mobile":0,"ocean_menu_typo_font_size_unit":"px","ocean_menu_typo_font_weight":"","ocean_menu_typo_font_weight_tablet":"","ocean_menu_typo_font_weight_mobile":"","ocean_menu_typo_transform":"","ocean_menu_typo_transform_tablet":"","ocean_menu_typo_transform_mobile":"","ocean_menu_typo_line_height":0,"ocean_menu_typo_line_height_tablet":0,"ocean_menu_typo_line_height_mobile":0,"ocean_menu_typo_line_height_unit":"","ocean_menu_typo_spacing":0,"ocean_menu_typo_spacing_tablet":0,"ocean_menu_typo_spacing_mobile":0,"ocean_menu_typo_spacing_unit":"","ocean_menu_link_color":"","ocean_menu_link_color_hover":"","ocean_menu_link_color_active":"","ocean_menu_link_background":"","ocean_menu_link_hover_background":"","ocean_menu_link_active_background":"","ocean_menu_social_links_bg":"","ocean_menu_social_hover_links_bg":"","ocean_menu_social_links_color":"","ocean_menu_social_hover_links_color":"","ocean_disable_title":"default","ocean_disable_heading":"default","ocean_post_title":"","ocean_post_subheading":"","ocean_post_title_style":"","ocean_post_title_background_color":"","ocean_post_title_background":0,"ocean_post_title_bg_image_position":"","ocean_post_title_bg_image_attachment":"","ocean_post_title_bg_image_repeat":"","ocean_post_title_bg_image_size":"","ocean_post_title_height":0,"ocean_post_title_bg_overlay":0.5,"ocean_post_title_bg_overlay_color":"","ocean_disable_breadcrumbs":"default","ocean_breadcrumbs_color":"","ocean_breadcrumbs_separator_color":"","ocean_breadcrumbs_links_color":"","ocean_breadcrumbs_links_hover_color":"","ocean_display_footer_widgets":"default","ocean_display_footer_bottom":"default","ocean_custom_footer_template":"","footnotes":""},"class_list":["post-2881","page","type-page","status-publish","hentry","entry","owp-thumbs-layout-horizontal","owp-btn-normal","owp-tabs-layout-horizontal","has-no-thumbnails","has-product-nav"],"jetpack_sharing_enabled":true,"_links":{"self":[{"href":"https:\/\/juventudparacristo.net\/portal\/cat\/wp-json\/wp\/v2\/pages\/2881","targetHints":{"allow":["GET"]}}],"collection":[{"href":"https:\/\/juventudparacristo.net\/portal\/cat\/wp-json\/wp\/v2\/pages"}],"about":[{"href":"https:\/\/juventudparacristo.net\/portal\/cat\/wp-json\/wp\/v2\/types\/page"}],"author":[{"embeddable":true,"href":"https:\/\/juventudparacristo.net\/portal\/cat\/wp-json\/wp\/v2\/users\/1"}],"replies":[{"embeddable":true,"href":"https:\/\/juventudparacristo.net\/portal\/cat\/wp-json\/wp\/v2\/comments?post=2881"}],"version-history":[{"count":38,"href":"https:\/\/juventudparacristo.net\/portal\/cat\/wp-json\/wp\/v2\/pages\/2881\/revisions"}],"predecessor-version":[{"id":8505,"href":"https:\/\/juventudparacristo.net\/portal\/cat\/wp-json\/wp\/v2\/pages\/2881\/revisions\/8505"}],"wp:attachment":[{"href":"https:\/\/juventudparacristo.net\/portal\/cat\/wp-json\/wp\/v2\/media?parent=2881"}],"curies":[{"name":"wp","href":"https:\/\/api.w.org\/{rel}","templated":true}]}}