{"id":2902,"date":"2013-11-03T10:18:03","date_gmt":"2013-11-03T09:18:03","guid":{"rendered":"http:\/\/www.juventudparacristo.net\/portal\/?page_id=2902"},"modified":"2022-08-15T23:16:05","modified_gmt":"2022-08-15T21:16:05","slug":"nuestra-mision","status":"publish","type":"page","link":"https:\/\/juventudparacristo.net\/portal\/cat\/nuestra-mision\/","title":{"rendered":"La nostra Missi\u00f3"},"content":{"rendered":"<div data-elementor-type=\"wp-page\" data-elementor-id=\"2902\" class=\"elementor elementor-2902\">\n\t\t\t\t\t\t<section class=\"elementor-section elementor-top-section elementor-element elementor-element-7d786c5a elementor-section-boxed elementor-section-height-default elementor-section-height-default\" data-id=\"7d786c5a\" data-element_type=\"section\" data-e-type=\"section\">\n\t\t\t\t\t\t<div class=\"elementor-container elementor-column-gap-default\">\n\t\t\t\t\t<div class=\"elementor-column elementor-col-100 elementor-top-column elementor-element elementor-element-38413ffe\" data-id=\"38413ffe\" data-element_type=\"column\" data-e-type=\"column\">\n\t\t\t<div class=\"elementor-widget-wrap elementor-element-populated\">\n\t\t\t\t\t\t<div class=\"elementor-element elementor-element-3f20666d elementor-widget elementor-widget-text-editor\" data-id=\"3f20666d\" data-element_type=\"widget\" data-e-type=\"widget\" data-widget_type=\"text-editor.default\">\n\t\t\t\t<div class=\"elementor-widget-container\">\n\t\t\t\t\t\t\t\t\t<p><img decoding=\"async\" data-recalc-dims=\"1\" class=\"aligncenter\" src=\"https:\/\/i0.wp.com\/juventudparacristo.net\/portal\/wp-content\/uploads\/2021\/09\/cropped-jpc-logo-nuevo-negro-2.png?resize=150%2C150&#038;ssl=1\" alt=\"\" width=\"150\" height=\"150\" \/><\/p><p><span style=\"text-align: justify;\">Juventud para Cristo es una organizaci\u00f3n internacional e interdenominacional que se encuentra en m\u00e1s de 110 pa\u00edses alrededor del mundo, especializada en el evangelismo y discipulado de la juventud. Somos una organizaci\u00f3n cristiana, sin fines de lucro, de car\u00e1cter aut\u00f3nomo.<\/span><\/p><p><span style=\"text-align: justify;\">Nos consideramos un movimiento misionero portador de una visi\u00f3n global y comprometidos con la misi\u00f3n del evangelismo juvenil, el discipulado, la participaci\u00f3n social y el desarrollo del liderazgo.<\/span><\/p><p style=\"text-align: justify;\">JPC, a nivel internacional, moviliza actualmente m\u00e1s de 46.000 empleados y voluntarios y m\u00e1s de 100.000 l\u00edderes juveniles en todo el mundo.<\/p>\t\t\t\t\t\t\t\t<\/div>\n\t\t\t\t<\/div>\n\t\t\t\t\t<\/div>\n\t\t<\/div>\n\t\t\t\t\t<\/div>\n\t\t<\/section>\n\t\t\t\t<section class=\"elementor-section elementor-top-section elementor-element elementor-element-af38912 elementor-section-boxed elementor-section-height-default elementor-section-height-default\" data-id=\"af38912\" data-element_type=\"section\" data-e-type=\"section\">\n\t\t\t\t\t\t<div class=\"elementor-container elementor-column-gap-default\">\n\t\t\t\t\t<div class=\"elementor-column elementor-col-33 elementor-top-column elementor-element elementor-element-d075b70\" data-id=\"d075b70\" data-element_type=\"column\" data-e-type=\"column\">\n\t\t\t<div class=\"elementor-widget-wrap elementor-element-populated\">\n\t\t\t\t\t\t<div class=\"elementor-element elementor-element-86e983c elementor-widget elementor-widget-text-editor\" data-id=\"86e983c\" data-element_type=\"widget\" data-e-type=\"widget\" data-widget_type=\"text-editor.default\">\n\t\t\t\t<div class=\"elementor-widget-container\">\n\t\t\t\t\t\t\t\t\t<p style=\"text-align: center;\"><span style=\"font-weight: 600; color: #0000ff;\">NUESTRA MISI\u00d3N<\/span><\/p><p style=\"text-align: center;\"><strong>Dar a cada joven la oportunidad de conocer a Dios a trav\u00e9s de Jesucristo.<\/strong><\/p>\t\t\t\t\t\t\t\t<\/div>\n\t\t\t\t<\/div>\n\t\t\t\t\t<\/div>\n\t\t<\/div>\n\t\t\t\t<div class=\"elementor-column elementor-col-33 elementor-top-column elementor-element elementor-element-affa31a\" data-id=\"affa31a\" data-element_type=\"column\" data-e-type=\"column\">\n\t\t\t<div class=\"elementor-widget-wrap elementor-element-populated\">\n\t\t\t\t\t\t<div class=\"elementor-element elementor-element-01980ae elementor-widget elementor-widget-text-editor\" data-id=\"01980ae\" data-element_type=\"widget\" data-e-type=\"widget\" data-widget_type=\"text-editor.default\">\n\t\t\t\t<div class=\"elementor-widget-container\">\n\t\t\t\t\t\t\t\t\t<p style=\"text-align: center;\"><span style=\"font-weight: 600; color: #99cc00;\">NUESTRA ESTRATEGIA<\/span><\/p><p style=\"text-align: center;\"><strong>Apoyar y movilizar a la iglesia local para el ministerio juvenil.<\/strong><\/p>\t\t\t\t\t\t\t\t<\/div>\n\t\t\t\t<\/div>\n\t\t\t\t\t<\/div>\n\t\t<\/div>\n\t\t\t\t<div class=\"elementor-column elementor-col-33 elementor-top-column elementor-element elementor-element-baa7c98\" data-id=\"baa7c98\" data-element_type=\"column\" data-e-type=\"column\">\n\t\t\t<div class=\"elementor-widget-wrap elementor-element-populated\">\n\t\t\t\t\t\t<div class=\"elementor-element elementor-element-ced479e elementor-widget elementor-widget-text-editor\" data-id=\"ced479e\" data-element_type=\"widget\" data-e-type=\"widget\" data-widget_type=\"text-editor.default\">\n\t\t\t\t<div class=\"elementor-widget-container\">\n\t\t\t\t\t\t\t\t\t<p style=\"text-align: center;\"><span style=\"font-weight: 600; color: #ff9900;\">NUESTROS M\u00c9TODOS<\/span><\/p><p style=\"text-align: center;\"><strong>Formaci\u00f3n de l\u00edderes<\/strong><br \/><strong>Publicaci\u00f3n de materiales<\/strong><br \/><strong>Ministerio directo con j\u00f3venes<\/strong><br \/><strong>Obra misionera<\/strong><\/p>\t\t\t\t\t\t\t\t<\/div>\n\t\t\t\t<\/div>\n\t\t\t\t\t<\/div>\n\t\t<\/div>\n\t\t\t\t\t<\/div>\n\t\t<\/section>\n\t\t\t\t<section class=\"elementor-section elementor-top-section elementor-element elementor-element-bb5a1b9 elementor-section-boxed elementor-section-height-default elementor-section-height-default\" data-id=\"bb5a1b9\" data-element_type=\"section\" data-e-type=\"section\">\n\t\t\t\t\t\t<div class=\"elementor-container elementor-column-gap-default\">\n\t\t\t\t\t<div class=\"elementor-column elementor-col-100 elementor-top-column elementor-element elementor-element-c28a18b\" data-id=\"c28a18b\" data-element_type=\"column\" data-e-type=\"column\">\n\t\t\t<div class=\"elementor-widget-wrap elementor-element-populated\">\n\t\t\t\t\t\t<div class=\"elementor-element elementor-element-a31ad63 elementor-widget elementor-widget-text-editor\" data-id=\"a31ad63\" data-element_type=\"widget\" data-e-type=\"widget\" data-widget_type=\"text-editor.default\">\n\t\t\t\t<div class=\"elementor-widget-container\">\n\t\t\t\t\t\t\t\t\t<p><span style=\"font-weight: 400;\">JPC busca alcanzar a los j\u00f3venes en todas partes, trabajando con la iglesia local y otras organizaciones afines para formar seguidores de Jes\u00fas que lideren con vidas santas, devoci\u00f3n a la oraci\u00f3n, pasi\u00f3n por compartir el amor de Cristo y que est\u00e9n comprometidos con la participaci\u00f3n social.<\/span><\/p><p><span style=\"font-weight: 400;\">Todo movimiento necesita ciertas declaraciones posicionales que indiquen claramente hacia d\u00f3nde se dirige:<\/span><\/p><p><span style=\"font-weight: 400;\">Se denomina \u201cenfoque estrat\u00e9gico\u201d la t\u00e1ctica empleada por una organizaci\u00f3n para mantenerse fiel a su misi\u00f3n y visi\u00f3n. En JPCI sabemos que solos no podemos llegar a \u201clos j\u00f3venes en todas partes\u201d, y que necesitamos trabajar \u201ccon la iglesia local y otras organizaciones afines\u201d. Para ser francos, ser\u00eda arrogante e ignorante de nuestra parte pensar que podemos solos con esta tarea astron\u00f3mica. Esta tarea es \u201cdel tama\u00f1o de Dios\u201d y requiere de la participaci\u00f3n de un gran n\u00famero de sus hijos.<\/span><\/p><p><span style=\"font-weight: 400;\">]Notar\u00e1s que nuestro enfoque estrat\u00e9gico no se concentra en las experiencias de conversi\u00f3n, sino en \u201clos seguidores de Jes\u00fas\u201d. Jes\u00fas les dijo a sus primeros seguidores \u201cvayan y hagan disc\u00edpulos\u201d. No dijo \u201cvayan y hagan conversos\u201d. Esto es porque, cuando una persona es seguidora, siente la necesidad de compartir a Jes\u00fas con otros. Se apasiona por el amor de Cristo.<\/span><\/p><p><span style=\"font-weight: 400;\">Cuando vemos el mundo que nos rodea a trav\u00e9s del amor de Cristo, se nos hace imposible quedarnos de brazos cruzados sabiendo que hay tantas personas oprimidas. Este amor nos impulsa a participar en la sociedad. Jes\u00fas participaba en el mundo que le rodeaba y no espera menos de nosotros. Despu\u00e9s de todo, somos la extensi\u00f3n de sus brazos. Nuestro trabajo es descubrir constantemente d\u00f3nde y c\u00f3mo desea Jes\u00fas que actuemos.<\/span><\/p><p><span style=\"font-weight: 400;\">En lo que se refiere al estilo de vida, el mundo tiene muchos patrones. Deseamos ayudar a la juventud a entender la importancia de vivir una \u201cvida santa\u201d. Como cristianos, todo el mundo nos observa. A los j\u00f3venes les interesa ver c\u00f3mo respondemos frente a las situaciones de la vida cotidiana. San Francisco de As\u00eds dijo: \u201cVayan y prediquen el Evangelio a todas las naciones y, si lo necesitan, usen palabras\u201d. Esta declaraci\u00f3n nos deber\u00eda ayudar a comprender la importancia de vivir una \u201cvida santa\u201d.<\/span><\/p><p><span style=\"font-weight: 400;\">Es natural sentirse algo abrumado despu\u00e9s de haber le\u00eddo las afirmaciones anteriores. Es imposible ser fiel a estos principios a menos que exista una vida de oraci\u00f3n. Debemos dedicarnos a orar. Es as\u00ed como nos comunicamos con nuestro amoroso Padre celestial. Por otra parte, \u00e9l se comunica con nosotros a trav\u00e9s de diversas formas: la Biblia, su Palabra; las conversaciones con otros creyentes, e incluso, no creyentes; la naturaleza y los mensajes de sus ministros. Cuanto m\u00e1s tiempo pasemos con nuestro Padre en oraci\u00f3n, mejor podremos distinguir su voz. Es as\u00ed como nos volvemos m\u00e1s como \u00e9l es.<\/span><\/p>\t\t\t\t\t\t\t\t<\/div>\n\t\t\t\t<\/div>\n\t\t\t\t\t<\/div>\n\t\t<\/div>\n\t\t\t\t\t<\/div>\n\t\t<\/section>\n\t\t\t\t<\/div>","protected":false},"excerpt":{"rendered":"<p>Juventud para Cristo es una organizaci\u00f3n internacional e interdenominacional que se encuentra en m\u00e1s de 110 pa\u00edses alrededor del mundo, especializada en el evangelismo y discipulado de la juventud. Somos una organizaci\u00f3n cristiana, sin fines de lucro, de car\u00e1cter aut\u00f3nomo. Nos consideramos un movimiento misionero portador de una visi\u00f3n global y comprometidos con la misi\u00f3n [&hellip;]<\/p>\n","protected":false},"author":1,"featured_media":0,"parent":0,"menu_order":0,"comment_status":"closed","ping_status":"closed","template":"","meta":{"ocean_post_layout":"","ocean_both_sidebars_style":"","ocean_both_sidebars_content_width":0,"ocean_both_sidebars_sidebars_width":0,"ocean_sidebar":"","ocean_second_sidebar":"","ocean_disable_margins":"enable","ocean_add_body_class":"","ocean_shortcode_before_top_bar":"","ocean_shortcode_after_top_bar":"","ocean_shortcode_before_header":"","ocean_shortcode_after_header":"","ocean_has_shortcode":"","ocean_shortcode_after_title":"","ocean_shortcode_before_footer_widgets":"","ocean_shortcode_after_footer_widgets":"","ocean_shortcode_before_footer_bottom":"","ocean_shortcode_after_footer_bottom":"","ocean_display_top_bar":"default","ocean_display_header":"default","ocean_header_style":"","ocean_center_header_left_menu":"","ocean_custom_header_template":"","ocean_custom_logo":0,"ocean_custom_retina_logo":0,"ocean_custom_logo_max_width":0,"ocean_custom_logo_tablet_max_width":0,"ocean_custom_logo_mobile_max_width":0,"ocean_custom_logo_max_height":0,"ocean_custom_logo_tablet_max_height":0,"ocean_custom_logo_mobile_max_height":0,"ocean_header_custom_menu":"","ocean_menu_typo_font_family":"","ocean_menu_typo_font_subset":"","ocean_menu_typo_font_size":0,"ocean_menu_typo_font_size_tablet":0,"ocean_menu_typo_font_size_mobile":0,"ocean_menu_typo_font_size_unit":"px","ocean_menu_typo_font_weight":"","ocean_menu_typo_font_weight_tablet":"","ocean_menu_typo_font_weight_mobile":"","ocean_menu_typo_transform":"","ocean_menu_typo_transform_tablet":"","ocean_menu_typo_transform_mobile":"","ocean_menu_typo_line_height":0,"ocean_menu_typo_line_height_tablet":0,"ocean_menu_typo_line_height_mobile":0,"ocean_menu_typo_line_height_unit":"","ocean_menu_typo_spacing":0,"ocean_menu_typo_spacing_tablet":0,"ocean_menu_typo_spacing_mobile":0,"ocean_menu_typo_spacing_unit":"","ocean_menu_link_color":"","ocean_menu_link_color_hover":"","ocean_menu_link_color_active":"","ocean_menu_link_background":"","ocean_menu_link_hover_background":"","ocean_menu_link_active_background":"","ocean_menu_social_links_bg":"","ocean_menu_social_hover_links_bg":"","ocean_menu_social_links_color":"","ocean_menu_social_hover_links_color":"","ocean_disable_title":"default","ocean_disable_heading":"default","ocean_post_title":"","ocean_post_subheading":"","ocean_post_title_style":"","ocean_post_title_background_color":"","ocean_post_title_background":0,"ocean_post_title_bg_image_position":"","ocean_post_title_bg_image_attachment":"","ocean_post_title_bg_image_repeat":"","ocean_post_title_bg_image_size":"","ocean_post_title_height":0,"ocean_post_title_bg_overlay":0.5,"ocean_post_title_bg_overlay_color":"","ocean_disable_breadcrumbs":"default","ocean_breadcrumbs_color":"","ocean_breadcrumbs_separator_color":"","ocean_breadcrumbs_links_color":"","ocean_breadcrumbs_links_hover_color":"","ocean_display_footer_widgets":"default","ocean_display_footer_bottom":"default","ocean_custom_footer_template":"","footnotes":""},"class_list":["post-2902","page","type-page","status-publish","hentry","entry","owp-thumbs-layout-horizontal","owp-btn-normal","owp-tabs-layout-horizontal","has-no-thumbnails","has-product-nav"],"jetpack_sharing_enabled":true,"_links":{"self":[{"href":"https:\/\/juventudparacristo.net\/portal\/cat\/wp-json\/wp\/v2\/pages\/2902","targetHints":{"allow":["GET"]}}],"collection":[{"href":"https:\/\/juventudparacristo.net\/portal\/cat\/wp-json\/wp\/v2\/pages"}],"about":[{"href":"https:\/\/juventudparacristo.net\/portal\/cat\/wp-json\/wp\/v2\/types\/page"}],"author":[{"embeddable":true,"href":"https:\/\/juventudparacristo.net\/portal\/cat\/wp-json\/wp\/v2\/users\/1"}],"replies":[{"embeddable":true,"href":"https:\/\/juventudparacristo.net\/portal\/cat\/wp-json\/wp\/v2\/comments?post=2902"}],"version-history":[{"count":44,"href":"https:\/\/juventudparacristo.net\/portal\/cat\/wp-json\/wp\/v2\/pages\/2902\/revisions"}],"predecessor-version":[{"id":8517,"href":"https:\/\/juventudparacristo.net\/portal\/cat\/wp-json\/wp\/v2\/pages\/2902\/revisions\/8517"}],"wp:attachment":[{"href":"https:\/\/juventudparacristo.net\/portal\/cat\/wp-json\/wp\/v2\/media?parent=2902"}],"curies":[{"name":"wp","href":"https:\/\/api.w.org\/{rel}","templated":true}]}}