{"id":2929,"date":"2013-11-03T10:35:50","date_gmt":"2013-11-03T09:35:50","guid":{"rendered":"http:\/\/www.juventudparacristo.net\/portal\/?page_id=2929"},"modified":"2022-09-23T01:33:56","modified_gmt":"2022-09-22T23:33:56","slug":"formacion","status":"publish","type":"page","link":"https:\/\/juventudparacristo.net\/portal\/cat\/formacion\/","title":{"rendered":"Formaci\u00f3"},"content":{"rendered":"<div data-elementor-type=\"wp-page\" data-elementor-id=\"2929\" class=\"elementor elementor-2929\">\n\t\t\t\t\t\t<section class=\"elementor-section elementor-top-section elementor-element elementor-element-767505e6 elementor-section-boxed elementor-section-height-default elementor-section-height-default\" data-id=\"767505e6\" data-element_type=\"section\" data-e-type=\"section\">\n\t\t\t\t\t\t<div class=\"elementor-container elementor-column-gap-default\">\n\t\t\t\t\t<div class=\"elementor-column elementor-col-100 elementor-top-column elementor-element elementor-element-4f295ee9\" data-id=\"4f295ee9\" data-element_type=\"column\" data-e-type=\"column\">\n\t\t\t<div class=\"elementor-widget-wrap elementor-element-populated\">\n\t\t\t\t\t\t<div class=\"elementor-element elementor-element-fde43d2 elementor-position-left elementor-vertical-align-middle elementor-widget elementor-widget-image-box\" data-id=\"fde43d2\" data-element_type=\"widget\" data-e-type=\"widget\" data-widget_type=\"image-box.default\">\n\t\t\t\t<div class=\"elementor-widget-container\">\n\t\t\t\t\t<div class=\"elementor-image-box-wrapper\"><figure class=\"elementor-image-box-img\"><a href=\"https:\/\/eell.org\/\" tabindex=\"-1\"><img fetchpriority=\"high\" decoding=\"async\" width=\"1080\" height=\"1080\" src=\"https:\/\/i0.wp.com\/juventudparacristo.net\/portal\/wp-content\/uploads\/2022\/01\/MON0822BCN.jpg?fit=1080%2C1080&amp;ssl=1\" class=\"attachment-full size-full wp-image-7297\" alt=\"\" srcset=\"https:\/\/i0.wp.com\/juventudparacristo.net\/portal\/wp-content\/uploads\/2022\/01\/MON0822BCN.jpg?w=1080&amp;ssl=1 1080w, https:\/\/i0.wp.com\/juventudparacristo.net\/portal\/wp-content\/uploads\/2022\/01\/MON0822BCN.jpg?resize=300%2C300&amp;ssl=1 300w, https:\/\/i0.wp.com\/juventudparacristo.net\/portal\/wp-content\/uploads\/2022\/01\/MON0822BCN.jpg?resize=1024%2C1024&amp;ssl=1 1024w, https:\/\/i0.wp.com\/juventudparacristo.net\/portal\/wp-content\/uploads\/2022\/01\/MON0822BCN.jpg?resize=150%2C150&amp;ssl=1 150w, https:\/\/i0.wp.com\/juventudparacristo.net\/portal\/wp-content\/uploads\/2022\/01\/MON0822BCN.jpg?resize=768%2C768&amp;ssl=1 768w, https:\/\/i0.wp.com\/juventudparacristo.net\/portal\/wp-content\/uploads\/2022\/01\/MON0822BCN.jpg?resize=640%2C640&amp;ssl=1 640w, https:\/\/i0.wp.com\/juventudparacristo.net\/portal\/wp-content\/uploads\/2022\/01\/MON0822BCN.jpg?resize=600%2C600&amp;ssl=1 600w, https:\/\/i0.wp.com\/juventudparacristo.net\/portal\/wp-content\/uploads\/2022\/01\/MON0822BCN.jpg?resize=75%2C75&amp;ssl=1 75w, https:\/\/i0.wp.com\/juventudparacristo.net\/portal\/wp-content\/uploads\/2022\/01\/MON0822BCN.jpg?resize=50%2C50&amp;ssl=1 50w\" sizes=\"(max-width: 1080px) 100vw, 1080px\" \/><\/a><\/figure><div class=\"elementor-image-box-content\"><h3 class=\"elementor-image-box-title\"><a href=\"https:\/\/eell.org\/\">Cursos Oficiales de Monitor y Director de tiempo libre<\/a><\/h3><p class=\"elementor-image-box-description\"><span style=\", sans-serif;white-space: normal\">El Curso de monitor\/a prepara al alumno para intervenir de forma educativa en actividades de ocio infantil y juvenil, capacit\u00e1ndolo para organizar, dinamizar y evaluar actividades de tiempo libre infantil y juvenil...<\/span><br><br><span style=\", sans-serif;white-space: normal\">El Curso de director\/a de actividades de educaci\u00f3n en el tiempo libre infantil y juvenil es la formaci\u00f3n que prepara a los alumnos para intervenir en tareas de coordinaci\u00f3n de equipos en actividades de tiempo libre infantil y juvenil...<\/span><br><b>(Para saber m\u00e1s haz click en la imagen)<\/b><\/p><\/div><\/div>\t\t\t\t<\/div>\n\t\t\t\t<\/div>\n\t\t\t\t<div class=\"elementor-element elementor-element-44a67f0 elementor-position-left elementor-vertical-align-middle elementor-widget elementor-widget-image-box\" data-id=\"44a67f0\" data-element_type=\"widget\" data-e-type=\"widget\" data-widget_type=\"image-box.default\">\n\t\t\t\t<div class=\"elementor-widget-container\">\n\t\t\t\t\t<div class=\"elementor-image-box-wrapper\"><figure class=\"elementor-image-box-img\"><a href=\"https:\/\/didaktikos.es\/\" tabindex=\"-1\"><img decoding=\"async\" width=\"1080\" height=\"1080\" src=\"https:\/\/i0.wp.com\/juventudparacristo.net\/portal\/wp-content\/uploads\/2022\/09\/Diplomado-en-Ciencias-empresariales-en-la-Univ.-de-Alicante-y-Graduando-en-la-Facultad-de-Teologia-IBSTE.png?fit=1080%2C1080&amp;ssl=1\" class=\"attachment-full size-full wp-image-8549\" alt=\"\" srcset=\"https:\/\/i0.wp.com\/juventudparacristo.net\/portal\/wp-content\/uploads\/2022\/09\/Diplomado-en-Ciencias-empresariales-en-la-Univ.-de-Alicante-y-Graduando-en-la-Facultad-de-Teologia-IBSTE.png?w=1080&amp;ssl=1 1080w, https:\/\/i0.wp.com\/juventudparacristo.net\/portal\/wp-content\/uploads\/2022\/09\/Diplomado-en-Ciencias-empresariales-en-la-Univ.-de-Alicante-y-Graduando-en-la-Facultad-de-Teologia-IBSTE.png?resize=300%2C300&amp;ssl=1 300w, https:\/\/i0.wp.com\/juventudparacristo.net\/portal\/wp-content\/uploads\/2022\/09\/Diplomado-en-Ciencias-empresariales-en-la-Univ.-de-Alicante-y-Graduando-en-la-Facultad-de-Teologia-IBSTE.png?resize=1024%2C1024&amp;ssl=1 1024w, https:\/\/i0.wp.com\/juventudparacristo.net\/portal\/wp-content\/uploads\/2022\/09\/Diplomado-en-Ciencias-empresariales-en-la-Univ.-de-Alicante-y-Graduando-en-la-Facultad-de-Teologia-IBSTE.png?resize=150%2C150&amp;ssl=1 150w, https:\/\/i0.wp.com\/juventudparacristo.net\/portal\/wp-content\/uploads\/2022\/09\/Diplomado-en-Ciencias-empresariales-en-la-Univ.-de-Alicante-y-Graduando-en-la-Facultad-de-Teologia-IBSTE.png?resize=768%2C768&amp;ssl=1 768w, https:\/\/i0.wp.com\/juventudparacristo.net\/portal\/wp-content\/uploads\/2022\/09\/Diplomado-en-Ciencias-empresariales-en-la-Univ.-de-Alicante-y-Graduando-en-la-Facultad-de-Teologia-IBSTE.png?resize=200%2C200&amp;ssl=1 200w, https:\/\/i0.wp.com\/juventudparacristo.net\/portal\/wp-content\/uploads\/2022\/09\/Diplomado-en-Ciencias-empresariales-en-la-Univ.-de-Alicante-y-Graduando-en-la-Facultad-de-Teologia-IBSTE.png?resize=640%2C640&amp;ssl=1 640w, https:\/\/i0.wp.com\/juventudparacristo.net\/portal\/wp-content\/uploads\/2022\/09\/Diplomado-en-Ciencias-empresariales-en-la-Univ.-de-Alicante-y-Graduando-en-la-Facultad-de-Teologia-IBSTE.png?resize=600%2C600&amp;ssl=1 600w, https:\/\/i0.wp.com\/juventudparacristo.net\/portal\/wp-content\/uploads\/2022\/09\/Diplomado-en-Ciencias-empresariales-en-la-Univ.-de-Alicante-y-Graduando-en-la-Facultad-de-Teologia-IBSTE.png?resize=75%2C75&amp;ssl=1 75w, https:\/\/i0.wp.com\/juventudparacristo.net\/portal\/wp-content\/uploads\/2022\/09\/Diplomado-en-Ciencias-empresariales-en-la-Univ.-de-Alicante-y-Graduando-en-la-Facultad-de-Teologia-IBSTE.png?resize=50%2C50&amp;ssl=1 50w\" sizes=\"(max-width: 1080px) 100vw, 1080px\" \/><\/a><\/figure><div class=\"elementor-image-box-content\"><h3 class=\"elementor-image-box-title\"><a href=\"https:\/\/didaktikos.es\/\">Curso biblia y teol\u00f3gica para el ministerio cristiano<\/a><\/h3><p class=\"elementor-image-box-description\"><span style=\"text-align: justify;white-space: normal\">Curso intensivo para adultos y j\u00f3venes que estudian o trabajan y disponen de poco tiempo libre. Incluye asignaturas ministeriales, b\u00edblicas y teol\u00f3gicas con profesores cualificados y con ampl\u00eda experiencia en la ense\u00f1anza. Cuando termines este curso adem\u00e1s de adquirir un gran n\u00famero de herramientas tambi\u00e9n te haremos entrega del t\u00edtulo privado que acredita que has aprobado nuestro curso B.T.M.C. LLevamos ya 9 a\u00f1os consecutivos ofreciendo este curso en Barcelona(Espa\u00f1a) de forma presencial y tres a\u00f1os de forma sincr\u00f3nica(zoom)....<\/span><br><b>(Para saber m\u00e1s haz click en la imagen)<\/b><\/p><\/div><\/div>\t\t\t\t<\/div>\n\t\t\t\t<\/div>\n\t\t\t\t<div class=\"elementor-element elementor-element-1a274e7 elementor-position-left elementor-vertical-align-middle elementor-widget elementor-widget-image-box\" data-id=\"1a274e7\" data-element_type=\"widget\" data-e-type=\"widget\" data-widget_type=\"image-box.default\">\n\t\t\t\t<div class=\"elementor-widget-container\">\n\t\t\t\t\t<div class=\"elementor-image-box-wrapper\"><figure class=\"elementor-image-box-img\"><a href=\"https:\/\/openspaceacademy.com\/\" tabindex=\"-1\"><img decoding=\"async\" width=\"1080\" height=\"1080\" src=\"https:\/\/i0.wp.com\/juventudparacristo.net\/portal\/wp-content\/uploads\/2022\/09\/We-teach-and-we-care..png?fit=1080%2C1080&amp;ssl=1\" class=\"attachment-full size-full wp-image-8559\" alt=\"\" srcset=\"https:\/\/i0.wp.com\/juventudparacristo.net\/portal\/wp-content\/uploads\/2022\/09\/We-teach-and-we-care..png?w=1080&amp;ssl=1 1080w, https:\/\/i0.wp.com\/juventudparacristo.net\/portal\/wp-content\/uploads\/2022\/09\/We-teach-and-we-care..png?resize=300%2C300&amp;ssl=1 300w, https:\/\/i0.wp.com\/juventudparacristo.net\/portal\/wp-content\/uploads\/2022\/09\/We-teach-and-we-care..png?resize=1024%2C1024&amp;ssl=1 1024w, https:\/\/i0.wp.com\/juventudparacristo.net\/portal\/wp-content\/uploads\/2022\/09\/We-teach-and-we-care..png?resize=150%2C150&amp;ssl=1 150w, https:\/\/i0.wp.com\/juventudparacristo.net\/portal\/wp-content\/uploads\/2022\/09\/We-teach-and-we-care..png?resize=768%2C768&amp;ssl=1 768w, https:\/\/i0.wp.com\/juventudparacristo.net\/portal\/wp-content\/uploads\/2022\/09\/We-teach-and-we-care..png?resize=200%2C200&amp;ssl=1 200w, https:\/\/i0.wp.com\/juventudparacristo.net\/portal\/wp-content\/uploads\/2022\/09\/We-teach-and-we-care..png?resize=640%2C640&amp;ssl=1 640w, https:\/\/i0.wp.com\/juventudparacristo.net\/portal\/wp-content\/uploads\/2022\/09\/We-teach-and-we-care..png?resize=600%2C600&amp;ssl=1 600w, https:\/\/i0.wp.com\/juventudparacristo.net\/portal\/wp-content\/uploads\/2022\/09\/We-teach-and-we-care..png?resize=75%2C75&amp;ssl=1 75w, https:\/\/i0.wp.com\/juventudparacristo.net\/portal\/wp-content\/uploads\/2022\/09\/We-teach-and-we-care..png?resize=50%2C50&amp;ssl=1 50w\" sizes=\"(max-width: 1080px) 100vw, 1080px\" \/><\/a><\/figure><div class=\"elementor-image-box-content\"><h3 class=\"elementor-image-box-title\"><a href=\"https:\/\/openspaceacademy.com\/\">Vive el idioma en Open Space English Academy<\/a><\/h3><p class=\"elementor-image-box-description\"><br><b>Ense\u00f1amos ingl\u00e9s con vocaci\u00f3n y nos ocupamos de brindar una experiencia acad\u00e9mica personalizada a cada uno de nuestros alumnos y alumnas. Para saber m\u00e1s haz click en la imagen...<\/b><\/p><\/div><\/div>\t\t\t\t<\/div>\n\t\t\t\t<\/div>\n\t\t\t\t<div class=\"elementor-element elementor-element-62e0b7f1 elementor-widget elementor-widget-text-editor\" data-id=\"62e0b7f1\" data-element_type=\"widget\" data-e-type=\"widget\" data-widget_type=\"text-editor.default\">\n\t\t\t\t<div class=\"elementor-widget-container\">\n\t\t\t\t\t\t\t\t\t<p><span style=\"color: rgba(0, 0, 0, 0.87); font-family: Oswald, sans-serif; font-size: 1.3125rem;\">Para m\u00e1s informaci\u00f3n puedes escribirnos a\u00a0<\/span><span style=\"font-family: Oswald, sans-serif; font-size: 1.3125rem; color: #3366ff;\"><strong><a style=\"color: #3366ff;\" href=\"mailto:info@juventudparacristo.net\">info@juventudparacristo.net<\/a><\/strong>\u00a0<\/span><span style=\"color: rgba(0, 0, 0, 0.87); font-family: Oswald, sans-serif; font-size: 1.3125rem;\">o llamarnos al 934545211<\/span><\/p>\t\t\t\t\t\t\t\t<\/div>\n\t\t\t\t<\/div>\n\t\t\t\t\t<\/div>\n\t\t<\/div>\n\t\t\t\t\t<\/div>\n\t\t<\/section>\n\t\t\t\t<\/div>","protected":false},"excerpt":{"rendered":"<p>Cursos Oficiales de Monitor y Director de tiempo libre El Curso de monitor\/a prepara al alumno para intervenir de forma educativa en actividades de ocio infantil y juvenil, capacit\u00e1ndolo para organizar, dinamizar y evaluar actividades de tiempo libre infantil y juvenil&#8230; El Curso de director\/a de actividades de educaci\u00f3n en el tiempo libre infantil y [&hellip;]<\/p>\n","protected":false},"author":1,"featured_media":0,"parent":0,"menu_order":0,"comment_status":"closed","ping_status":"closed","template":"","meta":{"ocean_post_layout":"","ocean_both_sidebars_style":"","ocean_both_sidebars_content_width":0,"ocean_both_sidebars_sidebars_width":0,"ocean_sidebar":"","ocean_second_sidebar":"","ocean_disable_margins":"enable","ocean_add_body_class":"","ocean_shortcode_before_top_bar":"","ocean_shortcode_after_top_bar":"","ocean_shortcode_before_header":"","ocean_shortcode_after_header":"","ocean_has_shortcode":"","ocean_shortcode_after_title":"","ocean_shortcode_before_footer_widgets":"","ocean_shortcode_after_footer_widgets":"","ocean_shortcode_before_footer_bottom":"","ocean_shortcode_after_footer_bottom":"","ocean_display_top_bar":"default","ocean_display_header":"default","ocean_header_style":"","ocean_center_header_left_menu":"","ocean_custom_header_template":"","ocean_custom_logo":0,"ocean_custom_retina_logo":0,"ocean_custom_logo_max_width":0,"ocean_custom_logo_tablet_max_width":0,"ocean_custom_logo_mobile_max_width":0,"ocean_custom_logo_max_height":0,"ocean_custom_logo_tablet_max_height":0,"ocean_custom_logo_mobile_max_height":0,"ocean_header_custom_menu":"","ocean_menu_typo_font_family":"","ocean_menu_typo_font_subset":"","ocean_menu_typo_font_size":0,"ocean_menu_typo_font_size_tablet":0,"ocean_menu_typo_font_size_mobile":0,"ocean_menu_typo_font_size_unit":"px","ocean_menu_typo_font_weight":"","ocean_menu_typo_font_weight_tablet":"","ocean_menu_typo_font_weight_mobile":"","ocean_menu_typo_transform":"","ocean_menu_typo_transform_tablet":"","ocean_menu_typo_transform_mobile":"","ocean_menu_typo_line_height":0,"ocean_menu_typo_line_height_tablet":0,"ocean_menu_typo_line_height_mobile":0,"ocean_menu_typo_line_height_unit":"","ocean_menu_typo_spacing":0,"ocean_menu_typo_spacing_tablet":0,"ocean_menu_typo_spacing_mobile":0,"ocean_menu_typo_spacing_unit":"","ocean_menu_link_color":"","ocean_menu_link_color_hover":"","ocean_menu_link_color_active":"","ocean_menu_link_background":"","ocean_menu_link_hover_background":"","ocean_menu_link_active_background":"","ocean_menu_social_links_bg":"","ocean_menu_social_hover_links_bg":"","ocean_menu_social_links_color":"","ocean_menu_social_hover_links_color":"","ocean_disable_title":"default","ocean_disable_heading":"default","ocean_post_title":"","ocean_post_subheading":"","ocean_post_title_style":"","ocean_post_title_background_color":"","ocean_post_title_background":0,"ocean_post_title_bg_image_position":"","ocean_post_title_bg_image_attachment":"","ocean_post_title_bg_image_repeat":"","ocean_post_title_bg_image_size":"","ocean_post_title_height":0,"ocean_post_title_bg_overlay":0.5,"ocean_post_title_bg_overlay_color":"","ocean_disable_breadcrumbs":"default","ocean_breadcrumbs_color":"","ocean_breadcrumbs_separator_color":"","ocean_breadcrumbs_links_color":"","ocean_breadcrumbs_links_hover_color":"","ocean_display_footer_widgets":"default","ocean_display_footer_bottom":"default","ocean_custom_footer_template":"","footnotes":""},"class_list":["post-2929","page","type-page","status-publish","hentry","entry","owp-thumbs-layout-horizontal","owp-btn-normal","owp-tabs-layout-horizontal","has-no-thumbnails","has-product-nav"],"jetpack_sharing_enabled":true,"_links":{"self":[{"href":"https:\/\/juventudparacristo.net\/portal\/cat\/wp-json\/wp\/v2\/pages\/2929","targetHints":{"allow":["GET"]}}],"collection":[{"href":"https:\/\/juventudparacristo.net\/portal\/cat\/wp-json\/wp\/v2\/pages"}],"about":[{"href":"https:\/\/juventudparacristo.net\/portal\/cat\/wp-json\/wp\/v2\/types\/page"}],"author":[{"embeddable":true,"href":"https:\/\/juventudparacristo.net\/portal\/cat\/wp-json\/wp\/v2\/users\/1"}],"replies":[{"embeddable":true,"href":"https:\/\/juventudparacristo.net\/portal\/cat\/wp-json\/wp\/v2\/comments?post=2929"}],"version-history":[{"count":119,"href":"https:\/\/juventudparacristo.net\/portal\/cat\/wp-json\/wp\/v2\/pages\/2929\/revisions"}],"predecessor-version":[{"id":8571,"href":"https:\/\/juventudparacristo.net\/portal\/cat\/wp-json\/wp\/v2\/pages\/2929\/revisions\/8571"}],"wp:attachment":[{"href":"https:\/\/juventudparacristo.net\/portal\/cat\/wp-json\/wp\/v2\/media?parent=2929"}],"curies":[{"name":"wp","href":"https:\/\/api.w.org\/{rel}","templated":true}]}}