{"id":2935,"date":"2013-11-03T10:36:33","date_gmt":"2013-11-03T10:36:33","guid":{"rendered":"http:\/\/www.juventudparacristo.net\/portal\/?page_id=2935"},"modified":"2021-01-15T23:34:38","modified_gmt":"2021-01-15T22:34:38","slug":"quienes-somos","status":"publish","type":"page","link":"https:\/\/juventudparacristo.net\/portal\/cat\/quienes-somos\/","title":{"rendered":"\u00bfQuienes somos?"},"content":{"rendered":"<p>[vc_row][vc_column][vc_single_image image=\u00bb2882&#8243; img_size=\u00bbmedium\u00bb][\/vc_column][vc_column][vc_column_text]Juventud para Cristo ha tenido una historia distintiva como movimiento de evangelizaci\u00f3n entre j\u00f3venes en todo el mundo. A principios de los a\u00f1os cuarenta, diferentes pastores y evangelistas empezaron a organizar grandes concentraciones de j\u00f3venes en Canad\u00e1, Inglaterra y Estados Unidos. Extendi\u00e9ndose a docenas de ciudades despu\u00e9s del final de la Segunda Guerra Mundial, Juventud para Cristo (JPC) se organiz\u00f3 r\u00e1pidamente para proveer liderazgo y estrategia, adem\u00e1s de conferenciantes y m\u00fasicos para las distintas localidades.<\/p>\n<p>JPC dio esperanza a una generaci\u00f3n de j\u00f3venes marcada por la postguerra y pronto pas\u00f3 a ser un movimiento mundial.<\/p>\n<p>Billy Graham se convirti\u00f3 en el primer miembro a todo tiempo del personal del nuevo movimiento, y fue uno de sus impulsores decisivos.<br \/>\n[\/vc_column_text][\/vc_column][vc_column][vc_single_image image=\u00bb2885&#8243; img_size=\u00bbmedium\u00bb][\/vc_column][vc_column][vc_column_text]En 1948, una conferencia de este nuevo movimiento en Beatenburg, Suiza, sirvi\u00f3 como inspiraci\u00f3n para su extensi\u00f3n a varios pa\u00edses de Europa. Un joven pastor llamado Samuel Vila asisti\u00f3 a la conferencia e invit\u00f3 a algunos delegados a visitar Espa\u00f1a para compartir su visi\u00f3n. Al cabo de unas semanas, un comit\u00e9 directivo hab\u00eda sido formado en Espa\u00f1a, y sus miembros hab\u00edan empezado a organizar algunas reuniones evangel\u00edsticas desde antes de la Guerra civil. La respuesta fue enorme.<\/p>\n<p>Algunas secciones del informe para el VII aniversario de Juventud para Cristo dan algunos detalles:[\/vc_column_text][\/vc_column][\/vc_row][vc_row][vc_column width=\u00bb1\/2&#8243;][vc_single_image image=\u00bb2886&#8243; img_size=\u00bbmedium\u00bb][\/vc_column][vc_column width=\u00bb1\/2&#8243;][vc_column_text]\u00bbCuando se celebraron los cultos en una sola capilla&#8230; se form\u00f3 tal aglomeraci\u00f3n que&#8230; tuvieron que ir anunciando el culto anexo que hab\u00edamos improvisado en otra capilla.<\/p>\n<p>La campa\u00f1a se inaugur\u00f3 el d\u00eda 2 de octubre en la iglesia de Teruel en Barcelona. La asistencia se calcul\u00f3 en unas 1.000 personas, muchas m\u00e1s de la capacidad del local. Tuvo que habilitarse una Iglesia de Traves\u00eda San Antonio, donde se congregaron otras 150 personas. Mucha gente se vio imposibilitada para entrar&#8230;\u00bb<\/p>\n<p>Juan Gili, uno de los primeros colaboradores, aport\u00f3 liderazgo durante la mayor\u00eda de sus primeros 20 a\u00f1os. El principal modelo de ministerio utilizado fue la campa\u00f1a evangel\u00edstica. Una de las m\u00e1s grandes campa\u00f1as se hizo en el teatro Gran Price de Barcelona en 1969, con una asistencia de m\u00e1s de 8.000 personas.<\/p>\n<p>Un momento complicado aconteci\u00f3 en 1969. Gili hab\u00eda dimitido el a\u00f1o anterior para fundar otra organizaci\u00f3n evangel\u00edstica y se hab\u00eda aprobado la primera ley de libertad religiosa. Esta ley provoc\u00f3 un debate tremendo sobre si las iglesias deber\u00edan registrarse con el gobierno o no. Desafortunadamente, el debate lleg\u00f3 a ser causa de divisi\u00f3n y la unidad interdenominacional que hab\u00eda dado un gran impulso a Juventud para Cristo sufri\u00f3 como resultado. Al mismo tiempo, otros cambios estaban sucediendo en la cultura juvenil, los cuales har\u00edan necesario el desarrollo de nuevas estrategias en el ministerio.<\/p>\n<p>Cuando un joven misionero ingl\u00e9s, Eduardo Bracier, fue nombrado director en 1971, el ministerio casi hab\u00eda llegado a pararse, aunque se estaban considerado ideas para nuevos proyectos. Empezando a mitad de los 70, bajo la direcci\u00f3n innovadora de Fernando Campillo, Juventud para Cristo empez\u00f3 clubes y campamentos evangel\u00edsticos con adolescentes, ministerios de m\u00fasica y teatro, una editorial, programas de radio e incluso campa\u00f1as evangel\u00edsticas con un autob\u00fas ingl\u00e9s de dos pisos.<\/p>\n<p>A principios de los a\u00f1os 80 exist\u00eda una aut\u00e9ntica necesidad de consolidar el ministerio y de encontrar una fuente m\u00e1s estable para apoyar a los obreros que dedicaban su tiempo de una forma m\u00e1s completa a la obra. Despu\u00e9s de la dimisi\u00f3n, por razones personales, de Eduardo y Fernando y tras un periodo de transici\u00f3n, la pareja misionera Marcos y Estefan\u00eda Dodrill, juntamente con el nuevo director, Jos\u00e9 Burguillo, empezaron a trabajar para conseguir estas metas y para ampliar varias \u00e1reas del ministerio. Una de las mayores innovaciones bajo el liderazgo de Jos\u00e9 Burguillo fueron los viajes de ayuda humanitaria que se organizaron a Rumania y a Brasil bajo el nombre de Proyecto Servicio. En 1992, Jos\u00e9 dej\u00f3 Juventud para Cristo para formar una organizaci\u00f3n dedicada exclusivamente a este ministerio social, y Marcos Dodrill fue nombrado como el nuevo director.<\/p>\n<p>El perfil actual del ministerio enfatiza la producci\u00f3n de publicaciones, la formaci\u00f3n de l\u00edderes y la organizaci\u00f3n de actividades para apoyar los programas de las iglesias locales. Este acercamiento ha permitido a Juventud para Cristo en Espa\u00f1a ir m\u00e1s all\u00e1 de un ministerio local para tener un impacto en toda Espa\u00f1a y en todas partes del mundo castellano-parlante.<\/p>\n<p>El libro \u00abJuventud para Cristo: una memoria hist\u00f3rica ilustrada\u00bb, provee m\u00e1s detalles y testimonios personales de los primeros cincuenta a\u00f1os de esta organizaci\u00f3n en Espa\u00f1a. Es de inter\u00e9s para todos aquellos que quieren profundizar en la historia de la evangelizaci\u00f3n de la iglesia evang\u00e9lica en este pa\u00eds.[\/vc_column_text][\/vc_column][\/vc_row][vc_row][vc_column width=\u00bb1\/3&#8243;][vc_column_text]<\/p>\n<p><strong>NUESTRA MISI\u00d3N<\/strong><\/p>\n<p>Dar a cada joven la oportunidad de conocer a Dios a trav\u00e9s de Jesucristo.<\/p>\n<p>[\/vc_column_text][\/vc_column][vc_column width=\u00bb1\/3&#8243;][vc_column_text]<\/p>\n<p><strong>NUESTRA ESTRATEGIA<\/strong><\/p>\n<p>Apoyar y movilizar a la iglesia local para el ministerio juvenil.<\/p>\n<p>[\/vc_column_text][\/vc_column][vc_column width=\u00bb1\/3&#8243;][vc_column_text]<\/p>\n<p><strong>NUESTROS M\u00c9TODOS<\/strong><\/p>\n<p>Formaci\u00f3n de l\u00edderes<br \/>\nPublicaci\u00f3n de materiales<br \/>\nMinisterio directo con j\u00f3venes<br \/>\nObra misionera<\/p>\n<p>[\/vc_column_text][\/vc_column][\/vc_row][vc_row][vc_column width=\u00bb1\/2&#8243;][vc_video link=\u00bbhttps:\/\/www.youtube.com\/watch?v=amO19v9h7CE&amp;feature=player_embedded\u00bb][\/vc_column][vc_column width=\u00bb1\/2&#8243;][vc_column_text]<\/p>\n<p>JPC busca alcanzar a los j\u00f3venes en todas partes, trabajando con la iglesia local y otras organizaciones afines para formar seguidores de Jes\u00fas que lideren con vidas santas, devoci\u00f3n a la oraci\u00f3n, pasi\u00f3n por compartir el amor de Cristo y que est\u00e9n comprometidos con la participaci\u00f3n social.<\/p>\n<p>&nbsp;<\/p>\n<p>Todo movimiento necesita ciertas declaraciones posicionales que indiquen claramente hacia d\u00f3nde se dirige:<\/p>\n<p>&nbsp;<\/p>\n<p>Se denomina \u201cenfoque estrat\u00e9gico\u201d la t\u00e1ctica empleada por una organizaci\u00f3n para mantenerse fiel a su misi\u00f3n y visi\u00f3n. En JPCI sabemos que solos no podemos llegar a \u201clos j\u00f3venes en todas partes\u201d, y que necesitamos trabajar \u201ccon la iglesia local y otras organizaciones afines\u201d. Para ser francos, ser\u00eda arrogante e ignorante de nuestra parte pensar que podemos solos con esta tarea astron\u00f3mica. Esta tarea es \u201cdel tama\u00f1o de Dios\u201d y requiere de la participaci\u00f3n de un gran n\u00famero de sus hijos.<\/p>\n<p>[\/vc_column_text][\/vc_column][\/vc_row][vc_row][vc_column][vc_column_text]Notar\u00e1s que nuestro enfoque estrat\u00e9gico no se concentra en las experiencias de conversi\u00f3n, sino en \u201clos seguidores de Jes\u00fas\u201d. Jes\u00fas les dijo a sus primeros seguidores \u201cvayan y hagan disc\u00edpulos\u201d. No dijo \u201cvayan y hagan conversos\u201d. Esto es porque, cuando una persona es seguidora, siente la necesidad de compartir a Jes\u00fas con otros. Se apasiona por el amor de Cristo.<\/p>\n<p>Cuando vemos el mundo que nos rodea a trav\u00e9s del amor de Cristo, se nos hace imposible quedarnos de brazos cruzados sabiendo que hay tantas personas oprimidas. Este amor nos impulsa a participar en la sociedad. Jes\u00fas participaba en el mundo que le rodeaba y no espera menos de nosotros. Despu\u00e9s de todo, somos la extensi\u00f3n de sus brazos. Nuestro trabajo es descubrir constantemente d\u00f3nde y c\u00f3mo desea Jes\u00fas que actuemos.<\/p>\n<p>En lo que se refiere al estilo de vida, el mundo tiene muchos patrones. Deseamos ayudar a la juventud a entender la importancia de vivir una \u201cvida santa\u201d. Como cristianos, todo el mundo nos observa. A los j\u00f3venes les interesa ver c\u00f3mo respondemos frente a las situaciones de la vida cotidiana. San Francisco de As\u00eds dijo: \u201cVayan y prediquen el Evangelio a todas las naciones y, si lo necesitan, usen palabras\u201d. Esta declaraci\u00f3n nos deber\u00eda ayudar a comprender la importancia de vivir una \u201cvida santa\u201d.<\/p>\n<p>Es natural sentirse algo abrumado despu\u00e9s de haber le\u00eddo las afirmaciones anteriores. Es imposible ser fiel a estos principios a menos que exista una vida de oraci\u00f3n. Debemos dedicarnos a orar. Es as\u00ed como nos comunicamos con nuestro amoroso Padre celestial. Por otra parte, \u00e9l se comunica con nosotros a trav\u00e9s de diversas formas: la Biblia, su Palabra; las conversaciones con otros creyentes, e incluso, no creyentes; la naturaleza y los mensajes de sus ministros. Cuanto m\u00e1s tiempo pasemos con nuestro Padre en oraci\u00f3n, mejor podremos distinguir su voz. Es as\u00ed como nos volvemos m\u00e1s como \u00e9l es.[\/vc_column_text][\/vc_column][\/vc_row][vc_row][vc_column][vc_column_text]<\/p>\n<h1>Queremos que nos conozcas&#8230;<\/h1>\n<p>Adem\u00e1s de conocernos como organizaci\u00f3n, nos gustar\u00eda mostrarte tambi\u00e9n\u00a0las personas que conformamos Juventud para Cristo, desde el director hasta los colaboradores. Los que convivimos en JPC somos, al fin y al cabo, la esencia del proyecto.<\/p>\n<p>[\/vc_column_text][\/vc_column][\/vc_row][vc_row][vc_column][vc_text_separator title=\u00bbNos presentamos\u00bb title_align=\u00bbseparator_align_left\u00bb title_heading=\u00bbnone\u00bb separator_type=\u00bbtype2&#8243; margin_top=\u00bb0&#8243;][\/vc_column][\/vc_row][vc_row][vc_column width=\u00bb1\/2&#8243;][vc_single_image image=\u00bb2869&#8243; alignment=\u00bbcenter\u00bb][vc_column_text]<strong>Marcos Dodrill<\/strong>. Director Nacional<\/p>\n<p>Licenciado en Fuller Theological Seminary. Master en Divinity. Doctorado en Ciencias de la Educaci\u00f3n en Trinity International University en Deerfield, Illinois.\u00a0En 1982 llega a Espa\u00f1a para trabajar con Juventud para Cristo. En 1992 fue nombrado Director Nacional de JPC en este pa\u00eds. Ha viajado y trabajado en distintos pa\u00edses de Europa y Am\u00e9rica Latina. Actualmente es profesor de Educaci\u00f3n Cristiana y Pastoral de j\u00f3venes en el Instituto B\u00edblico y Seminario Teol\u00f3gico de Espa\u00f1a. Est\u00e1 casado con Estefan\u00eda Guti\u00e9rrez y tienen tres hijos.<\/p>\n<p>[\/vc_column_text][\/vc_column][vc_column width=\u00bb1\/2&#8243;][vc_single_image image=\u00bb2877&#8243; alignment=\u00bbcenter\u00bb][vc_column_text]<strong>Estefan\u00eda Dodrill<\/strong><\/p>\n<p>Licenciada en Teolog\u00eda en Fuller Theological Seminary. Ha trabajado en Juventud para Cristo en diferentes ministerios desde 1982. Actualmente se encarga de proyectos especiales y relaciones p\u00fablicas en el extranjero, adem\u00e1s de apoyar como monitora en los campamentos.<\/p>\n<p>Juntamente con su marido, Marcos, tienen tres hijos, cada uno nacido en un continente diferente: Cristina (1989, Fort Smith, Arkansas); Alex (1990, Santa Fe de Bogot\u00e1, Colombia) y Jennifer (1993, Barcelona, Espa\u00f1a) y desde 2009 una nieta, Elisa.<\/p>\n<p>[\/vc_column_text][\/vc_column][\/vc_row][vc_row equal_height=\u00bbyes\u00bb][vc_column width=\u00bb1\/2&#8243;][vc_single_image image=\u00bb5009&#8243; alignment=\u00bbcenter\u00bb][vc_column_text]<strong>Xavi Mor\u00f3n<\/strong><\/p>\n<p>Licenciado en F\u00edsica te\u00f3rica y con muchos a\u00f1os de experiencia como profesor de secundaria, Xavi conoce muy bien el mundo de los adolescentes. M\u00e1ster en direcci\u00f3n de centros escolares y titulado en Coach. Trabaja como profesor en nuestro seminario b\u00edblico Didaktikos.[\/vc_column_text][\/vc_column][vc_column width=\u00bb1\/2&#8243;][vc_single_image image=\u00bb5010&#8243; alignment=\u00bbcenter\u00bb][vc_column_text]<strong>Joel Tiscar<\/strong><\/p>\n<p>Licenciado en Psicolog\u00eda y con un M\u00e1ster en Psicolog\u00eda Cl\u00ednica y de la Salud, Joel ha sido tambi\u00e9n l\u00edder de j\u00f3venes. Actualmente asiste la Esgl\u00e9sia Evang\u00e8lica de Tr\u00e8vol. Trabaja en Juventud para Cristo desde hace m\u00e1s de dos a\u00f1os y es el responsable del ministerio con Preadolescentes.[\/vc_column_text][\/vc_column][\/vc_row][vc_row equal_height=\u00bbyes\u00bb][vc_column width=\u00bb1\/2&#8243;][vc_single_image image=\u00bb4301&#8243; alignment=\u00bbcenter\u00bb][vc_column_text]<strong>Alicia Mart\u00edn<\/strong><\/p>\n<p>Graduada en Magisterio, diplomada en Educaci\u00f3n Social y diplomada en Teolog\u00eda por CSTAD. Se ocupa de la Administraci\u00f3n, de l&#8217;Escola Evang\u00e8lica d&#8217;Educadors en el lleure y colabora en diferentes ministerios en JPC.[\/vc_column_text][\/vc_column][vc_column width=\u00bb1\/2&#8243;][vc_single_image image=\u00bb4723&#8243;][vc_column_text]<strong>Pedro Tarazona &amp; Karla Palomeque<\/strong><\/p>\n<p>Graduados en Teolog\u00eda en IBSTE. Pedro y Karla se conocieron en Alicante donde adquirieron una amplia experiencia en el liderazgo juvenil. Pedro es Diplomado en ciencias empresariales y esta comprometido con la excelencia en la gesti\u00f3n de proyectos y direcci\u00f3n de equipos ministeriales, Karla por su parte tiene una gran capacidad para la ense\u00f1anza b\u00edblica-teol\u00f3gica. Por lo que Pedro\u00a0estar\u00e1 en el equipo de liderazgo de Friday Adolescentes, F-Jove, Didaktikos y varias otras \u00e1reas mientras que Karla centrar\u00e1 sus esfuerzos en Didaktikos y F-Jove.[\/vc_column_text][\/vc_column][\/vc_row][vc_row equal_height=\u00bbyes\u00bb][vc_column width=\u00bb1\/2&#8243;][vc_single_image image=\u00bb4527&#8243; alignment=\u00bbcenter\u00bb][vc_column_text]<strong>Samuel Puga y Loida Roca<\/strong><\/p>\n<p>Samuel y Loida son desde Espa\u00f1a, los coordinadores de \u00a0los viajes de Juventud Para Cristo a Bulgaria. Casados en 2013, Samuel es graduado en Traducci\u00f3n e interpretaci\u00f3n de lenguas Ar\u00e1bicas, y Loida, graduada en Bellas Artes. Juntos se encargan de preparar los viajes, coordinar voluntarios, actividades, etc.<br \/>\nLos dos apoyan el ministerio en JPC como monitores de preadolescentes los viernes y en campamentos, y tambi\u00e9n\u00a0colaboran de manera activa en retiros de adultos.[\/vc_column_text][\/vc_column][vc_column width=\u00bb1\/2&#8243;][vc_single_image image=\u00bb4489&#8243;][vc_column_text]<strong>Rub\u00e9n Lafuente y Rebeca<\/strong><\/p>\n<p>Despu\u00e9s de varios a\u00f1os de estudios teol\u00f3gicos y la experiencia de obra pionera en varios pa\u00edses, Rub\u00e9n Lafuente se uni\u00f3 al equipo de JPC en 2008. Desde entonces ha formado un equipo de ministerio que se dedica a plantar iglesias, formar a l\u00edderes, realizar campamentos y trabajo con ni\u00f1os. Se cas\u00f3 en 2012 con Rebeca y juntos han abierto el centro de JPC Bulgaria. Tienen una preciosa ni\u00f1a, Lucia, quien naci\u00f3 el 5 de enero 2014.[\/vc_column_text][\/vc_column][\/vc_row][vc_row equal_height=\u00bbyes\u00bb][vc_column width=\u00bb1\/2&#8243;][vc_single_image image=\u00bb4478&#8243;][vc_column_text]<\/p>\n<div>\n<p><strong>Isaac Stough<\/strong><\/p>\n<p>Isaac naci\u00f3 en Wheaton Illinois en 1992. Tiene un master en T.E.S.O.L (Teaching English to Speakers of Other Languages &#8211; ense\u00f1ando ingl\u00e9s a parlantes de otros idiomas) y en antropolog\u00eda. Su licenciatura fue en Educaci\u00f3n, espec\u00edficamente en c\u00f3mo educar a una persona en mente, coraz\u00f3n, cuerpo y esp\u00edritu, c\u00f3mo educar a la persona completa. En Estados Unidos no trabajaba en ning\u00fan sitio, sino que hac\u00eda su m\u00e1ster y pr\u00e1cticas ense\u00f1ando ingl\u00e9s a refugiados de 7 pa\u00edses distintos. En JPC ense\u00f1a la mayor\u00eda de clases de ingl\u00e9s y les da herramientas a los otros profesores de ingl\u00e9s. Tambi\u00e9n ayuda como monitor con los preadolescentes y en los campamentos. Adem\u00e1s le gustar\u00eda ense\u00f1ar la biblia cuando mejore su espa\u00f1ol.<\/p>\n<\/div>\n<p>[\/vc_column_text][\/vc_column][vc_column width=\u00bb1\/2&#8243;][vc_single_image image=\u00bb4479&#8243;][vc_column_text]<\/p>\n<div>\n<p><strong>Jennifer Dodrill<\/strong><\/p>\n<p>Jennifer naci\u00f3 en Barcelona en 1993.\u00a0Tiene una licenciatura en Comunicaciones con una concentraci\u00f3n especial en teatro y en relaciones interpersonales. Despu\u00e9s de graduarse, trabaj\u00f3 en dos compa\u00f1ias distintas antes de venir a Barcelona y trabajar en JPC. La primera compa\u00f1ia se llamaba Movetech, una compa\u00f1ia enprendedora que intenta traer las nuevas tecnologias al mundo de la mudanza en Estados Unidos. All\u00ed ayudaba en el departamento de marketing y ventas y luego se fue a Epsilon, una compa\u00f1ia de tecnolog\u00eda y marketing internacional en Chicago.\u00a0En JPC est\u00e1 desarrollando un programa de teatro, lleva la direcci\u00f3n y marketing de la academia de ingl\u00e9s, es monitora con los pres, discipula a j\u00f3venes y trabaja en el equipo de expansi\u00f3n.<\/p>\n<\/div>\n<p>[\/vc_column_text][\/vc_column][\/vc_row][vc_row][vc_column width=\u00bb1\/2&#8243;][vc_single_image image=\u00bb4633&#8243;][vc_column_text]<strong>Daniel Zoppetti<\/strong><\/p>\n<p>[\/vc_column_text][\/vc_column][vc_column width=\u00bb1\/2&#8243;][\/vc_column][\/vc_row][vc_row][vc_column][vc_column_text]<\/p>\n<p><strong>CONTRACTACI\u00d3 EN PR\u00c0CTIQUES DE JOVES BENEFICIARIS DEL PROGRAMA DE GARANTIA JUVENIL DE CATALUNYA 2018<\/strong><\/p>\n<p>[\/vc_column_text][vc_single_image image=\u00bb4662&#8243; img_size=\u00bbfull\u00bb alignment=\u00bbcenter\u00bb][\/vc_column][\/vc_row][vc_row][vc_column][vc_column_text]<strong><em>Juventud para Cristo <\/em><\/strong>\u00e9s beneficiari de la Contractaci\u00f3 en pr\u00e0ctiques de joves beneficiaris del programa de Garantia Juvenil a Catal contracte de treball efectuat d\u2019acord amb les condicions establertes en l\u2019ordre TSF\/213\/2016, d\u20191 d\u2019agost, cofinan\u00e7at per launya cofinan\u00e7at per la Iniciativa d\u2019Ocupaci\u00f3 Juvenil i el Fons Social Europeu 2014-2020.<br \/>\nS\u2019ha efectuat un Iniciativa d\u2019Ocupaci\u00f3 Juvenil i el Fons Social Europeu.<br \/>\nFent aix\u00ed possible que joves amb formaci\u00f3 puguin millorar la seva ocupabilitat amb l\u2019enriquiment d\u2019una feina a jornada completa durant sis mesos, adquirint les aptituds i compet\u00e8ncies provinents de la pr\u00e0ctica laboral, millorant aix\u00ed, la seva incorporaci\u00f3 al mercat laboral.[\/vc_column_text][\/vc_column][\/vc_row]<\/p>\n","protected":false},"excerpt":{"rendered":"<p>[vc_row][vc_column][vc_single_image image=\u00bb2882&#8243; img_size=\u00bbmedium\u00bb][\/vc_column][vc_column][vc_column_text]Juventud para Cristo ha tenido una historia distintiva como movimiento de evangelizaci\u00f3n entre j\u00f3venes en todo el mundo. A principios de los a\u00f1os cuarenta, diferentes pastores y evangelistas empezaron a organizar grandes concentraciones de j\u00f3venes en Canad\u00e1, Inglaterra y Estados Unidos. Extendi\u00e9ndose a docenas de ciudades despu\u00e9s del final de la Segunda Guerra [&hellip;]<\/p>\n","protected":false},"author":1,"featured_media":0,"parent":0,"menu_order":0,"comment_status":"open","ping_status":"closed","template":"","meta":{"ocean_post_layout":"","ocean_both_sidebars_style":"","ocean_both_sidebars_content_width":0,"ocean_both_sidebars_sidebars_width":0,"ocean_sidebar":"","ocean_second_sidebar":"","ocean_disable_margins":"enable","ocean_add_body_class":"","ocean_shortcode_before_top_bar":"","ocean_shortcode_after_top_bar":"","ocean_shortcode_before_header":"","ocean_shortcode_after_header":"","ocean_has_shortcode":"","ocean_shortcode_after_title":"","ocean_shortcode_before_footer_widgets":"","ocean_shortcode_after_footer_widgets":"","ocean_shortcode_before_footer_bottom":"","ocean_shortcode_after_footer_bottom":"","ocean_display_top_bar":"default","ocean_display_header":"default","ocean_header_style":"","ocean_center_header_left_menu":"","ocean_custom_header_template":"","ocean_custom_logo":0,"ocean_custom_retina_logo":0,"ocean_custom_logo_max_width":0,"ocean_custom_logo_tablet_max_width":0,"ocean_custom_logo_mobile_max_width":0,"ocean_custom_logo_max_height":0,"ocean_custom_logo_tablet_max_height":0,"ocean_custom_logo_mobile_max_height":0,"ocean_header_custom_menu":"","ocean_menu_typo_font_family":"","ocean_menu_typo_font_subset":"","ocean_menu_typo_font_size":0,"ocean_menu_typo_font_size_tablet":0,"ocean_menu_typo_font_size_mobile":0,"ocean_menu_typo_font_size_unit":"px","ocean_menu_typo_font_weight":"","ocean_menu_typo_font_weight_tablet":"","ocean_menu_typo_font_weight_mobile":"","ocean_menu_typo_transform":"","ocean_menu_typo_transform_tablet":"","ocean_menu_typo_transform_mobile":"","ocean_menu_typo_line_height":0,"ocean_menu_typo_line_height_tablet":0,"ocean_menu_typo_line_height_mobile":0,"ocean_menu_typo_line_height_unit":"","ocean_menu_typo_spacing":0,"ocean_menu_typo_spacing_tablet":0,"ocean_menu_typo_spacing_mobile":0,"ocean_menu_typo_spacing_unit":"","ocean_menu_link_color":"","ocean_menu_link_color_hover":"","ocean_menu_link_color_active":"","ocean_menu_link_background":"","ocean_menu_link_hover_background":"","ocean_menu_link_active_background":"","ocean_menu_social_links_bg":"","ocean_menu_social_hover_links_bg":"","ocean_menu_social_links_color":"","ocean_menu_social_hover_links_color":"","ocean_disable_title":"default","ocean_disable_heading":"default","ocean_post_title":"","ocean_post_subheading":"","ocean_post_title_style":"","ocean_post_title_background_color":"","ocean_post_title_background":0,"ocean_post_title_bg_image_position":"","ocean_post_title_bg_image_attachment":"","ocean_post_title_bg_image_repeat":"","ocean_post_title_bg_image_size":"","ocean_post_title_height":0,"ocean_post_title_bg_overlay":0.5,"ocean_post_title_bg_overlay_color":"","ocean_disable_breadcrumbs":"default","ocean_breadcrumbs_color":"","ocean_breadcrumbs_separator_color":"","ocean_breadcrumbs_links_color":"","ocean_breadcrumbs_links_hover_color":"","ocean_display_footer_widgets":"default","ocean_display_footer_bottom":"default","ocean_custom_footer_template":"","footnotes":""},"class_list":["post-2935","page","type-page","status-publish","hentry","entry","owp-thumbs-layout-horizontal","owp-btn-normal","owp-tabs-layout-horizontal","has-no-thumbnails","has-product-nav"],"jetpack_sharing_enabled":true,"_links":{"self":[{"href":"https:\/\/juventudparacristo.net\/portal\/cat\/wp-json\/wp\/v2\/pages\/2935","targetHints":{"allow":["GET"]}}],"collection":[{"href":"https:\/\/juventudparacristo.net\/portal\/cat\/wp-json\/wp\/v2\/pages"}],"about":[{"href":"https:\/\/juventudparacristo.net\/portal\/cat\/wp-json\/wp\/v2\/types\/page"}],"author":[{"embeddable":true,"href":"https:\/\/juventudparacristo.net\/portal\/cat\/wp-json\/wp\/v2\/users\/1"}],"replies":[{"embeddable":true,"href":"https:\/\/juventudparacristo.net\/portal\/cat\/wp-json\/wp\/v2\/comments?post=2935"}],"version-history":[{"count":10,"href":"https:\/\/juventudparacristo.net\/portal\/cat\/wp-json\/wp\/v2\/pages\/2935\/revisions"}],"predecessor-version":[{"id":5772,"href":"https:\/\/juventudparacristo.net\/portal\/cat\/wp-json\/wp\/v2\/pages\/2935\/revisions\/5772"}],"wp:attachment":[{"href":"https:\/\/juventudparacristo.net\/portal\/cat\/wp-json\/wp\/v2\/media?parent=2935"}],"curies":[{"name":"wp","href":"https:\/\/api.w.org\/{rel}","templated":true}]}}