{"id":4984,"date":"2021-04-20T10:35:57","date_gmt":"2021-04-20T08:35:57","guid":{"rendered":"http:\/\/www.juventudparacristo.net\/portal\/?page_id=4984"},"modified":"2023-03-18T23:29:24","modified_gmt":"2023-03-18T22:29:24","slug":"politica-de-cookies","status":"publish","type":"page","link":"https:\/\/juventudparacristo.net\/portal\/cat\/politica-de-cookies\/","title":{"rendered":"Pol\u00edtica de Cookies"},"content":{"rendered":"<div class=\"cli_pg_page_contaner\">\n<h3>Acerca de nuestra politica de Cookies<\/h3>\n<div>\n<p>Esta politica de cookies te explica lo que son las cookies, que cookies usamos y como puedes aceptar o rechazar este uso. Debes leer eta politica para entender lo que son las cookies, como las usamos, el tipo de cookies que usamos. Para m\u00e1s informaci\u00f3n acerca de como usamos, almacenamos y mantenemos seguros sus datos personales, ver nuestra <span style=\"color: #0000ff;\"><a style=\"color: #0000ff;\" href=\"https:\/\/juventudparacristo.net\/portal\/cat\/politica-de-privacidad\/\">POL\u00cdTICA DE PRIVACIDAD<\/a>.<\/span><\/p>\n<p>En cualquier momento puedes modificar o rechazar tu consentimiento desde la declaraci\u00f3n de cookies en nuestra pagina web.<\/p>\n<p>Tu consentimiento aplica para los siguientes dominios: <span style=\"color: #0000ff;\"><a style=\"color: #0000ff;\" href=\"https:\/\/juventudparacristo.net\/portal\/cat\/\">www.juventudparacristo.net<\/a><\/span><\/p>\n<\/div>\n<h3>\u00bfQue son las cookies?<\/h3>\n<div>\n<p>Una cookie es un peque\u00f1o fichero de texto que se almacena en su navegador cuando visita casi cualquier p\u00e1gina web. Su utilidad es que la web sea capaz de recordar su visita cuando vuelva a navegar por esa p\u00e1gina. Las cookies suelen almacenar informaci\u00f3n de car\u00e1cter t\u00e9cnico, preferencias personales, personalizaci\u00f3n de contenidos, estad\u00edsticas de uso, enlaces a redes sociales, acceso a cuentas de usuario, etc. El objetivo de la cookie es adaptar el contenido de la web a su perfil y necesidades, sin cookies los servicios ofrecidos por cualquier p\u00e1gina se ver\u00edan mermados notablemente.<\/p>\n<\/div>\n<h3>\u00bfQue tipo de cookies usamos?<\/h3>\n<div>\n<p>Siguiendo las directrices de la Agencia Espa\u00f1ola de Protecci\u00f3n de Datos procedemos a detallar el uso de cookies que hace esta web con el fin de informarle con la m\u00e1xima exactitud posible.<\/p>\n<p>Este sitio web utiliza las siguientes cookies necesarias:<br \/>\nCookies de sesi\u00f3n, para garantizar que los usuarios que escriban comentarios en el blog sean humanos y no aplicaciones automatizadas. De esta forma se combate el spam.<br \/>\nEste sitio web utiliza las siguientes cookies no necesarias:<br \/>\nGoogle Analytics: Almacena cookies para poder elaborar estad\u00edsticas sobre el tr\u00e1fico y volumen de visitas de esta web. Al utilizar este sitio web est\u00e1 consintiendo el tratamiento de informaci\u00f3n acerca de usted por Google. Por tanto, el ejercicio de cualquier derecho en este sentido deber\u00e1 hacerlo comunicando directamente con Google.<br \/>\nRedes sociales: Cada red social utiliza sus propias cookies para que usted pueda pinchar en botones del tipo Me gusta o Compartir.<\/p>\n<h3>En la siguiente lista encontraras detalladas las cookies que usa nuestra web<\/h3>\n<\/div>\n<h3><a href=\"https:\/\/i0.wp.com\/juventudparacristo.net\/portal\/portal\/wp-content\/uploads\/2021\/04\/cookies-1.jpg?ssl=1\"><img data-recalc-dims=\"1\" fetchpriority=\"high\" decoding=\"async\" class=\"alignnone wp-image-6195 size-full\" src=\"https:\/\/i0.wp.com\/juventudparacristo.net\/portal\/portal\/wp-content\/uploads\/2021\/04\/cookies-1.jpg?resize=861%2C203&#038;ssl=1\" alt=\"\" width=\"861\" height=\"203\" srcset=\"https:\/\/i0.wp.com\/juventudparacristo.net\/portal\/wp-content\/uploads\/2021\/04\/cookies-1.jpg?w=861&amp;ssl=1 861w, https:\/\/i0.wp.com\/juventudparacristo.net\/portal\/wp-content\/uploads\/2021\/04\/cookies-1.jpg?resize=300%2C71&amp;ssl=1 300w, https:\/\/i0.wp.com\/juventudparacristo.net\/portal\/wp-content\/uploads\/2021\/04\/cookies-1.jpg?resize=768%2C181&amp;ssl=1 768w\" sizes=\"(max-width: 861px) 100vw, 861px\" \/><\/a><\/h3>\n<h3>\u00bfcomo puedo deshabilitar, rechazar y eliminar cookies?<\/h3>\n<div>\n<p>Si decides cambiar tus preferencias mas tarde en tu sesion de navegaci\u00f3n, puedes hacer click en la pesta\u00f1a de\u00a0 \u00abPrivacidad y Politica de Cookies\u00bb en tu pantalla. Esto desplegar\u00e1 la notificaci\u00f3n de consentimiento nuevamente lo que te permitir\u00e1 cambiar tus preferencias o retractar tu consentimiento.<\/p>\n<p>Adicionalmente, el Usuario puede deshabilitar, rechazar y eliminar las cookies \u2014total o parcialmente\u2014 instaladas en su dispositivo mediante la configuraci\u00f3n de su navegador (entre los que se encuentran, por ejemplo, Chrome, Firefox, Safari, Explorer). En este sentido, los procedimientos para rechazar y eliminar las cookies pueden diferir de un navegador de Internet a otro. En consecuencia, el Usuario debe acudir a las instrucciones facilitadas por el propio navegador de Internet que est\u00e9 utilizando. En el supuesto de que rechace el uso de cookies \u2014total o parcialmente\u2014 podr\u00e1 seguir usando el Sitio Web, si bien podr\u00e1 tener limitada la utilizaci\u00f3n de algunas de las prestaciones del mismo.<\/p>\n<\/div>\n<\/div>","protected":false},"excerpt":{"rendered":"<p>Acerca de nuestra politica de Cookies Esta politica de cookies te explica lo que son las cookies, que cookies usamos y como puedes aceptar o rechazar este uso. Debes leer eta politica para entender lo que son las cookies, como las usamos, el tipo de cookies que usamos. Para m\u00e1s informaci\u00f3n acerca de como usamos, [&hellip;]<\/p>\n","protected":false},"author":3,"featured_media":0,"parent":0,"menu_order":0,"comment_status":"closed","ping_status":"closed","template":"","meta":{"ocean_post_layout":"","ocean_both_sidebars_style":"","ocean_both_sidebars_content_width":0,"ocean_both_sidebars_sidebars_width":0,"ocean_sidebar":"","ocean_second_sidebar":"","ocean_disable_margins":"enable","ocean_add_body_class":"","ocean_shortcode_before_top_bar":"","ocean_shortcode_after_top_bar":"","ocean_shortcode_before_header":"","ocean_shortcode_after_header":"","ocean_has_shortcode":"","ocean_shortcode_after_title":"","ocean_shortcode_before_footer_widgets":"","ocean_shortcode_after_footer_widgets":"","ocean_shortcode_before_footer_bottom":"","ocean_shortcode_after_footer_bottom":"","ocean_display_top_bar":"default","ocean_display_header":"default","ocean_header_style":"","ocean_center_header_left_menu":"","ocean_custom_header_template":"","ocean_custom_logo":0,"ocean_custom_retina_logo":0,"ocean_custom_logo_max_width":0,"ocean_custom_logo_tablet_max_width":0,"ocean_custom_logo_mobile_max_width":0,"ocean_custom_logo_max_height":0,"ocean_custom_logo_tablet_max_height":0,"ocean_custom_logo_mobile_max_height":0,"ocean_header_custom_menu":"","ocean_menu_typo_font_family":"","ocean_menu_typo_font_subset":"","ocean_menu_typo_font_size":0,"ocean_menu_typo_font_size_tablet":0,"ocean_menu_typo_font_size_mobile":0,"ocean_menu_typo_font_size_unit":"px","ocean_menu_typo_font_weight":"","ocean_menu_typo_font_weight_tablet":"","ocean_menu_typo_font_weight_mobile":"","ocean_menu_typo_transform":"","ocean_menu_typo_transform_tablet":"","ocean_menu_typo_transform_mobile":"","ocean_menu_typo_line_height":0,"ocean_menu_typo_line_height_tablet":0,"ocean_menu_typo_line_height_mobile":0,"ocean_menu_typo_line_height_unit":"","ocean_menu_typo_spacing":0,"ocean_menu_typo_spacing_tablet":0,"ocean_menu_typo_spacing_mobile":0,"ocean_menu_typo_spacing_unit":"","ocean_menu_link_color":"","ocean_menu_link_color_hover":"","ocean_menu_link_color_active":"","ocean_menu_link_background":"","ocean_menu_link_hover_background":"","ocean_menu_link_active_background":"","ocean_menu_social_links_bg":"","ocean_menu_social_hover_links_bg":"","ocean_menu_social_links_color":"","ocean_menu_social_hover_links_color":"","ocean_disable_title":"default","ocean_disable_heading":"default","ocean_post_title":"","ocean_post_subheading":"","ocean_post_title_style":"","ocean_post_title_background_color":"","ocean_post_title_background":0,"ocean_post_title_bg_image_position":"","ocean_post_title_bg_image_attachment":"","ocean_post_title_bg_image_repeat":"","ocean_post_title_bg_image_size":"","ocean_post_title_height":0,"ocean_post_title_bg_overlay":0.5,"ocean_post_title_bg_overlay_color":"","ocean_disable_breadcrumbs":"default","ocean_breadcrumbs_color":"","ocean_breadcrumbs_separator_color":"","ocean_breadcrumbs_links_color":"","ocean_breadcrumbs_links_hover_color":"","ocean_display_footer_widgets":"default","ocean_display_footer_bottom":"default","ocean_custom_footer_template":"","footnotes":""},"class_list":["post-4984","page","type-page","status-publish","hentry","entry","owp-thumbs-layout-horizontal","owp-btn-normal","owp-tabs-layout-horizontal","has-no-thumbnails","has-product-nav"],"jetpack_sharing_enabled":true,"_links":{"self":[{"href":"https:\/\/juventudparacristo.net\/portal\/cat\/wp-json\/wp\/v2\/pages\/4984","targetHints":{"allow":["GET"]}}],"collection":[{"href":"https:\/\/juventudparacristo.net\/portal\/cat\/wp-json\/wp\/v2\/pages"}],"about":[{"href":"https:\/\/juventudparacristo.net\/portal\/cat\/wp-json\/wp\/v2\/types\/page"}],"author":[{"embeddable":true,"href":"https:\/\/juventudparacristo.net\/portal\/cat\/wp-json\/wp\/v2\/users\/3"}],"replies":[{"embeddable":true,"href":"https:\/\/juventudparacristo.net\/portal\/cat\/wp-json\/wp\/v2\/comments?post=4984"}],"version-history":[{"count":20,"href":"https:\/\/juventudparacristo.net\/portal\/cat\/wp-json\/wp\/v2\/pages\/4984\/revisions"}],"predecessor-version":[{"id":10330,"href":"https:\/\/juventudparacristo.net\/portal\/cat\/wp-json\/wp\/v2\/pages\/4984\/revisions\/10330"}],"wp:attachment":[{"href":"https:\/\/juventudparacristo.net\/portal\/cat\/wp-json\/wp\/v2\/media?parent=4984"}],"curies":[{"name":"wp","href":"https:\/\/api.w.org\/{rel}","templated":true}]}}