{"id":9444,"date":"2023-01-27T22:36:36","date_gmt":"2023-01-27T21:36:36","guid":{"rendered":"https:\/\/juventudparacristo.net\/portal\/?page_id=9444"},"modified":"2026-02-12T14:03:46","modified_gmt":"2026-02-12T13:03:46","slug":"donativo-mensual-por-domiciliacion-bancaria","status":"publish","type":"page","link":"https:\/\/juventudparacristo.net\/portal\/cat\/donativo-mensual-por-domiciliacion-bancaria\/","title":{"rendered":"Donativo mensual por domiciliaci\u00f3n bancaria"},"content":{"rendered":"<div data-elementor-type=\"wp-page\" data-elementor-id=\"9444\" class=\"elementor elementor-9444\">\n\t\t\t\t\t\t<section class=\"elementor-section elementor-top-section elementor-element elementor-element-30b73c27 elementor-section-boxed elementor-section-height-default elementor-section-height-default\" data-id=\"30b73c27\" data-element_type=\"section\" data-e-type=\"section\">\n\t\t\t\t\t\t<div class=\"elementor-container elementor-column-gap-default\">\n\t\t\t\t\t<div class=\"elementor-column elementor-col-100 elementor-top-column elementor-element elementor-element-2e6a01a7\" data-id=\"2e6a01a7\" data-element_type=\"column\" data-e-type=\"column\">\n\t\t\t<div class=\"elementor-widget-wrap elementor-element-populated\">\n\t\t\t\t\t\t<div class=\"elementor-element elementor-element-ad666d3 elementor-widget elementor-widget-text-editor\" data-id=\"ad666d3\" data-element_type=\"widget\" data-e-type=\"widget\" data-widget_type=\"text-editor.default\">\n\t\t\t\t<div class=\"elementor-widget-container\">\n\t\t\t\t\t\t\t\t\t\n\n\n\n\t\t\t\t\t\t\t\t<\/div>\n\t\t\t\t<\/div>\n\t\t\t\t\t<\/div>\n\t\t<\/div>\n\t\t\t\t\t<\/div>\n\t\t<\/section>\n\t\t\t\t<section class=\"elementor-section elementor-top-section elementor-element elementor-element-36629ce elementor-section-boxed elementor-section-height-default elementor-section-height-default\" data-id=\"36629ce\" data-element_type=\"section\" data-e-type=\"section\">\n\t\t\t\t\t\t<div class=\"elementor-container elementor-column-gap-default\">\n\t\t\t\t\t<div class=\"elementor-column elementor-col-100 elementor-top-column elementor-element elementor-element-8983b2e\" data-id=\"8983b2e\" data-element_type=\"column\" data-e-type=\"column\">\n\t\t\t<div class=\"elementor-widget-wrap elementor-element-populated\">\n\t\t\t\t\t\t<div class=\"elementor-element elementor-element-89ccf45 elementor-widget elementor-widget-html\" data-id=\"89ccf45\" data-element_type=\"widget\" data-e-type=\"widget\" data-widget_type=\"html.default\">\n\t\t\t\t<div class=\"elementor-widget-container\">\n\t\t\t\t\t<iframe src=\"https:\/\/docs.google.com\/forms\/d\/e\/1FAIpQLSd4Df4kNc3Zmc6L4h2wUbg60s8T3T4rwgYpMmV4hKONAI5fQA\/viewform?embedded=true\" width=\"800\" height=\"2132\" frameborder=\"0\" marginheight=\"0\" marginwidth=\"0\">Cargando\u2026<\/iframe>\t\t\t\t<\/div>\n\t\t\t\t<\/div>\n\t\t\t\t\t<\/div>\n\t\t<\/div>\n\t\t\t\t\t<\/div>\n\t\t<\/section>\n\t\t\t\t<section class=\"elementor-section elementor-top-section elementor-element elementor-element-088474f elementor-section-boxed elementor-section-height-default elementor-section-height-default\" data-id=\"088474f\" data-element_type=\"section\" data-e-type=\"section\">\n\t\t\t\t\t\t<div class=\"elementor-container elementor-column-gap-default\">\n\t\t\t\t\t<div class=\"elementor-column elementor-col-100 elementor-top-column elementor-element elementor-element-1a2af4d\" data-id=\"1a2af4d\" data-element_type=\"column\" data-e-type=\"column\">\n\t\t\t<div class=\"elementor-widget-wrap elementor-element-populated\">\n\t\t\t\t\t\t<div class=\"elementor-element elementor-element-299bedb elementor-widget elementor-widget-spacer\" data-id=\"299bedb\" data-element_type=\"widget\" data-e-type=\"widget\" data-widget_type=\"spacer.default\">\n\t\t\t\t<div class=\"elementor-widget-container\">\n\t\t\t\t\t\t\t<div class=\"elementor-spacer\">\n\t\t\t<div class=\"elementor-spacer-inner\"><\/div>\n\t\t<\/div>\n\t\t\t\t\t\t<\/div>\n\t\t\t\t<\/div>\n\t\t\t\t\t<\/div>\n\t\t<\/div>\n\t\t\t\t\t<\/div>\n\t\t<\/section>\n\t\t\t\t<section class=\"elementor-section elementor-top-section elementor-element elementor-element-be0b7b9 elementor-section-boxed elementor-section-height-default elementor-section-height-default\" data-id=\"be0b7b9\" data-element_type=\"section\" data-e-type=\"section\">\n\t\t\t\t\t\t<div class=\"elementor-container elementor-column-gap-default\">\n\t\t\t\t\t<div class=\"elementor-column elementor-col-100 elementor-top-column elementor-element elementor-element-b068f65\" data-id=\"b068f65\" data-element_type=\"column\" data-e-type=\"column\">\n\t\t\t<div class=\"elementor-widget-wrap elementor-element-populated\">\n\t\t\t\t\t\t<div class=\"elementor-element elementor-element-7bfe589 elementor-widget elementor-widget-heading\" data-id=\"7bfe589\" data-element_type=\"widget\" data-e-type=\"widget\" data-widget_type=\"heading.default\">\n\t\t\t\t<div class=\"elementor-widget-container\">\n\t\t\t\t\t<h4 class=\"elementor-heading-title elementor-size-default\">CONSENTIMIENTO PARA EL TRATAMIENTO DE DATOS<\/h4>\t\t\t\t<\/div>\n\t\t\t\t<\/div>\n\t\t\t\t\t<\/div>\n\t\t<\/div>\n\t\t\t\t\t<\/div>\n\t\t<\/section>\n\t\t\t\t<section class=\"elementor-section elementor-top-section elementor-element elementor-element-7330977 elementor-section-boxed elementor-section-height-default elementor-section-height-default\" data-id=\"7330977\" data-element_type=\"section\" data-e-type=\"section\">\n\t\t\t\t\t\t<div class=\"elementor-container elementor-column-gap-default\">\n\t\t\t\t\t<div class=\"elementor-column elementor-col-100 elementor-top-column elementor-element elementor-element-cb291f2\" data-id=\"cb291f2\" data-element_type=\"column\" data-e-type=\"column\">\n\t\t\t<div class=\"elementor-widget-wrap elementor-element-populated\">\n\t\t\t\t\t\t<div class=\"elementor-element elementor-element-e0fa947 elementor-widget elementor-widget-text-editor\" data-id=\"e0fa947\" data-element_type=\"widget\" data-e-type=\"widget\" data-widget_type=\"text-editor.default\">\n\t\t\t\t<div class=\"elementor-widget-container\">\n\t\t\t\t\t\t\t\t\t<p>\u00a0<\/p>\n<p dir=\"ltr\" style=\"line-height: 1.3800000000000001; text-align: justify; margin-top: 0pt; margin-bottom: 10pt;\"><span style=\"font-size: 10pt; font-family: Arial; color: #000000; background-color: transparent; font-weight: bold; font-style: normal; font-variant: normal; text-decoration: none; vertical-align: baseline; white-space: pre-wrap;\">JUVENTUD PARA CRISTO, <\/span><span style=\"font-size: 10pt; font-family: Arial; color: #000000; background-color: transparent; font-weight: 400; font-style: normal; font-variant: normal; text-decoration: none; vertical-align: baseline; white-space: pre-wrap;\">en cumplimiento del Reglamento General de Protecci\u00f3n de Datos \u2013UE-2016\/679 del Parlamento y Consejo de Europa, en su art\u00edculo, 5.1, por la Ley Org\u00e1nica 1\/1982, con la \u00faltima modificaci\u00f3n, el 23\/06\/2010, de protecci\u00f3n civil del derecho al honor la intimidad personal y familiar y por la LOPD 3\/2018, de garant\u00edas de los derechos digitales, en su T\u00edtulo II y sus art\u00edculos. Los datos e imagen personal ser\u00e1n tratados de manera l\u00edcita, leal y transparente en relaci\u00f3n con el interesado. La imagen recogida con finalidades determinadas, expl\u00edcitas y leg\u00edtimas, no ser\u00e1n tratadas ulteriormente de manera incompatible con estas finalidades, teniendo que ser adecuada, pertinente y limitada en relaci\u00f3n con las finalidades por los cuales ser\u00e1 tratada. En el caso de que el Responsable del Tratamiento realice decisiones informatizadas o elabore perfiles con los datos e imagen personal, deber\u00e1 informar al interesado con anterioridad.<\/span><\/p>\n<p dir=\"ltr\" style=\"line-height: 1.3800000000000001; text-align: justify; margin-top: 0pt; margin-bottom: 0pt;\"><span style=\"font-size: 10pt; font-family: Arial; color: #000000; background-color: transparent; font-weight: 400; font-style: normal; font-variant: normal; text-decoration: none; vertical-align: baseline; white-space: pre-wrap;\">El interesado tiene derecho a presentar reclamaciones a la Autoridad de Control. Solo se ceder\u00e1n los datos e imagen del interesado por obligaci\u00f3n legal, para el tratamiento administrativo o por motivos relacionados con el servicio ofrecido por la entidad.<\/span><\/p>\n<p dir=\"ltr\" style=\"line-height: 1.3800000000000001; text-align: justify; margin-top: 0pt; margin-bottom: 10pt;\"><span style=\"font-size: 10pt; font-family: Arial; color: #000000; background-color: transparent; font-weight: 400; font-style: normal; font-variant: normal; text-decoration: none; vertical-align: baseline; white-space: pre-wrap;\">El interesado podr\u00e1 ejercer los derechos de: <\/span><span style=\"font-size: 10pt; font-family: Arial; color: #000000; background-color: transparent; font-weight: bold; font-style: normal; font-variant: normal; text-decoration: none; vertical-align: baseline; white-space: pre-wrap;\">acceso, oposici\u00f3n, rectificaci\u00f3n, supresi\u00f3n, limitaci\u00f3n y portabilidad<\/span><span style=\"font-size: 10pt; font-family: Arial; color: #000000; background-color: transparent; font-weight: 400; font-style: normal; font-variant: normal; text-decoration: none; vertical-align: baseline; white-space: pre-wrap;\">, dirigi\u00e9ndose a <\/span><span style=\"font-size: 10pt; font-family: Arial; color: #000000; background-color: transparent; font-weight: bold; font-style: normal; font-variant: normal; text-decoration: none; vertical-align: baseline; white-space: pre-wrap;\">JUVENTUD PARA CRISTO<\/span><span style=\"font-size: 10pt; font-family: Arial; color: #000000; background-color: transparent; font-weight: 400; font-style: normal; font-variant: normal; text-decoration: none; vertical-align: baseline; white-space: pre-wrap;\">, CIF\/NIF: <\/span><span style=\"font-size: 10.5pt; font-family: 'Helvetica Neue',sans-serif; color: #333333; background-color: #f9f9f9; font-weight: bold; font-style: normal; font-variant: normal; text-decoration: none; vertical-align: baseline; white-space: pre-wrap;\">R0800520I<\/span><span style=\"font-size: 10pt; font-family: Arial; color: #000000; background-color: transparent; font-weight: 400; font-style: normal; font-variant: normal; text-decoration: none; vertical-align: baseline; white-space: pre-wrap;\">:<\/span><\/p>\n<p dir=\"ltr\" style=\"line-height: 1.3800000000000001; text-align: justify; margin-top: 0pt; margin-bottom: 10pt;\"><span style=\"font-size: 10pt; font-family: Arial; color: #000000; background-color: transparent; font-weight: bold; font-style: normal; font-variant: normal; text-decoration: none; vertical-align: baseline; white-space: pre-wrap;\">C\/ VINTI-I-SIS DE GENER 1641 n\u00ba<\/span> <span style=\"font-size: 10pt; font-family: Arial; color: #000000; background-color: transparent; font-weight: bold; font-style: normal; font-variant: normal; text-decoration: none; vertical-align: baseline; white-space: pre-wrap;\">3, bajo local, CP: 08014, Poblaci\u00f3n: BARCELONA, Provincia: BARCELONA<\/span><span style=\"font-size: 10pt; font-family: Arial; color: #000000; background-color: transparent; font-weight: 400; font-style: normal; font-variant: normal; text-decoration: none; vertical-align: baseline; white-space: pre-wrap;\">,<span style=\"text-decoration: underline;\"> anasanchez<\/span><\/span><span style=\"text-decoration: underline;\"><span style=\"font-size: 10pt; font-family: Arial; color: #000000; background-color: transparent; font-weight: 400; font-variant-ligatures: normal; font-variant-caps: normal; font-variant-alternates: normal; font-variant-numeric: normal; font-variant-east-asian: normal; font-variant-position: normal; font-variant-emoji: normal; text-decoration-skip-ink: none; vertical-align: baseline; white-space: pre-wrap; text-decoration: underline;\">@juventudparacristo.net<\/span><span style=\"font-size: 10pt; font-family: Arial; color: #000000; background-color: transparent; font-weight: 400; font-variant-ligatures: normal; font-variant-caps: normal; font-variant-alternates: normal; font-variant-numeric: normal; font-variant-east-asian: normal; font-variant-position: normal; font-variant-emoji: normal; text-decoration: underline; vertical-align: baseline; white-space: pre-wrap;\">.<\/span><\/span><\/p>\n<p>\u00a0<\/p>\n<p dir=\"ltr\" style=\"line-height: 1.3800000000000001; text-align: justify; margin-top: 0pt; margin-bottom: 10pt;\"><span style=\"font-size: 10pt; font-family: Arial; color: #000000; background-color: transparent; font-weight: 400; font-style: normal; font-variant: normal; text-decoration: none; vertical-align: baseline; white-space: pre-wrap;\">El interesado tendr\u00e1 derecho a retirar su consentimiento en cualquier momento. La retirada del consentimiento no afectar\u00e1 a la licitud del tratamiento basada en el consentimiento previo a su retirada.\u00a0<\/span><\/p>\t\t\t\t\t\t\t\t<\/div>\n\t\t\t\t<\/div>\n\t\t\t\t\t<\/div>\n\t\t<\/div>\n\t\t\t\t\t<\/div>\n\t\t<\/section>\n\t\t\t\t<\/div>","protected":false},"excerpt":{"rendered":"<p>Cargando\u2026 CONSENTIMIENTO PARA EL TRATAMIENTO DE DATOS \u00a0 JUVENTUD PARA CRISTO, en cumplimiento del Reglamento General de Protecci\u00f3n de Datos \u2013UE-2016\/679 del Parlamento y Consejo de Europa, en su art\u00edculo, 5.1, por la Ley Org\u00e1nica 1\/1982, con la \u00faltima modificaci\u00f3n, el 23\/06\/2010, de protecci\u00f3n civil del derecho al honor la intimidad personal y familiar y [&hellip;]<\/p>\n","protected":false},"author":3,"featured_media":0,"parent":0,"menu_order":0,"comment_status":"closed","ping_status":"closed","template":"","meta":{"ocean_post_layout":"","ocean_both_sidebars_style":"","ocean_both_sidebars_content_width":0,"ocean_both_sidebars_sidebars_width":0,"ocean_sidebar":"","ocean_second_sidebar":"","ocean_disable_margins":"enable","ocean_add_body_class":"","ocean_shortcode_before_top_bar":"","ocean_shortcode_after_top_bar":"","ocean_shortcode_before_header":"","ocean_shortcode_after_header":"","ocean_has_shortcode":"","ocean_shortcode_after_title":"","ocean_shortcode_before_footer_widgets":"","ocean_shortcode_after_footer_widgets":"","ocean_shortcode_before_footer_bottom":"","ocean_shortcode_after_footer_bottom":"","ocean_display_top_bar":"default","ocean_display_header":"default","ocean_header_style":"","ocean_center_header_left_menu":"","ocean_custom_header_template":"","ocean_custom_logo":0,"ocean_custom_retina_logo":0,"ocean_custom_logo_max_width":0,"ocean_custom_logo_tablet_max_width":0,"ocean_custom_logo_mobile_max_width":0,"ocean_custom_logo_max_height":0,"ocean_custom_logo_tablet_max_height":0,"ocean_custom_logo_mobile_max_height":0,"ocean_header_custom_menu":"","ocean_menu_typo_font_family":"","ocean_menu_typo_font_subset":"","ocean_menu_typo_font_size":0,"ocean_menu_typo_font_size_tablet":0,"ocean_menu_typo_font_size_mobile":0,"ocean_menu_typo_font_size_unit":"px","ocean_menu_typo_font_weight":"","ocean_menu_typo_font_weight_tablet":"","ocean_menu_typo_font_weight_mobile":"","ocean_menu_typo_transform":"","ocean_menu_typo_transform_tablet":"","ocean_menu_typo_transform_mobile":"","ocean_menu_typo_line_height":0,"ocean_menu_typo_line_height_tablet":0,"ocean_menu_typo_line_height_mobile":0,"ocean_menu_typo_line_height_unit":"","ocean_menu_typo_spacing":0,"ocean_menu_typo_spacing_tablet":0,"ocean_menu_typo_spacing_mobile":0,"ocean_menu_typo_spacing_unit":"","ocean_menu_link_color":"","ocean_menu_link_color_hover":"","ocean_menu_link_color_active":"","ocean_menu_link_background":"","ocean_menu_link_hover_background":"","ocean_menu_link_active_background":"","ocean_menu_social_links_bg":"","ocean_menu_social_hover_links_bg":"","ocean_menu_social_links_color":"","ocean_menu_social_hover_links_color":"","ocean_disable_title":"default","ocean_disable_heading":"default","ocean_post_title":"","ocean_post_subheading":"","ocean_post_title_style":"","ocean_post_title_background_color":"","ocean_post_title_background":0,"ocean_post_title_bg_image_position":"","ocean_post_title_bg_image_attachment":"","ocean_post_title_bg_image_repeat":"","ocean_post_title_bg_image_size":"","ocean_post_title_height":0,"ocean_post_title_bg_overlay":0.5,"ocean_post_title_bg_overlay_color":"","ocean_disable_breadcrumbs":"default","ocean_breadcrumbs_color":"","ocean_breadcrumbs_separator_color":"","ocean_breadcrumbs_links_color":"","ocean_breadcrumbs_links_hover_color":"","ocean_display_footer_widgets":"default","ocean_display_footer_bottom":"default","ocean_custom_footer_template":"","footnotes":""},"class_list":["post-9444","page","type-page","status-publish","hentry","entry","owp-thumbs-layout-horizontal","owp-btn-normal","owp-tabs-layout-horizontal","has-no-thumbnails","has-product-nav"],"jetpack_sharing_enabled":true,"_links":{"self":[{"href":"https:\/\/juventudparacristo.net\/portal\/cat\/wp-json\/wp\/v2\/pages\/9444","targetHints":{"allow":["GET"]}}],"collection":[{"href":"https:\/\/juventudparacristo.net\/portal\/cat\/wp-json\/wp\/v2\/pages"}],"about":[{"href":"https:\/\/juventudparacristo.net\/portal\/cat\/wp-json\/wp\/v2\/types\/page"}],"author":[{"embeddable":true,"href":"https:\/\/juventudparacristo.net\/portal\/cat\/wp-json\/wp\/v2\/users\/3"}],"replies":[{"embeddable":true,"href":"https:\/\/juventudparacristo.net\/portal\/cat\/wp-json\/wp\/v2\/comments?post=9444"}],"version-history":[{"count":14,"href":"https:\/\/juventudparacristo.net\/portal\/cat\/wp-json\/wp\/v2\/pages\/9444\/revisions"}],"predecessor-version":[{"id":16917,"href":"https:\/\/juventudparacristo.net\/portal\/cat\/wp-json\/wp\/v2\/pages\/9444\/revisions\/16917"}],"wp:attachment":[{"href":"https:\/\/juventudparacristo.net\/portal\/cat\/wp-json\/wp\/v2\/media?parent=9444"}],"curies":[{"name":"wp","href":"https:\/\/api.w.org\/{rel}","templated":true}]}}