{"id":16415,"date":"2026-01-12T09:51:40","date_gmt":"2026-01-12T08:51:40","guid":{"rendered":"https:\/\/juventudparacristo.net\/portal\/?post_type=product&#038;p=16415"},"modified":"2026-01-27T14:09:23","modified_gmt":"2026-01-27T13:09:23","slug":"worship-camp","status":"publish","type":"product","link":"https:\/\/juventudparacristo.net\/portal\/cat\/producte\/worship-camp\/","title":{"rendered":"Worship camp"},"content":{"rendered":"<p>&#x1f525;\u00a0<strong>\u00bfUn campamento para j\u00f3venes sobre Lev\u00edtico?\u00a0<\/strong>\u00bf\u00a1Qu\u00e9 dices!?<\/p>\n<p>Lev\u00edtico tiene que ser uno de los libros m\u00e1s extra\u00f1os de la Biblia.<br \/>\nHabla de\u00a0<strong>sangre, fuego y tripas<\/strong>\u2026 A primera vista, parece m\u00e1s una pel\u00edcula de terror que otra cosa.<\/p>\n<p>Pero si te atreves a profundizar en sus\u00a0<strong>s\u00edmbolos<\/strong>,\u00a0<strong>leyes extra\u00f1as<\/strong>\u00a0y\u00a0<strong>rituales<\/strong>, descubrir\u00e1s una visi\u00f3n impresionante de Dios y de c\u00f3mo\u00a0<strong>vivir en su presencia<\/strong>.<\/p>\n<p>&#x2728;\u00a0<strong>\u00bfTe atreves?<\/strong><\/p>\n<p><strong>Worship Camp<\/strong>\u00a0es, y ha sido en todas sus ediciones, un espacio para explorar c\u00f3mo responder a la realidad de Dios no solo en las actividades de culto, sino en\u00a0<strong>todas las \u00e1reas de la vida<\/strong>.<\/p>\n<p>Lev\u00edtico nos retar\u00e1 a vislumbrar una\u00a0<strong>nueva dimensi\u00f3n de Dios<\/strong>.<\/p>","protected":false},"excerpt":{"rendered":"<p><b>Horario<\/b><\/p>\n<p><b>Inicio: Domingo 05.07 19:00<\/b><\/p>\n<p><b>Finalizaci\u00f3n: S\u00e1bado 11.07. 11:00<\/b><\/p>\n<p><b>Lloc: Casa de Col\u00f2nies Berea\u00a0<\/b><\/p>\n<p>&nbsp;<\/p>\n<p><b>Preus<\/b><\/p>\n<ul>\n<li aria-level=\"1\"><b>243\u20ac hasta el 15 \u00a0de FEBRERO<\/b><\/li>\n<\/ul>\n<ul>\n<li aria-level=\"1\"><b>253\u20ac hasta el 30 de ABRIL<\/b><\/li>\n<\/ul>\n<ul>\n<li aria-level=\"1\"><b>268\u20ac hasta el 19 de JULIO<\/b><\/li>\n<\/ul>\n<p>&nbsp;<\/p>","protected":false},"featured_media":16346,"comment_status":"closed","ping_status":"closed","template":"","meta":{"ocean_post_layout":"","ocean_both_sidebars_style":"","ocean_both_sidebars_content_width":0,"ocean_both_sidebars_sidebars_width":0,"ocean_sidebar":"0","ocean_second_sidebar":"0","ocean_disable_margins":"enable","ocean_add_body_class":"","ocean_shortcode_before_top_bar":"","ocean_shortcode_after_top_bar":"","ocean_shortcode_before_header":"","ocean_shortcode_after_header":"","ocean_has_shortcode":"","ocean_shortcode_after_title":"","ocean_shortcode_before_footer_widgets":"","ocean_shortcode_after_footer_widgets":"","ocean_shortcode_before_footer_bottom":"","ocean_shortcode_after_footer_bottom":"","ocean_display_top_bar":"default","ocean_display_header":"default","ocean_header_style":"","ocean_center_header_left_menu":"0","ocean_custom_header_template":"0","ocean_custom_logo":0,"ocean_custom_retina_logo":0,"ocean_custom_logo_max_width":0,"ocean_custom_logo_tablet_max_width":0,"ocean_custom_logo_mobile_max_width":0,"ocean_custom_logo_max_height":0,"ocean_custom_logo_tablet_max_height":0,"ocean_custom_logo_mobile_max_height":0,"ocean_header_custom_menu":"0","ocean_menu_typo_font_family":"0","ocean_menu_typo_font_subset":"","ocean_menu_typo_font_size":0,"ocean_menu_typo_font_size_tablet":0,"ocean_menu_typo_font_size_mobile":0,"ocean_menu_typo_font_size_unit":"px","ocean_menu_typo_font_weight":"","ocean_menu_typo_font_weight_tablet":"","ocean_menu_typo_font_weight_mobile":"","ocean_menu_typo_transform":"","ocean_menu_typo_transform_tablet":"","ocean_menu_typo_transform_mobile":"","ocean_menu_typo_line_height":0,"ocean_menu_typo_line_height_tablet":0,"ocean_menu_typo_line_height_mobile":0,"ocean_menu_typo_line_height_unit":"","ocean_menu_typo_spacing":0,"ocean_menu_typo_spacing_tablet":0,"ocean_menu_typo_spacing_mobile":0,"ocean_menu_typo_spacing_unit":"","ocean_menu_link_color":"","ocean_menu_link_color_hover":"","ocean_menu_link_color_active":"","ocean_menu_link_background":"","ocean_menu_link_hover_background":"","ocean_menu_link_active_background":"","ocean_menu_social_links_bg":"","ocean_menu_social_hover_links_bg":"","ocean_menu_social_links_color":"","ocean_menu_social_hover_links_color":"","ocean_disable_title":"default","ocean_disable_heading":"default","ocean_post_title":"","ocean_post_subheading":"","ocean_post_title_style":"","ocean_post_title_background_color":"","ocean_post_title_background":0,"ocean_post_title_bg_image_position":"","ocean_post_title_bg_image_attachment":"","ocean_post_title_bg_image_repeat":"","ocean_post_title_bg_image_size":"","ocean_post_title_height":0,"ocean_post_title_bg_overlay":0.5,"ocean_post_title_bg_overlay_color":"","ocean_disable_breadcrumbs":"default","ocean_breadcrumbs_color":"","ocean_breadcrumbs_separator_color":"","ocean_breadcrumbs_links_color":"","ocean_breadcrumbs_links_hover_color":"","ocean_display_footer_widgets":"default","ocean_display_footer_bottom":"default","ocean_custom_footer_template":"0"},"product_brand":[],"product_cat":[],"product_tag":[],"class_list":{"0":"post-16415","1":"product","2":"type-product","3":"status-publish","4":"has-post-thumbnail","7":"entry","8":"has-media","10":"first","11":"instock","12":"sale","13":"taxable","14":"shipping-taxable","15":"purchasable","16":"product-type-simple","17":"has-product-nav","18":"col","19":"span_1_of_3","20":"owp-content-center","21":"owp-thumbs-layout-horizontal","22":"owp-btn-normal","23":"owp-tabs-layout-horizontal","24":"has-no-thumbnails"},"jetpack_sharing_enabled":true,"_links":{"self":[{"href":"https:\/\/juventudparacristo.net\/portal\/cat\/wp-json\/wp\/v2\/product\/16415","targetHints":{"allow":["GET"]}}],"collection":[{"href":"https:\/\/juventudparacristo.net\/portal\/cat\/wp-json\/wp\/v2\/product"}],"about":[{"href":"https:\/\/juventudparacristo.net\/portal\/cat\/wp-json\/wp\/v2\/types\/product"}],"replies":[{"embeddable":true,"href":"https:\/\/juventudparacristo.net\/portal\/cat\/wp-json\/wp\/v2\/comments?post=16415"}],"wp:featuredmedia":[{"embeddable":true,"href":"https:\/\/juventudparacristo.net\/portal\/cat\/wp-json\/wp\/v2\/media\/16346"}],"wp:attachment":[{"href":"https:\/\/juventudparacristo.net\/portal\/cat\/wp-json\/wp\/v2\/media?parent=16415"}],"wp:term":[{"taxonomy":"product_brand","embeddable":true,"href":"https:\/\/juventudparacristo.net\/portal\/cat\/wp-json\/wp\/v2\/product_brand?post=16415"},{"taxonomy":"product_cat","embeddable":true,"href":"https:\/\/juventudparacristo.net\/portal\/cat\/wp-json\/wp\/v2\/product_cat?post=16415"},{"taxonomy":"product_tag","embeddable":true,"href":"https:\/\/juventudparacristo.net\/portal\/cat\/wp-json\/wp\/v2\/product_tag?post=16415"}],"curies":[{"name":"wp","href":"https:\/\/api.w.org\/{rel}","templated":true}]}}