{"id":16419,"date":"2026-01-12T10:00:25","date_gmt":"2026-01-12T09:00:25","guid":{"rendered":"https:\/\/juventudparacristo.net\/portal\/?post_type=product&#038;p=16419"},"modified":"2026-01-27T14:16:00","modified_gmt":"2026-01-27T13:16:00","slug":"projectlight","status":"publish","type":"product","link":"https:\/\/juventudparacristo.net\/portal\/cat\/producte\/projectlight\/","title":{"rendered":"projectlight"},"content":{"rendered":"<p>&#x1f680;\u00a0<strong>Project Light: \u00a1Una aventura en el espacio!<\/strong><\/p>\n<p>Gracias a los grandes avances tecnol\u00f3gicos, la humanidad se prepara para el pr\u00f3ximo paso:\u00a0<strong>\u00a1el espacio!<\/strong><br \/>\nNuestros chicos y chicas han sido seleccionados para una\u00a0<strong>misi\u00f3n espacial \u00fanica<\/strong>: explorar m\u00e1s all\u00e1 de las estrellas y descubrir nuevos recursos, energ\u00edas y universos a\u00fan desconocidos.<\/p>\n<p>&#x1f6f0; A bordo del\u00a0<strong>Project Light<\/strong>, formar\u00e1n parte de una tripulaci\u00f3n especial: los mejores exploradores y exploradoras de la Tierra, elegidos para esta gran aventura.<br \/>\nDurante una semana vivir\u00e1n\u00a0<strong>misiones, juegos y retos<\/strong>\u00a0que pondr\u00e1n a prueba su valent\u00eda, su trabajo en equipo y su manera de convivir.<\/p>\n<p>&#x2728; La misi\u00f3n dar\u00e1 un giro hacia lo esencial: aprender a\u00a0<strong>vivir como tripulaci\u00f3n<\/strong>, cuidarse unos a otros y valorar lo que ya tenemos, conectando cada experiencia con el\u00a0<strong>amor al pr\u00f3jimo<\/strong>\u00a0y el\u00a0<strong>cuidado de la creaci\u00f3n<\/strong>.<\/p>\n<p>&#x1f30d; Una aventura llena de diversi\u00f3n, descubrimiento y fe, donde aprender\u00e1n que la\u00a0<strong>verdadera luz<\/strong>\u00a0no siempre est\u00e1 m\u00e1s lejos, sino en volver a las bases.<\/p>\n<p>&#x1f449;\u00a0<strong>\u00bfListos para despegar hacia una misi\u00f3n que va m\u00e1s all\u00e1 del espacio?<\/strong><\/p>","protected":false},"excerpt":{"rendered":"<p>Horario<\/p>\n<p>Inicio: Domingo 19.07 19:00<\/p>\n<p>Finalizaci\u00f3n: S\u00e1bado 25.07. 11:00<\/p>\n<p>Lloc: Casa de Col\u00f2nies Berea<\/p>\n<p>Preus<\/p>\n<ul>\n<li aria-level=\"1\">243\u20ac hasta el 15 de FEBRERO<\/li>\n<\/ul>\n<ul>\n<li aria-level=\"1\">253\u20ac hasta el 30 de ABRIL<\/li>\n<\/ul>\n<ul>\n<li aria-level=\"1\">268\u20ac hasta el 19 de JULIO<\/li>\n<\/ul>\n<p>&nbsp;<\/p>","protected":false},"featured_media":16347,"comment_status":"closed","ping_status":"closed","template":"","meta":{"ocean_post_layout":"","ocean_both_sidebars_style":"","ocean_both_sidebars_content_width":0,"ocean_both_sidebars_sidebars_width":0,"ocean_sidebar":"0","ocean_second_sidebar":"0","ocean_disable_margins":"enable","ocean_add_body_class":"","ocean_shortcode_before_top_bar":"","ocean_shortcode_after_top_bar":"","ocean_shortcode_before_header":"","ocean_shortcode_after_header":"","ocean_has_shortcode":"","ocean_shortcode_after_title":"","ocean_shortcode_before_footer_widgets":"","ocean_shortcode_after_footer_widgets":"","ocean_shortcode_before_footer_bottom":"","ocean_shortcode_after_footer_bottom":"","ocean_display_top_bar":"default","ocean_display_header":"default","ocean_header_style":"","ocean_center_header_left_menu":"0","ocean_custom_header_template":"0","ocean_custom_logo":0,"ocean_custom_retina_logo":0,"ocean_custom_logo_max_width":0,"ocean_custom_logo_tablet_max_width":0,"ocean_custom_logo_mobile_max_width":0,"ocean_custom_logo_max_height":0,"ocean_custom_logo_tablet_max_height":0,"ocean_custom_logo_mobile_max_height":0,"ocean_header_custom_menu":"0","ocean_menu_typo_font_family":"0","ocean_menu_typo_font_subset":"","ocean_menu_typo_font_size":0,"ocean_menu_typo_font_size_tablet":0,"ocean_menu_typo_font_size_mobile":0,"ocean_menu_typo_font_size_unit":"px","ocean_menu_typo_font_weight":"","ocean_menu_typo_font_weight_tablet":"","ocean_menu_typo_font_weight_mobile":"","ocean_menu_typo_transform":"","ocean_menu_typo_transform_tablet":"","ocean_menu_typo_transform_mobile":"","ocean_menu_typo_line_height":0,"ocean_menu_typo_line_height_tablet":0,"ocean_menu_typo_line_height_mobile":0,"ocean_menu_typo_line_height_unit":"","ocean_menu_typo_spacing":0,"ocean_menu_typo_spacing_tablet":0,"ocean_menu_typo_spacing_mobile":0,"ocean_menu_typo_spacing_unit":"","ocean_menu_link_color":"","ocean_menu_link_color_hover":"","ocean_menu_link_color_active":"","ocean_menu_link_background":"","ocean_menu_link_hover_background":"","ocean_menu_link_active_background":"","ocean_menu_social_links_bg":"","ocean_menu_social_hover_links_bg":"","ocean_menu_social_links_color":"","ocean_menu_social_hover_links_color":"","ocean_disable_title":"default","ocean_disable_heading":"default","ocean_post_title":"","ocean_post_subheading":"","ocean_post_title_style":"","ocean_post_title_background_color":"","ocean_post_title_background":0,"ocean_post_title_bg_image_position":"","ocean_post_title_bg_image_attachment":"","ocean_post_title_bg_image_repeat":"","ocean_post_title_bg_image_size":"","ocean_post_title_height":0,"ocean_post_title_bg_overlay":0.5,"ocean_post_title_bg_overlay_color":"","ocean_disable_breadcrumbs":"default","ocean_breadcrumbs_color":"","ocean_breadcrumbs_separator_color":"","ocean_breadcrumbs_links_color":"","ocean_breadcrumbs_links_hover_color":"","ocean_display_footer_widgets":"default","ocean_display_footer_bottom":"default","ocean_custom_footer_template":"0"},"product_brand":[],"product_cat":[],"product_tag":[],"class_list":{"0":"post-16419","1":"product","2":"type-product","3":"status-publish","4":"has-post-thumbnail","7":"entry","8":"has-media","10":"first","11":"instock","12":"sale","13":"taxable","14":"shipping-taxable","15":"purchasable","16":"product-type-simple","17":"has-product-nav","18":"col","19":"span_1_of_3","20":"owp-content-center","21":"owp-thumbs-layout-horizontal","22":"owp-btn-normal","23":"owp-tabs-layout-horizontal","24":"has-no-thumbnails"},"jetpack_sharing_enabled":true,"_links":{"self":[{"href":"https:\/\/juventudparacristo.net\/portal\/cat\/wp-json\/wp\/v2\/product\/16419","targetHints":{"allow":["GET"]}}],"collection":[{"href":"https:\/\/juventudparacristo.net\/portal\/cat\/wp-json\/wp\/v2\/product"}],"about":[{"href":"https:\/\/juventudparacristo.net\/portal\/cat\/wp-json\/wp\/v2\/types\/product"}],"replies":[{"embeddable":true,"href":"https:\/\/juventudparacristo.net\/portal\/cat\/wp-json\/wp\/v2\/comments?post=16419"}],"wp:featuredmedia":[{"embeddable":true,"href":"https:\/\/juventudparacristo.net\/portal\/cat\/wp-json\/wp\/v2\/media\/16347"}],"wp:attachment":[{"href":"https:\/\/juventudparacristo.net\/portal\/cat\/wp-json\/wp\/v2\/media?parent=16419"}],"wp:term":[{"taxonomy":"product_brand","embeddable":true,"href":"https:\/\/juventudparacristo.net\/portal\/cat\/wp-json\/wp\/v2\/product_brand?post=16419"},{"taxonomy":"product_cat","embeddable":true,"href":"https:\/\/juventudparacristo.net\/portal\/cat\/wp-json\/wp\/v2\/product_cat?post=16419"},{"taxonomy":"product_tag","embeddable":true,"href":"https:\/\/juventudparacristo.net\/portal\/cat\/wp-json\/wp\/v2\/product_tag?post=16419"}],"curies":[{"name":"wp","href":"https:\/\/api.w.org\/{rel}","templated":true}]}}