{"id":2927,"date":"2013-11-03T10:35:40","date_gmt":"2013-11-03T09:35:40","guid":{"rendered":"http:\/\/www.juventudparacristo.net\/portal\/?page_id=2927"},"modified":"2022-04-14T12:54:02","modified_gmt":"2022-04-14T10:54:02","slug":"proyecto-bulgaria","status":"publish","type":"page","link":"https:\/\/juventudparacristo.net\/portal\/proyecto-bulgaria\/","title":{"rendered":"Proyecto Bulgaria"},"content":{"rendered":"\t\t<div data-elementor-type=\"wp-page\" data-elementor-id=\"2927\" class=\"elementor elementor-2927\">\n\t\t\t\t\t\t<section class=\"elementor-section elementor-top-section elementor-element elementor-element-457d5d74 elementor-section-boxed elementor-section-height-default elementor-section-height-default\" data-id=\"457d5d74\" data-element_type=\"section\" data-e-type=\"section\">\n\t\t\t\t\t\t<div class=\"elementor-container elementor-column-gap-default\">\n\t\t\t\t\t<div class=\"elementor-column elementor-col-100 elementor-top-column elementor-element elementor-element-53e026f8\" data-id=\"53e026f8\" data-element_type=\"column\" data-e-type=\"column\">\n\t\t\t<div class=\"elementor-widget-wrap elementor-element-populated\">\n\t\t\t\t\t\t<div class=\"elementor-element elementor-element-5a6db207 elementor-widget elementor-widget-text-editor\" data-id=\"5a6db207\" data-element_type=\"widget\" data-e-type=\"widget\" data-widget_type=\"text-editor.default\">\n\t\t\t\t<div class=\"elementor-widget-container\">\n\t\t\t\t\t\t\t\t\t<h2><strong>\u00abPREDICAR \u00b7 AMAR \u00b7 CONSTRUIR\u00bb<\/strong><\/h2><p><strong>PLANTAR IGLESIAS DESDE UN MINISTERIO ENTRE J\u00d3VENES\u00bb<\/strong><\/p><p>El ministerio de Juventud para Cristo en Bulgaria empez\u00f3 en 2008 cuando Rub\u00e9n Lafuente se uni\u00f3 a nuestro peque\u00f1o equipo y empez\u00f3 a movilizar a j\u00f3venes para formar equipos evangel\u00edsticos y empezar nuevas iglesias en lugares donde no hab\u00eda otros puntos de testimonio. Desde entonces el equipo se ha consolidado y se han iniciado m\u00e1s de 40 puntos de testimonio.<\/p><p><a href=\"https:\/\/i0.wp.com\/juventudparacristo.net\/portal\/wp-content\/uploads\/2013\/11\/proyecto-bulgaria-3.jpg?ssl=1\"><img fetchpriority=\"high\" decoding=\"async\" data-recalc-dims=\"1\" class=\"alignnone wp-image-3102\" src=\"https:\/\/i0.wp.com\/juventudparacristo.net\/portal\/wp-content\/uploads\/2013\/11\/proyecto-bulgaria-3.jpg?resize=600%2C400&#038;ssl=1\" alt=\"\" width=\"600\" height=\"400\" srcset=\"https:\/\/i0.wp.com\/juventudparacristo.net\/portal\/wp-content\/uploads\/2013\/11\/proyecto-bulgaria-3.jpg?w=960&amp;ssl=1 960w, https:\/\/i0.wp.com\/juventudparacristo.net\/portal\/wp-content\/uploads\/2013\/11\/proyecto-bulgaria-3.jpg?resize=300%2C200&amp;ssl=1 300w\" sizes=\"(max-width: 600px) 100vw, 600px\" \/><\/a><\/p><p>Cada a\u00f1o desde 2008, Juventud para Cristo ha llevado cinco equipos misioneros a Bulgaria para iniciar y apoyar un ministerio entre ni\u00f1os, para participar en el proyecto de plantaci\u00f3n de iglesias y para ayudar en proyectos puntuales de reformas y construcci\u00f3n de nuevas iglesias.<\/p><p><strong>\u00abMINISTERIO INFANTIL\u00bb<\/strong><\/p><p><span style=\"font-size: 1rem;\">Gracias a los viajes misioneros, se ha dado un nuevo empuj\u00f3n al ministerio entre ni\u00f1os, tanto en las iglesias comenzadas por nuestro equipo all\u00ed, como otras iglesias existentes.<\/span><\/p><p><a href=\"https:\/\/i0.wp.com\/juventudparacristo.net\/portal\/wp-content\/uploads\/2021\/03\/ni%C3%B1os.jpg?ssl=1\"><img decoding=\"async\" data-recalc-dims=\"1\" class=\"alignnone wp-image-5914\" src=\"https:\/\/i0.wp.com\/juventudparacristo.net\/portal\/wp-content\/uploads\/2021\/03\/ni%C3%B1os.jpg?resize=800%2C800&#038;ssl=1\" alt=\"\" width=\"800\" height=\"800\" \/><\/a><\/p><p><strong><span style=\"font-size: 1rem;\">PROYECTO DE DESARROLLO COMUNITARIO Y AUTO-FINANCIACI\u00d3N\u00bb <\/span><\/strong><\/p><p><span style=\"font-size: 1rem;\">A ra\u00edz de los viajes misioneros, se ha podido ayudar en diversas tareas para restaurar y arreglar un local que utilizan para j\u00f3venes en la actualidad, asi como otros trabajos de visitar y predicar en distintas iglesias del pa\u00eds.<\/span><\/p><p><strong><span style=\"font-size: 1rem;\">\u00abCAMPAMENTOS Y RETIROS\u00bb <\/span><\/strong><\/p><p><span style=\"font-size: 1rem;\">Siguiendo el modelo visto en Berea, se han iniciado unos campamentos de verano y retiros de fin de semana en los que la asistencia se ha desbordado desde sus inicios. Actualmente, es una herramienta muy efectiva de evangelizaci\u00f3n y discipulado de j\u00f3venes de muchos de los nuevos puntos de misi\u00f3n y de otras iglesias establecidas.<\/span><\/p><p><strong><span style=\"font-size: 1rem;\">\u00abESCUELA DE FORMACI\u00d3N &#8211; EDEN\u00bb <\/span><\/strong><\/p><p><span style=\"font-size: 1rem;\">Para capacitar mejor a los lideres, naci\u00f3 la Escuela ED\u00c9N, la Escuela de Discipulado para la Evangelizaci\u00f3n de las Naciones. La peque\u00f1a oficina de Juventud para Cristo en Yambol se ha reformado para las clases que se reunen tanto por las ma\u00f1anas como por las tardes. Los l\u00edderes formados en este contexto simult\u00e1neamente est\u00e1n haciendo pr\u00e1cticas en el proyecto de plantaci\u00f3n de iglesias.<\/span><\/p><p><a href=\"https:\/\/i0.wp.com\/juventudparacristo.net\/portal\/wp-content\/uploads\/2021\/03\/construccion.jpg?ssl=1\"><img decoding=\"async\" data-recalc-dims=\"1\" class=\"alignnone wp-image-5911\" src=\"https:\/\/i0.wp.com\/juventudparacristo.net\/portal\/wp-content\/uploads\/2021\/03\/construccion.jpg?resize=800%2C800&#038;ssl=1\" alt=\"\" width=\"800\" height=\"800\" srcset=\"https:\/\/i0.wp.com\/juventudparacristo.net\/portal\/wp-content\/uploads\/2021\/03\/construccion.jpg?w=1080&amp;ssl=1 1080w, https:\/\/i0.wp.com\/juventudparacristo.net\/portal\/wp-content\/uploads\/2021\/03\/construccion.jpg?resize=150%2C150&amp;ssl=1 150w, https:\/\/i0.wp.com\/juventudparacristo.net\/portal\/wp-content\/uploads\/2021\/03\/construccion.jpg?resize=300%2C300&amp;ssl=1 300w, https:\/\/i0.wp.com\/juventudparacristo.net\/portal\/wp-content\/uploads\/2021\/03\/construccion.jpg?resize=768%2C768&amp;ssl=1 768w, https:\/\/i0.wp.com\/juventudparacristo.net\/portal\/wp-content\/uploads\/2021\/03\/construccion.jpg?resize=1024%2C1024&amp;ssl=1 1024w, https:\/\/i0.wp.com\/juventudparacristo.net\/portal\/wp-content\/uploads\/2021\/03\/construccion.jpg?resize=600%2C600&amp;ssl=1 600w, https:\/\/i0.wp.com\/juventudparacristo.net\/portal\/wp-content\/uploads\/2021\/03\/construccion.jpg?resize=75%2C75&amp;ssl=1 75w\" sizes=\"(max-width: 800px) 100vw, 800px\" \/><\/a><\/p><p><strong><span style=\"font-size: 1rem;\">\u00ab\u00bfQUIERES SEGUIR SU TRABAJO?\u00bb <\/span><\/strong><\/p><p><strong><span style=\"font-size: 1rem;\">\u00abS\u00edguelos en facebook!\u00bb<\/span><\/strong><\/p><p><span style=\"color: #0000ff;\"><a style=\"color: #0000ff;\" href=\"https:\/\/www.facebook.com\/YFCBulgaria-156344441162356\/\">https:\/\/www.facebook.com\/YFCBulgaria-156344441162356\/<\/a><\/span><\/p><p><strong><span style=\"font-size: 1rem;\">\u00bfQuieres colaborar con nosotros?\u00bb <\/span><\/strong><\/p><p><span style=\"color: #0000ff;\"><a style=\"color: #0000ff;\" href=\"https:\/\/www.teaming.net\/proyectobulgaria\">https:\/\/www.teaming.net\/proyectobulgaria<\/a><\/span><\/p>\t\t\t\t\t\t\t\t<\/div>\n\t\t\t\t<\/div>\n\t\t\t\t\t<\/div>\n\t\t<\/div>\n\t\t\t\t\t<\/div>\n\t\t<\/section>\n\t\t\t\t<\/div>\n\t\t","protected":false},"excerpt":{"rendered":"<p>\u00abPREDICAR \u00b7 AMAR \u00b7 CONSTRUIR\u00bb PLANTAR IGLESIAS DESDE UN MINISTERIO ENTRE J\u00d3VENES\u00bb El ministerio de Juventud para Cristo en Bulgaria empez\u00f3 en 2008 cuando Rub\u00e9n Lafuente se uni\u00f3 a nuestro peque\u00f1o equipo y empez\u00f3 a movilizar a j\u00f3venes para formar equipos evangel\u00edsticos y empezar nuevas iglesias en lugares donde no hab\u00eda otros puntos de testimonio. [&hellip;]<\/p>\n","protected":false},"author":1,"featured_media":0,"parent":0,"menu_order":0,"comment_status":"closed","ping_status":"closed","template":"","meta":{"ocean_post_layout":"","ocean_both_sidebars_style":"","ocean_both_sidebars_content_width":0,"ocean_both_sidebars_sidebars_width":0,"ocean_sidebar":"","ocean_second_sidebar":"","ocean_disable_margins":"enable","ocean_add_body_class":"","ocean_shortcode_before_top_bar":"","ocean_shortcode_after_top_bar":"","ocean_shortcode_before_header":"","ocean_shortcode_after_header":"","ocean_has_shortcode":"","ocean_shortcode_after_title":"","ocean_shortcode_before_footer_widgets":"","ocean_shortcode_after_footer_widgets":"","ocean_shortcode_before_footer_bottom":"","ocean_shortcode_after_footer_bottom":"","ocean_display_top_bar":"default","ocean_display_header":"default","ocean_header_style":"","ocean_center_header_left_menu":"","ocean_custom_header_template":"","ocean_custom_logo":0,"ocean_custom_retina_logo":0,"ocean_custom_logo_max_width":0,"ocean_custom_logo_tablet_max_width":0,"ocean_custom_logo_mobile_max_width":0,"ocean_custom_logo_max_height":0,"ocean_custom_logo_tablet_max_height":0,"ocean_custom_logo_mobile_max_height":0,"ocean_header_custom_menu":"","ocean_menu_typo_font_family":"","ocean_menu_typo_font_subset":"","ocean_menu_typo_font_size":0,"ocean_menu_typo_font_size_tablet":0,"ocean_menu_typo_font_size_mobile":0,"ocean_menu_typo_font_size_unit":"px","ocean_menu_typo_font_weight":"","ocean_menu_typo_font_weight_tablet":"","ocean_menu_typo_font_weight_mobile":"","ocean_menu_typo_transform":"","ocean_menu_typo_transform_tablet":"","ocean_menu_typo_transform_mobile":"","ocean_menu_typo_line_height":0,"ocean_menu_typo_line_height_tablet":0,"ocean_menu_typo_line_height_mobile":0,"ocean_menu_typo_line_height_unit":"","ocean_menu_typo_spacing":0,"ocean_menu_typo_spacing_tablet":0,"ocean_menu_typo_spacing_mobile":0,"ocean_menu_typo_spacing_unit":"","ocean_menu_link_color":"","ocean_menu_link_color_hover":"","ocean_menu_link_color_active":"","ocean_menu_link_background":"","ocean_menu_link_hover_background":"","ocean_menu_link_active_background":"","ocean_menu_social_links_bg":"","ocean_menu_social_hover_links_bg":"","ocean_menu_social_links_color":"","ocean_menu_social_hover_links_color":"","ocean_disable_title":"default","ocean_disable_heading":"default","ocean_post_title":"","ocean_post_subheading":"","ocean_post_title_style":"","ocean_post_title_background_color":"","ocean_post_title_background":0,"ocean_post_title_bg_image_position":"","ocean_post_title_bg_image_attachment":"","ocean_post_title_bg_image_repeat":"","ocean_post_title_bg_image_size":"","ocean_post_title_height":0,"ocean_post_title_bg_overlay":0.5,"ocean_post_title_bg_overlay_color":"","ocean_disable_breadcrumbs":"default","ocean_breadcrumbs_color":"","ocean_breadcrumbs_separator_color":"","ocean_breadcrumbs_links_color":"","ocean_breadcrumbs_links_hover_color":"","ocean_display_footer_widgets":"default","ocean_display_footer_bottom":"default","ocean_custom_footer_template":"","footnotes":""},"class_list":["post-2927","page","type-page","status-publish","hentry","entry","owp-thumbs-layout-horizontal","owp-btn-normal","owp-tabs-layout-horizontal","has-no-thumbnails","has-product-nav"],"jetpack_sharing_enabled":true,"_links":{"self":[{"href":"https:\/\/juventudparacristo.net\/portal\/wp-json\/wp\/v2\/pages\/2927","targetHints":{"allow":["GET"]}}],"collection":[{"href":"https:\/\/juventudparacristo.net\/portal\/wp-json\/wp\/v2\/pages"}],"about":[{"href":"https:\/\/juventudparacristo.net\/portal\/wp-json\/wp\/v2\/types\/page"}],"author":[{"embeddable":true,"href":"https:\/\/juventudparacristo.net\/portal\/wp-json\/wp\/v2\/users\/1"}],"replies":[{"embeddable":true,"href":"https:\/\/juventudparacristo.net\/portal\/wp-json\/wp\/v2\/comments?post=2927"}],"version-history":[{"count":45,"href":"https:\/\/juventudparacristo.net\/portal\/wp-json\/wp\/v2\/pages\/2927\/revisions"}],"predecessor-version":[{"id":7914,"href":"https:\/\/juventudparacristo.net\/portal\/wp-json\/wp\/v2\/pages\/2927\/revisions\/7914"}],"wp:attachment":[{"href":"https:\/\/juventudparacristo.net\/portal\/wp-json\/wp\/v2\/media?parent=2927"}],"curies":[{"name":"wp","href":"https:\/\/api.w.org\/{rel}","templated":true}]}}