{"id":10817,"date":"2023-06-12T12:58:04","date_gmt":"2023-06-12T10:58:04","guid":{"rendered":"https:\/\/juventudparacristo.net\/portal\/?post_type=product&#038;p=10817"},"modified":"2023-06-15T16:33:31","modified_gmt":"2023-06-15T14:33:31","slug":"campamento-de-ingles-game-show-edades-entre-10-y-18-anos","status":"publish","type":"product","link":"https:\/\/juventudparacristo.net\/portal\/producto\/campamento-de-ingles-game-show-edades-entre-10-y-18-anos\/","title":{"rendered":"Campamento de Ingl\u00e9s GAME SHOW 3 campistas descuento 10% 2nd y 3er hermano"},"content":{"rendered":"<div class=\"elementor-element elementor-element-42d26ad elementor-widget elementor-widget-text-editor\" data-id=\"42d26ad\" data-element_type=\"widget\" data-widget_type=\"text-editor.default\">\n<div class=\"elementor-widget-container\">\n<h4>CAMPAMENTO ENTRE 10 Y 18 A\u00d1OS DEL 2 AL 8 DE JULIO<\/h4>\n<\/div>\n<\/div>\n<div class=\"elementor-element elementor-element-2bac0619 elementor-widget elementor-widget-text-editor\" data-id=\"2bac0619\" data-element_type=\"widget\" data-widget_type=\"text-editor.default\">\n<div class=\"elementor-widget-container\">\n<p>English Camp Game Show es el campamento de ingl\u00e9s de este a\u00f1o. Aprenderemos ingl\u00e9s a trav\u00e9s de programas de la tele como Top Chef, America\u2019s got Talent, Survivors, Jeopardy y m\u00e1s. Cada d\u00eda nos disfrazaremos y haremos juegos y actividades relacionados con los diferentes programas de televisi\u00f3n.<\/p>\n<p>English camp es \u00fanico porque cada d\u00eda por la ma\u00f1ana hacemos clases de ingl\u00e9s y ofrecemos una inmersi\u00f3n en el idioma durante el resto del d\u00eda trabajando todo lo aprendido por la ma\u00f1ana. El equipo de monitores est\u00e1 formado por monitores nativos. \u00a1Muchos de ellos vienen cada a\u00f1o desde Inglaterra y Estados Unidos solo para estar en este campamento! Este campamento tambi\u00e9n es especial porque por las tardes hacemos Soul Music: un espacio de conversaci\u00f3n en grupos peque\u00f1os dise\u00f1ado para\u00a0 dialogar sobre distintas visiones del mundo con otros en un ambiente de respeto y amor mutuo. Por este motivo es un campamento ideal para invitar a tus amigos del cole o Instituto.<\/p>\n<p>Este a\u00f1o volvemos a tener a nuestro equipo de americanos de Indiana que vendr\u00e1n a ayudarnos con las actividades, dando su toque americano a toda la experiencia.<\/p>\n<p>Horarios<\/p>\n<p>\u2013 Inicio: Domingo 02.07 19h<\/p>\n<p>\u2013 Finalizaci\u00f3n: S\u00e1bado 08.07 11:00 h<\/p>\n<p>Lugar: Casa de colonias Berea\u00a0<a href=\"https:\/\/berea.cat\/contactar\/\"><strong>\u00bfC\u00f3mo llegar?<\/strong><\/a><\/p>\n<p>Precio<\/p>\n<p>\u2013 220\u20ac<\/p>\n<p>Forma de Pago<\/p>\n<p>El precio del campamento son 220\u20ac\u00a0 . El importe se puede realizar en una de las siguientes cuentas:<\/p>\n<p>\u2013 ES69 0081 0374 5300 0103 1409 (\u201cBanc Sabadell\u201d).<\/p>\n<p>El concepto del ingreso debe ser el nombre del campista + ENGLISH CAMP<\/p>\n<p><strong>Para la reserva de plaza y del precio<\/strong>\u00a0de la fecha indicada se deben abonar 90\u20ac y el resto antes del inicio del campamento o abonar todo el importe directamente. Adem\u00e1s, se debe rellenar el formulario de inscripci\u00f3n online.<\/p>\n<p><strong>Pol\u00edtica de cancelaciones:<\/strong>\u00a0Cualquier notificaci\u00f3n de cancelaci\u00f3n realizada antes del inicio del campamento significar\u00e1 la p\u00e9rdida del 20% del importe del campamento. Si se notifica la baja una vez iniciado el campamento se perder\u00e1 el importe de la reserva (90 euros) aunque el campista no haya asistido al campamento; si la baja se produce despues de haber disfrutado de varios dias de campamento se devolver\u00e1 el importe proporcional a los dias que no se disfrutaron siempre con un minimo de retenci\u00f3n igual al importe de la reserva 90\u20ac. Las bajas se notificar\u00e1n a\u00a0<a href=\"mailto:contacto@openspaceacademy.com\">contacto@openspaceacademy.com<\/a><\/p>\n<h5><strong><a href=\"https:\/\/drive.google.com\/file\/d\/1Q2PIS8WSTvtL295_xlslLJFr2HEDS0wv\/view?usp=sharing\">Autorizaci\u00f3n para menores de edad<\/a><\/strong><\/h5>\n<div>\n<p>Para poder hacer la inscripci\u00f3n, ten a mano la tarjeta sanitaria de tu hijo\/hija y la autorizaci\u00f3n de menores firmada. Y as\u00ed en un solo paso podr\u00e1s rellenar la inscripci\u00f3n y adjuntar los documentos sin necesidad de enviarlos por email.<\/p>\n<p>Precio Especial si vienes a 2 campamentos:\u00a0El primero campamento ser\u00eda a precio normal y el segundo campamento saldr\u00eda a 170 euros.<\/p>\n<p>Precio Especial si vienes con tu herman@:\u00a0Se aplicar\u00eda un 10% de descuento al precio del campamento.<\/p>\n<\/div>\n<\/div>\n<\/div>\n","protected":false},"excerpt":{"rendered":"<p>\u2013 Inicio: Domingo 02.07 19h<\/p>\n<p>\u2013 Finalizaci\u00f3n: S\u00e1bado 08.07 11:00 h<\/p>\n<p>Lugar: Casa de colonias Berea\u00a0<a href=\"https:\/\/berea.cat\/contactar\/\"><strong>\u00bfC\u00f3mo llegar?<\/strong><\/a><\/p>\n<p>Precio<\/p>\n<p>\u2013 220\u20ac<\/p>\n","protected":false},"featured_media":10106,"comment_status":"closed","ping_status":"closed","template":"","meta":{"ocean_post_layout":"","ocean_both_sidebars_style":"","ocean_both_sidebars_content_width":0,"ocean_both_sidebars_sidebars_width":0,"ocean_sidebar":"","ocean_second_sidebar":"","ocean_disable_margins":"enable","ocean_add_body_class":"","ocean_shortcode_before_top_bar":"","ocean_shortcode_after_top_bar":"","ocean_shortcode_before_header":"","ocean_shortcode_after_header":"","ocean_has_shortcode":"","ocean_shortcode_after_title":"","ocean_shortcode_before_footer_widgets":"","ocean_shortcode_after_footer_widgets":"","ocean_shortcode_before_footer_bottom":"","ocean_shortcode_after_footer_bottom":"","ocean_display_top_bar":"default","ocean_display_header":"default","ocean_header_style":"","ocean_center_header_left_menu":"","ocean_custom_header_template":"","ocean_custom_logo":0,"ocean_custom_retina_logo":0,"ocean_custom_logo_max_width":0,"ocean_custom_logo_tablet_max_width":0,"ocean_custom_logo_mobile_max_width":0,"ocean_custom_logo_max_height":0,"ocean_custom_logo_tablet_max_height":0,"ocean_custom_logo_mobile_max_height":0,"ocean_header_custom_menu":"","ocean_menu_typo_font_family":"","ocean_menu_typo_font_subset":"","ocean_menu_typo_font_size":0,"ocean_menu_typo_font_size_tablet":0,"ocean_menu_typo_font_size_mobile":0,"ocean_menu_typo_font_size_unit":"px","ocean_menu_typo_font_weight":"","ocean_menu_typo_font_weight_tablet":"","ocean_menu_typo_font_weight_mobile":"","ocean_menu_typo_transform":"","ocean_menu_typo_transform_tablet":"","ocean_menu_typo_transform_mobile":"","ocean_menu_typo_line_height":0,"ocean_menu_typo_line_height_tablet":0,"ocean_menu_typo_line_height_mobile":0,"ocean_menu_typo_line_height_unit":"","ocean_menu_typo_spacing":0,"ocean_menu_typo_spacing_tablet":0,"ocean_menu_typo_spacing_mobile":0,"ocean_menu_typo_spacing_unit":"","ocean_menu_link_color":"","ocean_menu_link_color_hover":"","ocean_menu_link_color_active":"","ocean_menu_link_background":"","ocean_menu_link_hover_background":"","ocean_menu_link_active_background":"","ocean_menu_social_links_bg":"","ocean_menu_social_hover_links_bg":"","ocean_menu_social_links_color":"","ocean_menu_social_hover_links_color":"","ocean_disable_title":"default","ocean_disable_heading":"default","ocean_post_title":"","ocean_post_subheading":"","ocean_post_title_style":"","ocean_post_title_background_color":"","ocean_post_title_background":0,"ocean_post_title_bg_image_position":"","ocean_post_title_bg_image_attachment":"","ocean_post_title_bg_image_repeat":"","ocean_post_title_bg_image_size":"","ocean_post_title_height":0,"ocean_post_title_bg_overlay":0.5,"ocean_post_title_bg_overlay_color":"","ocean_disable_breadcrumbs":"default","ocean_breadcrumbs_color":"","ocean_breadcrumbs_separator_color":"","ocean_breadcrumbs_links_color":"","ocean_breadcrumbs_links_hover_color":"","ocean_display_footer_widgets":"default","ocean_display_footer_bottom":"default","ocean_custom_footer_template":""},"product_brand":[],"product_cat":[],"product_tag":[],"class_list":{"0":"post-10817","1":"product","2":"type-product","3":"status-publish","4":"has-post-thumbnail","7":"entry","8":"has-media","10":"first","11":"instock","12":"virtual","13":"taxable","14":"purchasable","15":"product-type-simple","16":"has-product-nav","17":"col","18":"span_1_of_3","19":"owp-content-center","20":"owp-thumbs-layout-horizontal","21":"owp-btn-normal","22":"owp-tabs-layout-horizontal","23":"has-no-thumbnails"},"jetpack_sharing_enabled":true,"_links":{"self":[{"href":"https:\/\/juventudparacristo.net\/portal\/wp-json\/wp\/v2\/product\/10817","targetHints":{"allow":["GET"]}}],"collection":[{"href":"https:\/\/juventudparacristo.net\/portal\/wp-json\/wp\/v2\/product"}],"about":[{"href":"https:\/\/juventudparacristo.net\/portal\/wp-json\/wp\/v2\/types\/product"}],"replies":[{"embeddable":true,"href":"https:\/\/juventudparacristo.net\/portal\/wp-json\/wp\/v2\/comments?post=10817"}],"wp:featuredmedia":[{"embeddable":true,"href":"https:\/\/juventudparacristo.net\/portal\/wp-json\/wp\/v2\/media\/10106"}],"wp:attachment":[{"href":"https:\/\/juventudparacristo.net\/portal\/wp-json\/wp\/v2\/media?parent=10817"}],"wp:term":[{"taxonomy":"product_brand","embeddable":true,"href":"https:\/\/juventudparacristo.net\/portal\/wp-json\/wp\/v2\/product_brand?post=10817"},{"taxonomy":"product_cat","embeddable":true,"href":"https:\/\/juventudparacristo.net\/portal\/wp-json\/wp\/v2\/product_cat?post=10817"},{"taxonomy":"product_tag","embeddable":true,"href":"https:\/\/juventudparacristo.net\/portal\/wp-json\/wp\/v2\/product_tag?post=10817"}],"curies":[{"name":"wp","href":"https:\/\/api.w.org\/{rel}","templated":true}]}}