{"id":16420,"date":"2026-01-12T10:03:36","date_gmt":"2026-01-12T09:03:36","guid":{"rendered":"https:\/\/juventudparacristo.net\/portal\/?post_type=product&#038;p=16420"},"modified":"2026-04-04T14:00:25","modified_gmt":"2026-04-04T12:00:25","slug":"tetoca","status":"publish","type":"product","link":"https:\/\/juventudparacristo.net\/portal\/producto\/tetoca\/","title":{"rendered":"Tetoca"},"content":{"rendered":"<p>&#x1f3ae;\u00a0<strong>\u00bfEst\u00e1s listo para tu misi\u00f3n?<\/strong><\/p>\n<p>\u00bfNo sabes si elegir \u201cesto o aquello\u201d? \u00a1Ahora es tu turno de\u00a0<strong>tomar decisiones y ver qu\u00e9 pasa<\/strong>!<\/p>\n<p>En el retiro\u00a0<strong>\u201cTe toca\u201d<\/strong>, cada juego es un reto y cada reto es una elecci\u00f3n.Tendremos aventuras, misiones, desaf\u00edos y competencias donde tus decisiones har\u00e1n la diferencia.<\/p>\n<p>&#x1f9e9; Resuelve acertijos<br \/>\n&#x1f3c3;&#x200d;&#x2642;&#xfe0f; Supera desaf\u00edos<br \/>\n&#x1f3c6; Gana recompensas<br \/>\n&#x2728; Aprende a elegir<\/p>\n<p>&#x1f3d5; Habr\u00e1 aventuras, amigos, risas, sorpresas y momentos incre\u00edbles en Berea.<\/p>\n<p>Cada elecci\u00f3n te ense\u00f1ar\u00e1 algo nuevo sobre ti mismo y sobre c\u00f3mo\u00a0<strong>Dios te gu\u00eda en la vida<\/strong>.<\/p>\n<p>&#x1f449; Vente al\u00a0<strong>retiro de preadolescentes de JPC &#8211;\u00a0<\/strong>\u00a0<strong>\u201cTe toca\u201d<\/strong><\/p>\n","protected":false},"excerpt":{"rendered":"<p><b>Horario<\/b><\/p>\n<p dir=\"ltr\"><strong>Inicio:<\/strong> Viernes 13.03\u00a0 19:00<\/p>\n<p dir=\"ltr\"><strong>Finalizaci\u00f3n:<\/strong> Domingo 15.03\u00a0 15:00<\/p>\n<p><b>Lugar:<\/b> Casa de colonias Berea<\/p>\n<p><b>Precios<\/b><\/p>\n<ul>\n<li dir=\"ltr\">\n<p dir=\"ltr\">63\u20ac hasta el 23 de FEBRERO<\/p>\n<\/li>\n<li dir=\"ltr\">\n<p dir=\"ltr\">68\u20ac hasta el 07 de MARZO<\/p>\n<\/li>\n<\/ul>\n","protected":false},"featured_media":16280,"comment_status":"closed","ping_status":"closed","template":"","meta":{"ocean_post_layout":"","ocean_both_sidebars_style":"","ocean_both_sidebars_content_width":0,"ocean_both_sidebars_sidebars_width":0,"ocean_sidebar":"0","ocean_second_sidebar":"0","ocean_disable_margins":"enable","ocean_add_body_class":"","ocean_shortcode_before_top_bar":"","ocean_shortcode_after_top_bar":"","ocean_shortcode_before_header":"","ocean_shortcode_after_header":"","ocean_has_shortcode":"","ocean_shortcode_after_title":"","ocean_shortcode_before_footer_widgets":"","ocean_shortcode_after_footer_widgets":"","ocean_shortcode_before_footer_bottom":"","ocean_shortcode_after_footer_bottom":"","ocean_display_top_bar":"default","ocean_display_header":"default","ocean_header_style":"","ocean_center_header_left_menu":"0","ocean_custom_header_template":"0","ocean_custom_logo":0,"ocean_custom_retina_logo":0,"ocean_custom_logo_max_width":0,"ocean_custom_logo_tablet_max_width":0,"ocean_custom_logo_mobile_max_width":0,"ocean_custom_logo_max_height":0,"ocean_custom_logo_tablet_max_height":0,"ocean_custom_logo_mobile_max_height":0,"ocean_header_custom_menu":"0","ocean_menu_typo_font_family":"0","ocean_menu_typo_font_subset":"","ocean_menu_typo_font_size":0,"ocean_menu_typo_font_size_tablet":0,"ocean_menu_typo_font_size_mobile":0,"ocean_menu_typo_font_size_unit":"px","ocean_menu_typo_font_weight":"","ocean_menu_typo_font_weight_tablet":"","ocean_menu_typo_font_weight_mobile":"","ocean_menu_typo_transform":"","ocean_menu_typo_transform_tablet":"","ocean_menu_typo_transform_mobile":"","ocean_menu_typo_line_height":0,"ocean_menu_typo_line_height_tablet":0,"ocean_menu_typo_line_height_mobile":0,"ocean_menu_typo_line_height_unit":"","ocean_menu_typo_spacing":0,"ocean_menu_typo_spacing_tablet":0,"ocean_menu_typo_spacing_mobile":0,"ocean_menu_typo_spacing_unit":"","ocean_menu_link_color":"","ocean_menu_link_color_hover":"","ocean_menu_link_color_active":"","ocean_menu_link_background":"","ocean_menu_link_hover_background":"","ocean_menu_link_active_background":"","ocean_menu_social_links_bg":"","ocean_menu_social_hover_links_bg":"","ocean_menu_social_links_color":"","ocean_menu_social_hover_links_color":"","ocean_disable_title":"default","ocean_disable_heading":"default","ocean_post_title":"","ocean_post_subheading":"","ocean_post_title_style":"","ocean_post_title_background_color":"","ocean_post_title_background":0,"ocean_post_title_bg_image_position":"","ocean_post_title_bg_image_attachment":"","ocean_post_title_bg_image_repeat":"","ocean_post_title_bg_image_size":"","ocean_post_title_height":0,"ocean_post_title_bg_overlay":0.5,"ocean_post_title_bg_overlay_color":"","ocean_disable_breadcrumbs":"default","ocean_breadcrumbs_color":"","ocean_breadcrumbs_separator_color":"","ocean_breadcrumbs_links_color":"","ocean_breadcrumbs_links_hover_color":"","ocean_display_footer_widgets":"default","ocean_display_footer_bottom":"default","ocean_custom_footer_template":"0"},"product_brand":[],"product_cat":[],"product_tag":[],"class_list":{"0":"post-16420","1":"product","2":"type-product","3":"status-publish","4":"has-post-thumbnail","7":"entry","8":"has-media","10":"first","11":"instock","12":"taxable","13":"shipping-taxable","14":"purchasable","15":"product-type-simple","16":"has-product-nav","17":"col","18":"span_1_of_3","19":"owp-content-center","20":"owp-thumbs-layout-horizontal","21":"owp-btn-normal","22":"owp-tabs-layout-horizontal","23":"has-no-thumbnails"},"jetpack_sharing_enabled":true,"_links":{"self":[{"href":"https:\/\/juventudparacristo.net\/portal\/wp-json\/wp\/v2\/product\/16420","targetHints":{"allow":["GET"]}}],"collection":[{"href":"https:\/\/juventudparacristo.net\/portal\/wp-json\/wp\/v2\/product"}],"about":[{"href":"https:\/\/juventudparacristo.net\/portal\/wp-json\/wp\/v2\/types\/product"}],"replies":[{"embeddable":true,"href":"https:\/\/juventudparacristo.net\/portal\/wp-json\/wp\/v2\/comments?post=16420"}],"wp:featuredmedia":[{"embeddable":true,"href":"https:\/\/juventudparacristo.net\/portal\/wp-json\/wp\/v2\/media\/16280"}],"wp:attachment":[{"href":"https:\/\/juventudparacristo.net\/portal\/wp-json\/wp\/v2\/media?parent=16420"}],"wp:term":[{"taxonomy":"product_brand","embeddable":true,"href":"https:\/\/juventudparacristo.net\/portal\/wp-json\/wp\/v2\/product_brand?post=16420"},{"taxonomy":"product_cat","embeddable":true,"href":"https:\/\/juventudparacristo.net\/portal\/wp-json\/wp\/v2\/product_cat?post=16420"},{"taxonomy":"product_tag","embeddable":true,"href":"https:\/\/juventudparacristo.net\/portal\/wp-json\/wp\/v2\/product_tag?post=16420"}],"curies":[{"name":"wp","href":"https:\/\/api.w.org\/{rel}","templated":true}]}}